{"id":3080,"date":"2022-05-09T13:34:55","date_gmt":"2022-05-09T13:34:55","guid":{"rendered":"https:\/\/pcia2.com\/parking-easy-pay\/"},"modified":"2023-03-30T15:20:46","modified_gmt":"2023-03-30T15:20:46","slug":"parking-easy-pay","status":"publish","type":"page","link":"https:\/\/pcia2.com\/fr\/parking-easy-pay\/","title":{"rendered":"Parking Easy Pay"},"content":{"rendered":"<p><div class=\"fusion-fullwidth fullwidth-box fusion-builder-row-1 fusion-flex-container nonhundred-percent-fullwidth non-hundred-percent-height-scrolling\" style=\"--awb-border-radius-top-left:0px;--awb-border-radius-top-right:0px;--awb-border-radius-bottom-right:0px;--awb-border-radius-bottom-left:0px;--awb-flex-wrap:wrap;\" ><div class=\"fusion-builder-row fusion-row fusion-flex-align-items-flex-start fusion-flex-content-wrap\" style=\"max-width:1248px;margin-left: calc(-4% \/ 2 );margin-right: calc(-4% \/ 2 );\"><div class=\"fusion-layout-column fusion_builder_column fusion-builder-column-0 fusion_builder_column_2_3 2_3 fusion-flex-column\" style=\"--awb-bg-size:cover;--awb-width-large:66.666666666667%;--awb-margin-top-large:0px;--awb-spacing-right-large:2.88%;--awb-margin-bottom-large:20px;--awb-spacing-left-large:2.88%;--awb-width-medium:66.666666666667%;--awb-order-medium:0;--awb-spacing-right-medium:2.88%;--awb-spacing-left-medium:2.88%;--awb-width-small:100%;--awb-order-small:0;--awb-spacing-right-small:1.92%;--awb-spacing-left-small:1.92%;\"><div class=\"fusion-column-wrapper fusion-column-has-shadow fusion-flex-justify-content-flex-start fusion-content-layout-column\"><div class=\"fusion-text fusion-text-1\"><h2>Une nouvelle option de paiement disponible dans toutes les structures et sur le terrain vague de South Ashley, offerte par l&rsquo;Ann Arbor Downtown Development Authority.<\/h2>\n<\/div><div class=\"fusion-separator\" style=\"align-self: flex-start;margin-right:auto;margin-top:-15px;margin-bottom:20px;width:100%;max-width:60px;\"><div class=\"fusion-separator-border sep-single sep-solid\" style=\"--awb-height:20px;--awb-amount:20px;--awb-sep-color:#d74026;border-color:#d74026;border-top-width:3px;\"><\/div><\/div><div class=\"fusion-text fusion-text-2\"><h3>FAQ<\/h3>\n<\/div><style type=\"text\/css\">.fusion-faqs-wrapper #accordian-1 .fusion-panel { border-color:#e2e2e2; }.fusion-faqs-wrapper #accordian-1 .fusion-panel:hover{ border-color: #e2e2e2; }.fusion-accordian #accordian-1 .panel-title a .fa-fusion-box:before{ font-size: 16px;width: 16px;}.fusion-accordian #accordian-1 .panel-title a .fa-fusion-box{ color: #0b182f;}.fusion-accordian  #accordian-1 .panel-title a{font-family:\"Montserrat\";font-style:normal;font-weight:400;}.fusion-accordian  #accordian-1 .panel-title a:not(:hover){}.fusion-accordian  #accordian-1 .toggle-content{font-family:\"Montserrat\";font-style:normal;font-weight:400;}.fusion-accordian #accordian-1 .panel-title a:hover,.fusion-accordian #accordian-1 .panel-title a.hover { color: #1d4589;}.fusion-faq-shortcode .fusion-accordian #accordian-1 .fusion-toggle-boxed-mode:hover .panel-title a { color: #1d4589;}.fusion-accordian #accordian-1.fusion-toggle-icon-unboxed .panel-title a:hover .fa-fusion-box,.fusion-accordian #accordian-1.fusion-toggle-icon-unboxed .panel-title a.hover .fa-fusion-box { color: #1d4589; }<\/style><div class=\"fusion-faq-shortcode\" style=\"\"><div class=\"fusion-faqs-wrapper\"><div class=\"accordian fusion-accordian\"><div class=\"panel-group  fusion-toggle-icon-unboxed\" id=\"accordian-1\"><div class=\"fusion-panel panel-default fusion-faq-post fusion-faq-post-3562 carte-de-stationnement-easy-pay \"><span class=\"entry-title rich-snippet-hidden\">Qu&rsquo;est-ce qu&rsquo;une carte easy pay ?<\/span><span class=\"vcard rich-snippet-hidden\"><span class=\"fn\"><a href=\"https:\/\/pcia2.com\/fr\/author\/admin\/\" title=\"Articles par admin\" rel=\"author\">admin<\/a><\/span><\/span><span class=\"updated rich-snippet-hidden\">2023-04-03T15:22:38-04:00<\/span><div class=\"panel-heading\"><h4 id=\"faq_1-3562\" class=\"panel-title toggle\"><a data-toggle=\"collapse\" class=\"collapsed\" data-parent=\"#accordian-1\" data-target=\"#collapse-1-3562\" href=\"#collapse-1-3562\" aria-expanded=\"false\"><div class=\"fusion-toggle-icon-wrapper\"><div class=\"fusion-toggle-icon-wrapper-main\"><div class=\"fusion-toggle-icon-wrapper-sub\"><i class=\"fa-fusion-box active-icon awb-icon-minus\" aria-hidden=\"true\"><\/i><i class=\"fa-fusion-box inactive-icon awb-icon-plus\" aria-hidden=\"true\"><\/i><\/div><\/div><\/div><div class=\"fusion-toggle-heading\">Qu&rsquo;est-ce qu&rsquo;une carte easy pay ?<\/div><\/a><\/h4><\/div><div id=\"collapse-1-3562\" aria-labelledby=\"faq_1-3562\" class=\"panel-collapse collapse\"><div class=\"panel-body toggle-content post-content\"><p>Des \u00e9quipements ont \u00e9t\u00e9 install\u00e9s dans toutes les structures et sur le terrain vague de South Ashely pour permettre l&rsquo;utilisation d&rsquo;une carte de proximit\u00e9 \u00e0 valeur stock\u00e9e\/pr\u00e9pay\u00e9e appel\u00e9e Easy Pay Card. Cette carte vous permet de conserver un solde et d&rsquo;entrer\/sortir facilement de la structure, tout en d\u00e9duisant des fonds de la carte au taux horaire standard.<\/p>\n<p>Plusieurs cartes peuvent \u00eatre achet\u00e9es et partager le m\u00eame solde pr\u00e9pay\u00e9 (appel\u00e9 porte-monnaie de l&rsquo;entreprise). Cela permet \u00e0 une entreprise de maintenir et d&rsquo;ajouter de l&rsquo;argent \u00e0 un seul solde.<\/p>\n<\/div><\/div><\/div><div class=\"fusion-panel panel-default fusion-faq-post fusion-faq-post-3565 carte-de-stationnement-easy-pay \"><span class=\"entry-title rich-snippet-hidden\">O\u00f9 peut-on acheter une carte easy pay ?<\/span><span class=\"vcard rich-snippet-hidden\"><span class=\"fn\"><a href=\"https:\/\/pcia2.com\/fr\/author\/admin\/\" title=\"Articles par admin\" rel=\"author\">admin<\/a><\/span><\/span><span class=\"updated rich-snippet-hidden\">2023-04-03T15:22:38-04:00<\/span><div class=\"panel-heading\"><h4 id=\"faq_1-3565\" class=\"panel-title toggle\"><a data-toggle=\"collapse\" class=\"collapsed\" data-parent=\"#accordian-1\" data-target=\"#collapse-1-3565\" href=\"#collapse-1-3565\" aria-expanded=\"false\"><div class=\"fusion-toggle-icon-wrapper\"><div class=\"fusion-toggle-icon-wrapper-main\"><div class=\"fusion-toggle-icon-wrapper-sub\"><i class=\"fa-fusion-box active-icon awb-icon-minus\" aria-hidden=\"true\"><\/i><i class=\"fa-fusion-box inactive-icon awb-icon-plus\" aria-hidden=\"true\"><\/i><\/div><\/div><\/div><div class=\"fusion-toggle-heading\">O\u00f9 peut-on acheter une carte easy pay ?<\/div><\/a><\/h4><\/div><div id=\"collapse-1-3565\" aria-labelledby=\"faq_1-3565\" class=\"panel-collapse collapse\"><div class=\"panel-body toggle-content post-content\"><p>La carte Easy Pay peut \u00eatre achet\u00e9e au bureau des services municipaux du PCI, situ\u00e9 au 324 Maynard Street \u00e0 Ann Arbor, pendant les heures normales d&rsquo;ouverture. Au moment de l&rsquo;achat, le montant que vous souhaitez ajouter \u00e0 la carte vous sera factur\u00e9, ainsi qu&rsquo;une taxe de 10 $ par carte.<\/p>\n<p>Note : Ne pas plier, couper, \u00e9crire ou placer des autocollants sur les cartes. Cela peut r\u00e9duire la capacit\u00e9 des lecteurs \u00e0 d\u00e9tecter la carte (frais de remplacement de 10,00 $).<\/p>\n<\/div><\/div><\/div><div class=\"fusion-panel panel-default fusion-faq-post fusion-faq-post-3669 carte-de-stationnement-easy-pay \"><span class=\"entry-title rich-snippet-hidden\">Comment utiliser une carte easy pay ?<\/span><span class=\"vcard rich-snippet-hidden\"><span class=\"fn\"><a href=\"https:\/\/pcia2.com\/fr\/author\/admin\/\" title=\"Articles par admin\" rel=\"author\">admin<\/a><\/span><\/span><span class=\"updated rich-snippet-hidden\">2022-05-11T13:38:20-04:00<\/span><div class=\"panel-heading\"><h4 id=\"faq_1-3669\" class=\"panel-title toggle\"><a data-toggle=\"collapse\" class=\"collapsed\" data-parent=\"#accordian-1\" data-target=\"#collapse-1-3669\" href=\"#collapse-1-3669\" aria-expanded=\"false\"><div class=\"fusion-toggle-icon-wrapper\"><div class=\"fusion-toggle-icon-wrapper-main\"><div class=\"fusion-toggle-icon-wrapper-sub\"><i class=\"fa-fusion-box active-icon awb-icon-minus\" aria-hidden=\"true\"><\/i><i class=\"fa-fusion-box inactive-icon awb-icon-plus\" aria-hidden=\"true\"><\/i><\/div><\/div><\/div><div class=\"fusion-toggle-heading\">Comment utiliser une carte easy pay ?<\/div><\/a><\/h4><\/div><div id=\"collapse-1-3669\" aria-labelledby=\"faq_1-3669\" class=\"panel-collapse collapse\"><div class=\"panel-body toggle-content post-content\"><p>Apr\u00e8s avoir achet\u00e9 la carte Easy Pay et vous \u00eatre rendu \u00e0 l&#8217;emplacement de votre choix, approchez-vous lentement du distributeur de tickets. Scannez votre carte sur le capteur \u00ab\u00a0KEY CARD HERE\u00a0\u00bb situ\u00e9 en bas \u00e0 droite de l&rsquo;appareil.<\/p>\n<p>Le portail doit se soulever et l&rsquo;\u00e9cran affiche WELCOME : [YOUR NAME]. Une fois que la barri\u00e8re s&rsquo;est compl\u00e8tement lev\u00e9e, tirez vers l&rsquo;avant et continuez \u00e0 rouler jusqu&rsquo;\u00e0 un espace ouvert. Vous n&rsquo;aurez plus besoin de votre carte Easy Pay jusqu&rsquo;\u00e0 ce que vous soyez pr\u00eat \u00e0 sortir.<\/p>\n<p>Il s&rsquo;agit de la m\u00eame proc\u00e9dure que celle que vous utiliserez \u00e0 la sortie. Avancez dans un couloir de sortie, scannez la carte sur le capteur \u00ab\u00a0KEY CARD HERE\u00a0\u00bb de la machine. Le portillon doit se soulever et l&rsquo;\u00e9cran affiche GOODBYE (au revoir), ainsi que la charge actuelle et le solde restant.<\/p>\n<p>Note : La carte Easy Pay doit rester dans l&rsquo;ordre, c&rsquo;est-\u00e0-dire : entr\u00e9e puis sortie. En cas d&rsquo;erreur, la carte peut ne pas fonctionner et vous devrez appuyer sur le bouton d&rsquo;appel \u00e0 l&rsquo;aide du distributeur de billets pour r\u00e9initialiser le laissez-passer. Les r\u00e9initialisations r\u00e9p\u00e9t\u00e9es peuvent entra\u00eener la perte des privil\u00e8ges de stationnement.<\/p>\n<\/div><\/div><\/div><div class=\"fusion-panel panel-default fusion-faq-post fusion-faq-post-3560 carte-de-stationnement-easy-pay \"><span class=\"entry-title rich-snippet-hidden\">Comment recharger la carte easy pay ?<\/span><span class=\"vcard rich-snippet-hidden\"><span class=\"fn\"><a href=\"https:\/\/pcia2.com\/fr\/author\/admin\/\" title=\"Articles par admin\" rel=\"author\">admin<\/a><\/span><\/span><span class=\"updated rich-snippet-hidden\">2023-04-03T15:22:38-04:00<\/span><div class=\"panel-heading\"><h4 id=\"faq_1-3560\" class=\"panel-title toggle\"><a data-toggle=\"collapse\" class=\"collapsed\" data-parent=\"#accordian-1\" data-target=\"#collapse-1-3560\" href=\"#collapse-1-3560\" aria-expanded=\"false\"><div class=\"fusion-toggle-icon-wrapper\"><div class=\"fusion-toggle-icon-wrapper-main\"><div class=\"fusion-toggle-icon-wrapper-sub\"><i class=\"fa-fusion-box active-icon awb-icon-minus\" aria-hidden=\"true\"><\/i><i class=\"fa-fusion-box inactive-icon awb-icon-plus\" aria-hidden=\"true\"><\/i><\/div><\/div><\/div><div class=\"fusion-toggle-heading\">Comment recharger la carte easy pay ?<\/div><\/a><\/h4><\/div><div id=\"collapse-1-3560\" aria-labelledby=\"faq_1-3560\" class=\"panel-collapse collapse\"><div class=\"panel-body toggle-content post-content\"><p>Apr\u00e8s l&rsquo;achat initial, des fonds peuvent \u00eatre ajout\u00e9s \u00e0 la carte en contactant le bureau municipal du stationnement de PCI par t\u00e9l\u00e9phone ou en passant au bureau pour effectuer un paiement en personne.<\/p>\n<p>Note : La carte easy pay ne vous permettra pas d&rsquo;entrer dans la structure si votre solde est inf\u00e9rieur \u00e0 28,80 $.<\/p>\n<p>Pour demander un registre de transactions pour votre carte, veuillez envoyer un courriel au bureau de l&rsquo;administration des services municipaux de PCI \u00e0 l&rsquo;adresse <a href=\"mailto:a2parkingadmin@municipalparking.com\">a2parkingadmin@municipalparking.com<\/a>. Vous devrez fournir le num\u00e9ro de la carte de proximit\u00e9 imprim\u00e9 sur la carte. Ce registre indique tous les pr\u00e9l\u00e8vements et ajouts effectu\u00e9s sur le compte au cours des 90 derniers jours.<\/p>\n<p>&nbsp;<\/p>\n<\/div><\/div><\/div><\/div><\/div><\/div><\/div><\/div><\/div><div class=\"fusion-layout-column fusion_builder_column fusion-builder-column-1 fusion_builder_column_1_3 1_3 fusion-flex-column\" style=\"--awb-bg-size:cover;--awb-width-large:33.333333333333%;--awb-margin-top-large:0px;--awb-spacing-right-large:5.76%;--awb-margin-bottom-large:20px;--awb-spacing-left-large:5.76%;--awb-width-medium:33.333333333333%;--awb-order-medium:0;--awb-spacing-right-medium:5.76%;--awb-spacing-left-medium:5.76%;--awb-width-small:100%;--awb-order-small:0;--awb-spacing-right-small:1.92%;--awb-spacing-left-small:1.92%;\"><div class=\"fusion-column-wrapper fusion-column-has-shadow fusion-flex-justify-content-flex-start fusion-content-layout-column\"><div class=\"fusion-image-element \" style=\"--awb-caption-title-font-family:var(--h2_typography-font-family);--awb-caption-title-font-weight:var(--h2_typography-font-weight);--awb-caption-title-font-style:var(--h2_typography-font-style);--awb-caption-title-size:var(--h2_typography-font-size);--awb-caption-title-transform:var(--h2_typography-text-transform);--awb-caption-title-line-height:var(--h2_typography-line-height);--awb-caption-title-letter-spacing:var(--h2_typography-letter-spacing);\"><span class=\" fusion-imageframe imageframe-dropshadow imageframe-1 hover-type-none\" style=\"-webkit-box-shadow: 3px 3px 7px var(--awb-color7);box-shadow: 3px 3px 7px var(--awb-color7);\"><img decoding=\"async\" width=\"750\" height=\"1000\" alt=\"person using easy pay parking machine \" title=\"ezpay\" src=\"https:\/\/pcia2.com\/wp-content\/uploads\/2022\/07\/ezpay.jpg\" class=\"img-responsive wp-image-2750\" srcset=\"https:\/\/pcia2.com\/wp-content\/uploads\/2022\/07\/ezpay-200x267.jpg 200w, https:\/\/pcia2.com\/wp-content\/uploads\/2022\/07\/ezpay-400x533.jpg 400w, https:\/\/pcia2.com\/wp-content\/uploads\/2022\/07\/ezpay-600x800.jpg 600w, https:\/\/pcia2.com\/wp-content\/uploads\/2022\/07\/ezpay.jpg 750w\" sizes=\"(max-width: 640px) 100vw, 400px\" \/><\/span><\/div><\/div><\/div><\/div><\/div><div class=\"fusion-fullwidth fullwidth-box fusion-builder-row-2 fusion-flex-container nonhundred-percent-fullwidth non-hundred-percent-height-scrolling\" style=\"--awb-border-radius-top-left:0px;--awb-border-radius-top-right:0px;--awb-border-radius-bottom-right:0px;--awb-border-radius-bottom-left:0px;--awb-padding-top:10px;--awb-margin-top:50px;--awb-background-color:#d74026;--awb-flex-wrap:wrap;\" ><div class=\"fusion-builder-row fusion-row fusion-flex-align-items-center fusion-flex-justify-content-center fusion-flex-content-wrap\" style=\"max-width:1248px;margin-left: calc(-4% \/ 2 );margin-right: calc(-4% \/ 2 );\"><div class=\"fusion-layout-column fusion_builder_column fusion-builder-column-2 fusion_builder_column_2_3 2_3 fusion-flex-column\" style=\"--awb-bg-size:cover;--awb-width-large:66.666666666667%;--awb-margin-top-large:0px;--awb-spacing-right-large:2.88%;--awb-margin-bottom-large:20px;--awb-spacing-left-large:2.88%;--awb-width-medium:66.666666666667%;--awb-order-medium:0;--awb-spacing-right-medium:2.88%;--awb-spacing-left-medium:2.88%;--awb-width-small:100%;--awb-order-small:0;--awb-spacing-right-small:1.92%;--awb-spacing-left-small:1.92%;\"><div class=\"fusion-column-wrapper fusion-column-has-shadow fusion-flex-justify-content-flex-start fusion-content-layout-column\"><div class=\"fusion-text fusion-text-3\"><h3><span style=\"color: #ffffff;\">Notre direction met \u00e0 la disposition de nos clients plus de cinq d\u00e9cennies d&rsquo;exp\u00e9rience municipale \u00e9prouv\u00e9e et offre des conseils sur tous les aspects des op\u00e9rations de stationnement hors rue et sur rue.<\/span><\/h3>\n<\/div><\/div><\/div><div class=\"fusion-layout-column fusion_builder_column fusion-builder-column-3 fusion_builder_column_1_3 1_3 fusion-flex-column\" style=\"--awb-bg-size:cover;--awb-width-large:33.333333333333%;--awb-margin-top-large:0px;--awb-spacing-right-large:5.76%;--awb-margin-bottom-large:20px;--awb-spacing-left-large:5.76%;--awb-width-medium:33.333333333333%;--awb-order-medium:0;--awb-spacing-right-medium:5.76%;--awb-spacing-left-medium:5.76%;--awb-width-small:100%;--awb-order-small:0;--awb-spacing-right-small:1.92%;--awb-spacing-left-small:1.92%;\"><div class=\"fusion-column-wrapper fusion-column-has-shadow fusion-flex-justify-content-flex-start fusion-content-layout-column\"><div ><a class=\"fusion-button button-flat fusion-button-default-size button-default fusion-button-default button-1 fusion-button-span-yes fusion-button-default-type\" target=\"_self\" href=\"http:\/\/pcia2.com\/contact-us\/\"><span class=\"fusion-button-text awb-button__text awb-button__text--default\">CONTACTEZ-NOUS<\/span><\/a><\/div><\/div><\/div><\/div><\/div><\/p>\n","protected":false},"excerpt":{"rendered":"","protected":false},"author":1,"featured_media":0,"parent":0,"menu_order":0,"comment_status":"closed","ping_status":"closed","template":"100-width.php","meta":{"footnotes":""},"page_category":[],"class_list":["post-3080","page","type-page","status-publish","hentry"],"_links":{"self":[{"href":"https:\/\/pcia2.com\/fr\/wp-json\/wp\/v2\/pages\/3080","targetHints":{"allow":["GET"]}}],"collection":[{"href":"https:\/\/pcia2.com\/fr\/wp-json\/wp\/v2\/pages"}],"about":[{"href":"https:\/\/pcia2.com\/fr\/wp-json\/wp\/v2\/types\/page"}],"author":[{"embeddable":true,"href":"https:\/\/pcia2.com\/fr\/wp-json\/wp\/v2\/users\/1"}],"replies":[{"embeddable":true,"href":"https:\/\/pcia2.com\/fr\/wp-json\/wp\/v2\/comments?post=3080"}],"version-history":[{"count":1,"href":"https:\/\/pcia2.com\/fr\/wp-json\/wp\/v2\/pages\/3080\/revisions"}],"predecessor-version":[{"id":3115,"href":"https:\/\/pcia2.com\/fr\/wp-json\/wp\/v2\/pages\/3080\/revisions\/3115"}],"wp:attachment":[{"href":"https:\/\/pcia2.com\/fr\/wp-json\/wp\/v2\/media?parent=3080"}],"wp:term":[{"taxonomy":"page_category","embeddable":true,"href":"https:\/\/pcia2.com\/fr\/wp-json\/wp\/v2\/page_category?post=3080"}],"curies":[{"name":"wp","href":"https:\/\/api.w.org\/{rel}","templated":true}]}}