{"id":3063,"date":"2022-05-09T13:59:08","date_gmt":"2022-05-09T13:59:08","guid":{"rendered":"https:\/\/pcia2.com\/annulation-dune-carte-de-stationnement\/"},"modified":"2023-03-30T15:20:42","modified_gmt":"2023-03-30T15:20:42","slug":"annulation-dune-carte-de-stationnement","status":"publish","type":"page","link":"https:\/\/pcia2.com\/fr\/annulation-dune-carte-de-stationnement\/","title":{"rendered":"Annulation d&rsquo;une carte de stationnement"},"content":{"rendered":"<p><div class=\"fusion-fullwidth fullwidth-box fusion-builder-row-1 fusion-flex-container nonhundred-percent-fullwidth non-hundred-percent-height-scrolling\" style=\"--awb-border-radius-top-left:0px;--awb-border-radius-top-right:0px;--awb-border-radius-bottom-right:0px;--awb-border-radius-bottom-left:0px;--awb-padding-top:50px;--awb-padding-bottom:25px;--awb-flex-wrap:wrap;\" ><div class=\"fusion-builder-row fusion-row fusion-flex-align-items-center fusion-flex-justify-content-center fusion-flex-content-wrap\" style=\"max-width:1248px;margin-left: calc(-4% \/ 2 );margin-right: calc(-4% \/ 2 );\"><div class=\"fusion-layout-column fusion_builder_column fusion-builder-column-0 fusion_builder_column_2_3 2_3 fusion-flex-column\" style=\"--awb-bg-size:cover;--awb-width-large:66.666666666667%;--awb-margin-top-large:0px;--awb-spacing-right-large:2.88%;--awb-margin-bottom-large:20px;--awb-spacing-left-large:2.88%;--awb-width-medium:66.666666666667%;--awb-order-medium:0;--awb-spacing-right-medium:2.88%;--awb-spacing-left-medium:2.88%;--awb-width-small:100%;--awb-order-small:0;--awb-spacing-right-small:1.92%;--awb-spacing-left-small:1.92%;\"><div class=\"fusion-column-wrapper fusion-column-has-shadow fusion-flex-justify-content-flex-start fusion-content-layout-column\"><div class=\"fusion-text fusion-text-1\"><h2>Annulation de la carte de stationnement<\/h2>\n<\/div><div class=\"fusion-separator\" style=\"align-self: flex-start;margin-right:auto;margin-top:-15px;margin-bottom:20px;width:100%;max-width:60px;\"><div class=\"fusion-separator-border sep-single sep-solid\" style=\"--awb-height:20px;--awb-amount:20px;--awb-sep-color:#d74026;border-color:#d74026;border-top-width:3px;\"><\/div><\/div><div class=\"fusion-text fusion-text-2\"><p>Les comptes de stationnement mensuel doivent \u00eatre r\u00e9sili\u00e9s par la partie autoris\u00e9e, en envoyant un avis \u00e9crit de changement \u00e0 PCI Municipal Services, soit par courrier, soit par courriel \u00e0 a2parkingadmin@municipalparking.com, soit en utilisant le <a href=\"http:\/\/pcia2.com\/contact-us\/\">formulaire Contactez-nous<\/a>.<\/p>\n<p>Les annulations prennent effet \u00e0 la date indiqu\u00e9e ou d\u00e8s r\u00e9ception par PCI Municipal Services. Les remboursements peuvent \u00eatre trait\u00e9s apr\u00e8s examen de l&rsquo;\u00e9tat du compte et \u00e9mis au prorata de la date de r\u00e9siliation d\u00e9termin\u00e9e par PCI Municipal Services.<\/p>\n<p>En cas d&rsquo;annulation entre le premier jour du mois et le 15, la moiti\u00e9 du tarif mensuel de la carte d&rsquo;acc\u00e8s au parking pour le mois en cours sera rembours\u00e9e. Les dates d&rsquo;entr\u00e9e en vigueur ult\u00e9rieures ne donneront pas lieu \u00e0 un remboursement pour le mois en cours.<\/p>\n<\/div><\/div><\/div><div class=\"fusion-layout-column fusion_builder_column fusion-builder-column-1 fusion_builder_column_1_3 1_3 fusion-flex-column\" style=\"--awb-bg-size:cover;--awb-width-large:33.333333333333%;--awb-margin-top-large:0px;--awb-spacing-right-large:5.76%;--awb-margin-bottom-large:20px;--awb-spacing-left-large:5.76%;--awb-width-medium:33.333333333333%;--awb-order-medium:0;--awb-spacing-right-medium:5.76%;--awb-spacing-left-medium:5.76%;--awb-width-small:100%;--awb-order-small:0;--awb-spacing-right-small:1.92%;--awb-spacing-left-small:1.92%;\"><div class=\"fusion-column-wrapper fusion-column-has-shadow fusion-flex-justify-content-flex-start fusion-content-layout-column\"><div class=\"fusion-image-element \" style=\"--awb-caption-title-font-family:var(--h2_typography-font-family);--awb-caption-title-font-weight:var(--h2_typography-font-weight);--awb-caption-title-font-style:var(--h2_typography-font-style);--awb-caption-title-size:var(--h2_typography-font-size);--awb-caption-title-transform:var(--h2_typography-text-transform);--awb-caption-title-line-height:var(--h2_typography-line-height);--awb-caption-title-letter-spacing:var(--h2_typography-letter-spacing);\"><span class=\" fusion-imageframe imageframe-dropshadow imageframe-1 hover-type-none\" style=\"-webkit-box-shadow: 3px 3px 7px var(--awb-color7);box-shadow: 3px 3px 7px var(--awb-color7);\"><img decoding=\"async\" width=\"500\" height=\"600\" title=\"20121006-IMG_1655-scaled-p1r8s0ow36kbuaj3t12fre6fq87a8c78k75yq5ehdc\" src=\"http:\/\/pcia2.com\/wp-content\/uploads\/2022\/05\/20121006-IMG_1655-scaled-p1r8s0ow36kbuaj3t12fre6fq87a8c78k75yq5ehdc.jpg\" alt class=\"img-responsive wp-image-2545\" srcset=\"https:\/\/pcia2.com\/wp-content\/uploads\/2022\/05\/20121006-IMG_1655-scaled-p1r8s0ow36kbuaj3t12fre6fq87a8c78k75yq5ehdc-200x240.jpg 200w, https:\/\/pcia2.com\/wp-content\/uploads\/2022\/05\/20121006-IMG_1655-scaled-p1r8s0ow36kbuaj3t12fre6fq87a8c78k75yq5ehdc-400x480.jpg 400w, https:\/\/pcia2.com\/wp-content\/uploads\/2022\/05\/20121006-IMG_1655-scaled-p1r8s0ow36kbuaj3t12fre6fq87a8c78k75yq5ehdc.jpg 500w\" sizes=\"(max-width: 640px) 100vw, 400px\" \/><\/span><\/div><\/div><\/div><\/div><\/div><div class=\"fusion-fullwidth fullwidth-box fusion-builder-row-2 fusion-flex-container fusion-parallax-none nonhundred-percent-fullwidth non-hundred-percent-height-scrolling\" style=\"--awb-background-position:center bottom;--awb-background-blend-mode:overlay;--awb-border-radius-top-left:0px;--awb-border-radius-top-right:0px;--awb-border-radius-bottom-right:0px;--awb-border-radius-bottom-left:0px;--awb-padding-top:75px;--awb-padding-bottom:50px;--awb-margin-top:25px;--awb-background-color:#7fb7e2;--awb-background-image:url(&quot;http:\/\/pcia2.com\/wp-content\/uploads\/2022\/05\/whitershutterstock_1907220997.jpg&quot;);--awb-background-size:cover;--awb-flex-wrap:wrap;\" ><div class=\"fusion-builder-row fusion-row fusion-flex-align-items-flex-start fusion-flex-content-wrap\" style=\"max-width:1248px;margin-left: calc(-4% \/ 2 );margin-right: calc(-4% \/ 2 );\"><div class=\"fusion-layout-column fusion_builder_column fusion-builder-column-2 fusion_builder_column_1_1 1_1 fusion-flex-column\" style=\"--awb-bg-size:cover;--awb-width-large:100%;--awb-margin-top-large:0px;--awb-spacing-right-large:1.92%;--awb-margin-bottom-large:20px;--awb-spacing-left-large:1.92%;--awb-width-medium:100%;--awb-order-medium:0;--awb-spacing-right-medium:1.92%;--awb-spacing-left-medium:1.92%;--awb-width-small:100%;--awb-order-small:0;--awb-spacing-right-small:1.92%;--awb-spacing-left-small:1.92%;\"><div class=\"fusion-column-wrapper fusion-column-has-shadow fusion-flex-justify-content-flex-start fusion-content-layout-column\"><div class=\"fusion-text fusion-text-3\" style=\"--awb-text-color:#ffffff;--awb-margin-top:25px;\"><h2>Renvoi de la carte d&rsquo;acc\u00e8s<\/h2>\n<\/div><div class=\"fusion-separator\" style=\"align-self: flex-start;margin-right:auto;margin-top:-15px;margin-bottom:-15px;width:100%;max-width:60px;\"><div class=\"fusion-separator-border sep-single sep-solid\" style=\"--awb-height:20px;--awb-amount:20px;--awb-sep-color:#d74026;border-color:#d74026;border-top-width:3px;\"><\/div><\/div><div class=\"fusion-text fusion-text-4\" style=\"--awb-margin-top:25px;\"><h3>Pour vous faciliter la t\u00e2che, nous vous proposons plusieurs options pour renvoyer la carte.<\/h3>\n<ul>\n<li>En personne \u00e0 notre bureau de Maynard.<\/li>\n<li>Envoyer \u00e0 324 Maynard Street, Ann Arbor, MI 48104.<\/li>\n<li>En le donnant \u00e0 l&rsquo;un de nos caissiers lors de la derni\u00e8re sortie.<\/li>\n<\/ul>\n<\/div><div class=\"fusion-image-element \" style=\"--awb-margin-top:25px;--awb-margin-bottom:25px;--awb-caption-title-font-family:var(--h2_typography-font-family);--awb-caption-title-font-weight:var(--h2_typography-font-weight);--awb-caption-title-font-style:var(--h2_typography-font-style);--awb-caption-title-size:var(--h2_typography-font-size);--awb-caption-title-transform:var(--h2_typography-text-transform);--awb-caption-title-line-height:var(--h2_typography-line-height);--awb-caption-title-letter-spacing:var(--h2_typography-letter-spacing);\"><span class=\" fusion-imageframe imageframe-dropshadow imageframe-2 hover-type-none\" style=\"-webkit-box-shadow: 3px 3px 7px var(--awb-color7);box-shadow: 3px 3px 7px var(--awb-color7);\"><img decoding=\"async\" width=\"2560\" height=\"602\" alt=\"parking ramp and parking lot by PCI\" title=\"webmaynard-new-scaled-p1r8rkqbyepagqdeibz2gdq8oinj5od26malr16tfo\" src=\"http:\/\/pcia2.com\/wp-content\/uploads\/2022\/05\/webmaynard-new-scaled-p1r8rkqbyepagqdeibz2gdq8oinj5od26malr16tfo.jpg\" class=\"img-responsive wp-image-2550\" srcset=\"https:\/\/pcia2.com\/wp-content\/uploads\/2022\/05\/webmaynard-new-scaled-p1r8rkqbyepagqdeibz2gdq8oinj5od26malr16tfo-200x47.jpg 200w, https:\/\/pcia2.com\/wp-content\/uploads\/2022\/05\/webmaynard-new-scaled-p1r8rkqbyepagqdeibz2gdq8oinj5od26malr16tfo-400x94.jpg 400w, https:\/\/pcia2.com\/wp-content\/uploads\/2022\/05\/webmaynard-new-scaled-p1r8rkqbyepagqdeibz2gdq8oinj5od26malr16tfo-600x141.jpg 600w, https:\/\/pcia2.com\/wp-content\/uploads\/2022\/05\/webmaynard-new-scaled-p1r8rkqbyepagqdeibz2gdq8oinj5od26malr16tfo-800x188.jpg 800w, https:\/\/pcia2.com\/wp-content\/uploads\/2022\/05\/webmaynard-new-scaled-p1r8rkqbyepagqdeibz2gdq8oinj5od26malr16tfo-1200x282.jpg 1200w, https:\/\/pcia2.com\/wp-content\/uploads\/2022\/05\/webmaynard-new-scaled-p1r8rkqbyepagqdeibz2gdq8oinj5od26malr16tfo.jpg 2560w\" sizes=\"(max-width: 640px) 100vw, 1200px\" \/><\/span><\/div><\/div><\/div><\/div><\/div><div class=\"fusion-fullwidth fullwidth-box fusion-builder-row-3 fusion-flex-container nonhundred-percent-fullwidth non-hundred-percent-height-scrolling\" style=\"--awb-border-radius-top-left:0px;--awb-border-radius-top-right:0px;--awb-border-radius-bottom-right:0px;--awb-border-radius-bottom-left:0px;--awb-padding-top:10px;--awb-background-color:#d74026;--awb-flex-wrap:wrap;\" ><div class=\"fusion-builder-row fusion-row fusion-flex-align-items-center fusion-flex-justify-content-center fusion-flex-content-wrap\" style=\"max-width:1248px;margin-left: calc(-4% \/ 2 );margin-right: calc(-4% \/ 2 );\"><div class=\"fusion-layout-column fusion_builder_column fusion-builder-column-3 fusion_builder_column_2_3 2_3 fusion-flex-column\" style=\"--awb-bg-size:cover;--awb-width-large:66.666666666667%;--awb-margin-top-large:0px;--awb-spacing-right-large:2.88%;--awb-margin-bottom-large:20px;--awb-spacing-left-large:2.88%;--awb-width-medium:66.666666666667%;--awb-order-medium:0;--awb-spacing-right-medium:2.88%;--awb-spacing-left-medium:2.88%;--awb-width-small:100%;--awb-order-small:0;--awb-spacing-right-small:1.92%;--awb-spacing-left-small:1.92%;\"><div class=\"fusion-column-wrapper fusion-column-has-shadow fusion-flex-justify-content-flex-start fusion-content-layout-column\"><div class=\"fusion-text fusion-text-5\"><h3><span style=\"color: #ffffff;\">Notre direction met \u00e0 la disposition de nos clients plus de cinq d\u00e9cennies d&rsquo;exp\u00e9rience municipale \u00e9prouv\u00e9e et offre des conseils sur tous les aspects des op\u00e9rations de stationnement hors rue et sur rue.<\/span><\/h3>\n<\/div><\/div><\/div><div class=\"fusion-layout-column fusion_builder_column fusion-builder-column-4 fusion_builder_column_1_3 1_3 fusion-flex-column\" style=\"--awb-bg-size:cover;--awb-width-large:33.333333333333%;--awb-margin-top-large:0px;--awb-spacing-right-large:5.76%;--awb-margin-bottom-large:20px;--awb-spacing-left-large:5.76%;--awb-width-medium:33.333333333333%;--awb-order-medium:0;--awb-spacing-right-medium:5.76%;--awb-spacing-left-medium:5.76%;--awb-width-small:100%;--awb-order-small:0;--awb-spacing-right-small:1.92%;--awb-spacing-left-small:1.92%;\"><div class=\"fusion-column-wrapper fusion-column-has-shadow fusion-flex-justify-content-flex-start fusion-content-layout-column\"><div ><a class=\"fusion-button button-flat fusion-button-default-size button-default fusion-button-default button-1 fusion-button-span-yes fusion-button-default-type\" target=\"_self\" href=\"http:\/\/pcia2.com\/contact-us\/\"><span class=\"fusion-button-text awb-button__text awb-button__text--default\">CONTACTEZ-NOUS<\/span><\/a><\/div><\/div><\/div><\/div><\/div><\/p>\n","protected":false},"excerpt":{"rendered":"","protected":false},"author":1,"featured_media":0,"parent":0,"menu_order":0,"comment_status":"closed","ping_status":"closed","template":"100-width.php","meta":{"footnotes":""},"page_category":[],"class_list":["post-3063","page","type-page","status-publish","hentry"],"_links":{"self":[{"href":"https:\/\/pcia2.com\/fr\/wp-json\/wp\/v2\/pages\/3063","targetHints":{"allow":["GET"]}}],"collection":[{"href":"https:\/\/pcia2.com\/fr\/wp-json\/wp\/v2\/pages"}],"about":[{"href":"https:\/\/pcia2.com\/fr\/wp-json\/wp\/v2\/types\/page"}],"author":[{"embeddable":true,"href":"https:\/\/pcia2.com\/fr\/wp-json\/wp\/v2\/users\/1"}],"replies":[{"embeddable":true,"href":"https:\/\/pcia2.com\/fr\/wp-json\/wp\/v2\/comments?post=3063"}],"version-history":[{"count":1,"href":"https:\/\/pcia2.com\/fr\/wp-json\/wp\/v2\/pages\/3063\/revisions"}],"predecessor-version":[{"id":3106,"href":"https:\/\/pcia2.com\/fr\/wp-json\/wp\/v2\/pages\/3063\/revisions\/3106"}],"wp:attachment":[{"href":"https:\/\/pcia2.com\/fr\/wp-json\/wp\/v2\/media?parent=3063"}],"wp:term":[{"taxonomy":"page_category","embeddable":true,"href":"https:\/\/pcia2.com\/fr\/wp-json\/wp\/v2\/page_category?post=3063"}],"curies":[{"name":"wp","href":"https:\/\/api.w.org\/{rel}","templated":true}]}}