{"id":2898,"date":"2022-05-09T12:04:37","date_gmt":"2022-05-09T16:04:37","guid":{"rendered":"https:\/\/pcia2.com\/sacs-pour-compteurs\/"},"modified":"2023-03-30T15:19:46","modified_gmt":"2023-03-30T15:19:46","slug":"sacs-pour-compteurs","status":"publish","type":"page","link":"https:\/\/pcia2.com\/fr\/sacs-pour-compteurs\/","title":{"rendered":"Sacs pour compteurs"},"content":{"rendered":"<p><div class=\"fusion-fullwidth fullwidth-box fusion-builder-row-1 fusion-flex-container nonhundred-percent-fullwidth non-hundred-percent-height-scrolling\" style=\"--awb-border-radius-top-left:0px;--awb-border-radius-top-right:0px;--awb-border-radius-bottom-right:0px;--awb-border-radius-bottom-left:0px;--awb-flex-wrap:wrap;\" ><div class=\"fusion-builder-row fusion-row fusion-flex-align-items-flex-start fusion-flex-content-wrap\" style=\"max-width:1248px;margin-left: calc(-4% \/ 2 );margin-right: calc(-4% \/ 2 );\"><div class=\"fusion-layout-column fusion_builder_column fusion-builder-column-0 fusion_builder_column_1_1 1_1 fusion-flex-column\" style=\"--awb-bg-size:cover;--awb-width-large:100%;--awb-margin-top-large:0px;--awb-spacing-right-large:1.92%;--awb-margin-bottom-large:20px;--awb-spacing-left-large:1.92%;--awb-width-medium:100%;--awb-order-medium:0;--awb-spacing-right-medium:1.92%;--awb-spacing-left-medium:1.92%;--awb-width-small:100%;--awb-order-small:0;--awb-spacing-right-small:1.92%;--awb-spacing-left-small:1.92%;\"><div class=\"fusion-column-wrapper fusion-column-has-shadow fusion-flex-justify-content-flex-start fusion-content-layout-column\"><div class=\"fusion-text fusion-text-1\"><h2>Des sacs \u00e0 compteurs peuvent \u00eatre lou\u00e9s pour aider les v\u00e9hicules commerciaux immatricul\u00e9s \u00e0 se garer pr\u00e8s des chantiers ou lors d&rsquo;\u00e9v\u00e9nements sp\u00e9ciaux.<\/h2>\n<\/div><div class=\"fusion-separator\" style=\"align-self: flex-start;margin-right:auto;margin-top:-15px;margin-bottom:20px;width:100%;max-width:60px;\"><div class=\"fusion-separator-border sep-single sep-solid\" style=\"--awb-height:20px;--awb-amount:20px;--awb-sep-color:#d74026;border-color:#d74026;border-top-width:3px;\"><\/div><\/div><\/div><\/div><div class=\"fusion-layout-column fusion_builder_column fusion-builder-column-1 fusion_builder_column_3_4 3_4 fusion-flex-column\" style=\"--awb-bg-size:cover;--awb-width-large:75%;--awb-margin-top-large:0px;--awb-spacing-right-large:2.56%;--awb-margin-bottom-large:20px;--awb-spacing-left-large:2.56%;--awb-width-medium:75%;--awb-order-medium:0;--awb-spacing-right-medium:2.56%;--awb-spacing-left-medium:2.56%;--awb-width-small:100%;--awb-order-small:0;--awb-spacing-right-small:1.92%;--awb-spacing-left-small:1.92%;\"><div class=\"fusion-column-wrapper fusion-column-has-shadow fusion-flex-justify-content-flex-start fusion-content-layout-column\"><div class=\"fusion-text fusion-text-2\"><p>Les sacs de comptage co\u00fbtent 25 dollars par jour et par espace (d&rsquo;autres frais peuvent s&rsquo;appliquer).<\/p>\n<h3>Pour demander un contrat de sacs de comptage pour un \u00e9v\u00e9nement sp\u00e9cial, veuillez contacter le bureau de Maynard au <a href=\"tel:\/\/7347617235\">(734) 761-7235<\/a>.<\/h3>\n<p><a href=\"https:\/\/pcia2.com\/wp-content\/uploads\/2022\/10\/Fillable-Commercial-Meter-Contract-09.2022.pdf\">T\u00e9l\u00e9charger le formulaire d&rsquo;accord de stationnement pour les v\u00e9hicules utilitaires<\/a><\/p>\n<p>Veuillez nous envoyer le formulaire d\u00fbment rempli \u00e0 l&rsquo;adresse suivante <a href=\"mailto:meterbags@municipalparking.com\">: meterbags@municipalparking.com<\/a>.<\/p>\n<p>Les accords compl\u00e9t\u00e9s peuvent \u00e9galement \u00eatre soumis en personne au bureau de Maynard situ\u00e9 au 324 Maynard Ann Arbor, MI 48104. Les heures d&rsquo;ouverture sont du lundi au vendredi, de 8 heures \u00e0 17 heures.<\/p>\n<p>Les demandeurs seront contact\u00e9s une fois que le service des compteurs aura examin\u00e9 l&rsquo;accord sur la pochette de compteurs qu&rsquo;ils ont soumis. Le paiement peut \u00eatre effectu\u00e9 en appelant le <a href=\"tel:\/\/7347617235\">(734) 761-7235<\/a>. Seules les cartes Visa et MasterCard sont accept\u00e9es.<\/p>\n<\/div><\/div><\/div><div class=\"fusion-layout-column fusion_builder_column fusion-builder-column-2 fusion_builder_column_1_4 1_4 fusion-flex-column\" style=\"--awb-bg-size:cover;--awb-width-large:25%;--awb-margin-top-large:0px;--awb-spacing-right-large:7.68%;--awb-margin-bottom-large:20px;--awb-spacing-left-large:7.68%;--awb-width-medium:25%;--awb-order-medium:0;--awb-spacing-right-medium:7.68%;--awb-spacing-left-medium:7.68%;--awb-width-small:100%;--awb-order-small:0;--awb-spacing-right-small:1.92%;--awb-spacing-left-small:1.92%;\"><div class=\"fusion-column-wrapper fusion-column-has-shadow fusion-flex-justify-content-flex-start fusion-content-layout-column\"><div class=\"fusion-image-element \" style=\"--awb-caption-title-font-family:var(--h2_typography-font-family);--awb-caption-title-font-weight:var(--h2_typography-font-weight);--awb-caption-title-font-style:var(--h2_typography-font-style);--awb-caption-title-size:var(--h2_typography-font-size);--awb-caption-title-transform:var(--h2_typography-text-transform);--awb-caption-title-line-height:var(--h2_typography-line-height);--awb-caption-title-letter-spacing:var(--h2_typography-letter-spacing);\"><span class=\" fusion-imageframe imageframe-dropshadow imageframe-1 hover-type-none\" style=\"-webkit-box-shadow: 3px 3px 7px var(--awb-color7);box-shadow: 3px 3px 7px var(--awb-color7);\"><img decoding=\"async\" width=\"761\" height=\"1024\" title=\"MeterBags\" src=\"http:\/\/pcia2.com\/wp-content\/uploads\/2022\/05\/MeterBags.jpg\" alt class=\"img-responsive wp-image-2480\" srcset=\"https:\/\/pcia2.com\/wp-content\/uploads\/2022\/05\/MeterBags-200x269.jpg 200w, https:\/\/pcia2.com\/wp-content\/uploads\/2022\/05\/MeterBags-400x538.jpg 400w, https:\/\/pcia2.com\/wp-content\/uploads\/2022\/05\/MeterBags-600x807.jpg 600w, https:\/\/pcia2.com\/wp-content\/uploads\/2022\/05\/MeterBags.jpg 761w\" sizes=\"(max-width: 640px) 100vw, 400px\" \/><\/span><\/div><\/div><\/div><\/div><\/div><div class=\"fusion-fullwidth fullwidth-box fusion-builder-row-2 fusion-flex-container fusion-parallax-none nonhundred-percent-fullwidth non-hundred-percent-height-scrolling\" style=\"--awb-background-position:center bottom;--awb-background-blend-mode:overlay;--awb-border-radius-top-left:0px;--awb-border-radius-top-right:0px;--awb-border-radius-bottom-right:0px;--awb-border-radius-bottom-left:0px;--awb-padding-top:75px;--awb-padding-bottom:50px;--awb-margin-top:25px;--awb-background-color:#7fb7e2;--awb-background-image:url(&quot;http:\/\/pcia2.com\/wp-content\/uploads\/2022\/05\/whitershutterstock_1907220997.jpg&quot;);--awb-background-size:cover;--awb-flex-wrap:wrap;\" ><div class=\"fusion-builder-row fusion-row fusion-flex-align-items-flex-start fusion-flex-content-wrap\" style=\"max-width:1248px;margin-left: calc(-4% \/ 2 );margin-right: calc(-4% \/ 2 );\"><div class=\"fusion-layout-column fusion_builder_column fusion-builder-column-3 fusion_builder_column_1_1 1_1 fusion-flex-column\" style=\"--awb-bg-size:cover;--awb-width-large:100%;--awb-margin-top-large:0px;--awb-spacing-right-large:1.92%;--awb-margin-bottom-large:20px;--awb-spacing-left-large:1.92%;--awb-width-medium:100%;--awb-order-medium:0;--awb-spacing-right-medium:1.92%;--awb-spacing-left-medium:1.92%;--awb-width-small:100%;--awb-order-small:0;--awb-spacing-right-small:1.92%;--awb-spacing-left-small:1.92%;\"><div class=\"fusion-column-wrapper fusion-column-has-shadow fusion-flex-justify-content-flex-start fusion-content-layout-column\"><div class=\"fusion-text fusion-text-3\"><p>Pour les \u00e9v\u00e9nements sp\u00e9ciaux, le demandeur doit d\u00e9montrer que les activit\u00e9s sont compl\u00e9mentaires \u00e0 la mission de l&rsquo;ADD de renforcer le centre-ville et d&rsquo;attirer de nouveaux investissements priv\u00e9s. Les conditions du programme doivent \u00eatre remplies avant que la location d&rsquo;un sac de comptage ne soit approuv\u00e9e.<\/p>\n<p>Les services municipaux de PCI appliquent les directives de la DDA pour l&rsquo;\u00e9mission de tout sac de compteur et exigent qu&rsquo;un accord de sac de compteur d\u00fbment rempli soit soumis avec un pr\u00e9avis d&rsquo;au moins deux jours ouvrables.<\/p>\n<\/div><\/div><\/div><\/div><\/div><div class=\"fusion-fullwidth fullwidth-box fusion-builder-row-3 fusion-flex-container nonhundred-percent-fullwidth non-hundred-percent-height-scrolling\" style=\"--awb-border-radius-top-left:0px;--awb-border-radius-top-right:0px;--awb-border-radius-bottom-right:0px;--awb-border-radius-bottom-left:0px;--awb-padding-top:10px;--awb-background-color:#d74026;--awb-flex-wrap:wrap;\" ><div class=\"fusion-builder-row fusion-row fusion-flex-align-items-center fusion-flex-justify-content-center fusion-flex-content-wrap\" style=\"max-width:1248px;margin-left: calc(-4% \/ 2 );margin-right: calc(-4% \/ 2 );\"><div class=\"fusion-layout-column fusion_builder_column fusion-builder-column-4 fusion_builder_column_2_3 2_3 fusion-flex-column\" style=\"--awb-bg-size:cover;--awb-width-large:66.666666666667%;--awb-margin-top-large:0px;--awb-spacing-right-large:2.88%;--awb-margin-bottom-large:20px;--awb-spacing-left-large:2.88%;--awb-width-medium:66.666666666667%;--awb-order-medium:0;--awb-spacing-right-medium:2.88%;--awb-spacing-left-medium:2.88%;--awb-width-small:100%;--awb-order-small:0;--awb-spacing-right-small:1.92%;--awb-spacing-left-small:1.92%;\"><div class=\"fusion-column-wrapper fusion-column-has-shadow fusion-flex-justify-content-flex-start fusion-content-layout-column\"><div class=\"fusion-text fusion-text-4\"><h3><span style=\"color: #ffffff;\">Notre direction met \u00e0 la disposition de nos clients plus de cinq d\u00e9cennies d&rsquo;exp\u00e9rience municipale \u00e9prouv\u00e9e et offre des conseils sur tous les aspects des op\u00e9rations de stationnement hors rue et sur rue.<\/span><\/h3>\n<\/div><\/div><\/div><div class=\"fusion-layout-column fusion_builder_column fusion-builder-column-5 fusion_builder_column_1_3 1_3 fusion-flex-column\" style=\"--awb-bg-size:cover;--awb-width-large:33.333333333333%;--awb-margin-top-large:0px;--awb-spacing-right-large:5.76%;--awb-margin-bottom-large:20px;--awb-spacing-left-large:5.76%;--awb-width-medium:33.333333333333%;--awb-order-medium:0;--awb-spacing-right-medium:5.76%;--awb-spacing-left-medium:5.76%;--awb-width-small:100%;--awb-order-small:0;--awb-spacing-right-small:1.92%;--awb-spacing-left-small:1.92%;\"><div class=\"fusion-column-wrapper fusion-column-has-shadow fusion-flex-justify-content-flex-start fusion-content-layout-column\"><div ><a class=\"fusion-button button-flat fusion-button-default-size button-default fusion-button-default button-1 fusion-button-span-yes fusion-button-default-type\" target=\"_self\" href=\"http:\/\/pcia2.com\/contact-us\/\"><span class=\"fusion-button-text awb-button__text awb-button__text--default\">CONTACTEZ-NOUS<\/span><\/a><\/div><\/div><\/div><\/div><\/div><\/p>\n","protected":false},"excerpt":{"rendered":"","protected":false},"author":1,"featured_media":0,"parent":0,"menu_order":0,"comment_status":"closed","ping_status":"closed","template":"100-width.php","meta":{"footnotes":""},"page_category":[],"class_list":["post-2898","page","type-page","status-publish","hentry"],"_links":{"self":[{"href":"https:\/\/pcia2.com\/fr\/wp-json\/wp\/v2\/pages\/2898","targetHints":{"allow":["GET"]}}],"collection":[{"href":"https:\/\/pcia2.com\/fr\/wp-json\/wp\/v2\/pages"}],"about":[{"href":"https:\/\/pcia2.com\/fr\/wp-json\/wp\/v2\/types\/page"}],"author":[{"embeddable":true,"href":"https:\/\/pcia2.com\/fr\/wp-json\/wp\/v2\/users\/1"}],"replies":[{"embeddable":true,"href":"https:\/\/pcia2.com\/fr\/wp-json\/wp\/v2\/comments?post=2898"}],"version-history":[{"count":1,"href":"https:\/\/pcia2.com\/fr\/wp-json\/wp\/v2\/pages\/2898\/revisions"}],"predecessor-version":[{"id":2931,"href":"https:\/\/pcia2.com\/fr\/wp-json\/wp\/v2\/pages\/2898\/revisions\/2931"}],"wp:attachment":[{"href":"https:\/\/pcia2.com\/fr\/wp-json\/wp\/v2\/media?parent=2898"}],"wp:term":[{"taxonomy":"page_category","embeddable":true,"href":"https:\/\/pcia2.com\/fr\/wp-json\/wp\/v2\/page_category?post=2898"}],"curies":[{"name":"wp","href":"https:\/\/api.w.org\/{rel}","templated":true}]}}