{"id":2895,"date":"2022-05-09T12:11:48","date_gmt":"2022-05-09T16:11:48","guid":{"rendered":"https:\/\/pcia2.com\/tarifs-et-informations-sur-les-permis-de-stationnement\/"},"modified":"2023-08-23T14:12:41","modified_gmt":"2023-08-23T18:12:41","slug":"tarifs-et-informations-sur-les-permis-de-stationnement","status":"publish","type":"page","link":"https:\/\/pcia2.com\/fr\/tarifs-et-informations-sur-les-permis-de-stationnement\/","title":{"rendered":"Tarifs et informations sur les permis de stationnement"},"content":{"rendered":"<p><div class=\"fusion-fullwidth fullwidth-box fusion-builder-row-1 fusion-flex-container nonhundred-percent-fullwidth non-hundred-percent-height-scrolling\" style=\"--awb-border-radius-top-left:0px;--awb-border-radius-top-right:0px;--awb-border-radius-bottom-right:0px;--awb-border-radius-bottom-left:0px;--awb-flex-wrap:wrap;\" ><div class=\"fusion-builder-row fusion-row fusion-flex-align-items-flex-start fusion-flex-content-wrap\" style=\"max-width:1248px;margin-left: calc(-4% \/ 2 );margin-right: calc(-4% \/ 2 );\"><div class=\"fusion-layout-column fusion_builder_column fusion-builder-column-0 fusion_builder_column_1_1 1_1 fusion-flex-column\" style=\"--awb-bg-size:cover;--awb-width-large:100%;--awb-margin-top-large:0px;--awb-spacing-right-large:1.92%;--awb-margin-bottom-large:20px;--awb-spacing-left-large:1.92%;--awb-width-medium:100%;--awb-order-medium:0;--awb-spacing-right-medium:1.92%;--awb-spacing-left-medium:1.92%;--awb-width-small:100%;--awb-order-small:0;--awb-spacing-right-small:1.92%;--awb-spacing-left-small:1.92%;\"><div class=\"fusion-column-wrapper fusion-column-has-shadow fusion-flex-justify-content-flex-start fusion-content-layout-column\"><div class=\"fusion-text fusion-text-1\"><h2>Tarifs mensuels de stationnement<\/h2>\n<\/div><div class=\"fusion-separator\" style=\"align-self: flex-start;margin-right:auto;margin-top:-15px;margin-bottom:0px;width:100%;max-width:60px;\"><div class=\"fusion-separator-border sep-single sep-solid\" style=\"--awb-height:20px;--awb-amount:20px;--awb-sep-color:#d74026;border-color:#d74026;border-top-width:3px;\"><\/div><\/div><div class=\"fusion-text fusion-text-2\"><h3>Des permis de nuit limit\u00e9s sont disponibles \u00e0 certains endroits pour 30 $ par mois. Veuillez nous contacter pour plus d&rsquo;informations.<\/h3>\n<\/div><div class=\"fusion-separator fusion-full-width-sep\" style=\"align-self: center;margin-left: auto;margin-right: auto;margin-top:50px;width:100%;\"><\/div>\n<div class=\"table-2\">\n<table width=\"100%\">\n<thead>\n<tr>\n<th align=\"left\">Parking ouvert<\/th>\n<th align=\"left\">Taux mensuel<\/th>\n<th align=\"left\">Taux r\u00e9serv\u00e9<\/th>\n<\/tr>\n<\/thead>\n<tbody>\n<tr>\n<td align=\"left\"><a href=\"http:\/\/pcia2.com\/1st-william\/\">1er &amp; William<\/a><\/td>\n<td align=\"left\">$160<\/td>\n<td align=\"left\">Non disponible<\/td>\n<\/tr>\n<tr>\n<td align=\"left\"><a href=\"http:\/\/pcia2.com\/415-w-washington\/\">415 W Washington<\/a><\/td>\n<td align=\"left\">$135<\/td>\n<td align=\"left\">Non disponible<\/td>\n<\/tr>\n<\/tbody>\n<\/table>\n<\/div>\n<div class=\"fusion-separator fusion-full-width-sep\" style=\"align-self: center;margin-left: auto;margin-right: auto;margin-top:50px;width:100%;\"><\/div>\n<div class=\"table-2\">\n<table width=\"100%\">\n<thead>\n<tr>\n<th align=\"left\">Parking structur\u00e9<\/th>\n<th align=\"left\">Taux mensuel<\/th>\n<th align=\"left\">Taux r\u00e9serv\u00e9<\/th>\n<\/tr>\n<\/thead>\n<tbody>\n<tr>\n<td align=\"left\"><a href=\"http:\/\/pcia2.com\/1st-washington\/\">1er &amp; Washington<\/a><\/td>\n<td align=\"left\">$200<\/td>\n<td align=\"left\">Non disponible<\/td>\n<\/tr>\n<tr>\n<td align=\"left\">Washington et Quatri\u00e8me<\/td>\n<td align=\"left\">Non disponible<\/td>\n<td align=\"left\">Non disponible<\/td>\n<\/tr>\n<tr>\n<td align=\"left\"><a href=\"http:\/\/pcia2.com\/maynard\/\">Maynard<\/a><\/td>\n<td align=\"left\">$200<\/td>\n<td align=\"left\">$280<\/td>\n<\/tr>\n<tr>\n<td align=\"left\"><a href=\"http:\/\/pcia2.com\/forest\/\">For\u00eat<\/a><\/td>\n<td align=\"left\">$200<\/td>\n<td align=\"left\">Non disponible<\/td>\n<\/tr>\n<tr>\n<td align=\"left\"><a href=\"http:\/\/pcia2.com\/libertysquare\/\">Place de la Libert\u00e9<\/a><\/td>\n<td align=\"left\">$200<\/td>\n<td align=\"left\">$280<\/td>\n<\/tr>\n<tr>\n<td align=\"left\">Ann Ashley<\/td>\n<td align=\"left\">$200<\/td>\n<td align=\"left\">$280<\/td>\n<\/tr>\n<tr>\n<td align=\"left\"><a href=\"https:\/\/pcia2.com\/fr\/voie-de-la-bibliotheque\/\">Voie de la biblioth\u00e8que<\/a><\/td>\n<td align=\"left\">$200<\/td>\n<td align=\"left\">Non disponible<\/td>\n<\/tr>\n<\/tbody>\n<\/table>\n<\/div>\n<div class=\"fusion-text fusion-text-3\" style=\"--awb-margin-top:15px;\"><p>Les prix sont susceptibles d&rsquo;\u00eatre modifi\u00e9s. Veuillez contacter la Downtown Development Authority au (734) 997-1310 pour conna\u00eetre les tarifs en vigueur. Soumettre ce <a href=\"http:\/\/pcia2.com\/contact-us\/\">formulaire en ligne<\/a>. Vous pouvez \u00e9galement soumettre vos demandes \u00e0 Kelley Graves Ann Arbor DDA (734) 997-1310 Email : parking@a2dda.org PCI Municipal Services &#8211; 324 Maynard Street, Ann Arbor, MI 48104<\/p>\n<\/div><\/div><\/div><\/div><\/div><div class=\"fusion-fullwidth fullwidth-box fusion-builder-row-2 fusion-flex-container nonhundred-percent-fullwidth non-hundred-percent-height-scrolling\" style=\"--awb-border-radius-top-left:0px;--awb-border-radius-top-right:0px;--awb-border-radius-bottom-right:0px;--awb-border-radius-bottom-left:0px;--awb-padding-top:10px;--awb-background-color:#d74026;--awb-flex-wrap:wrap;\" ><div class=\"fusion-builder-row fusion-row fusion-flex-align-items-center fusion-flex-justify-content-center fusion-flex-content-wrap\" style=\"max-width:1248px;margin-left: calc(-4% \/ 2 );margin-right: calc(-4% \/ 2 );\"><div class=\"fusion-layout-column fusion_builder_column fusion-builder-column-1 fusion_builder_column_2_3 2_3 fusion-flex-column\" style=\"--awb-bg-size:cover;--awb-width-large:66.666666666667%;--awb-margin-top-large:0px;--awb-spacing-right-large:2.88%;--awb-margin-bottom-large:20px;--awb-spacing-left-large:2.88%;--awb-width-medium:66.666666666667%;--awb-order-medium:0;--awb-spacing-right-medium:2.88%;--awb-spacing-left-medium:2.88%;--awb-width-small:100%;--awb-order-small:0;--awb-spacing-right-small:1.92%;--awb-spacing-left-small:1.92%;\"><div class=\"fusion-column-wrapper fusion-column-has-shadow fusion-flex-justify-content-flex-start fusion-content-layout-column\"><div class=\"fusion-text fusion-text-4\"><h3><span style=\"color: #ffffff;\">Notre direction met \u00e0 la disposition de nos clients plus de cinq d\u00e9cennies d&rsquo;exp\u00e9rience municipale \u00e9prouv\u00e9e et offre des conseils sur tous les aspects des op\u00e9rations de stationnement hors rue et sur rue.<\/span><\/h3>\n<\/div><\/div><\/div><div class=\"fusion-layout-column fusion_builder_column fusion-builder-column-2 fusion_builder_column_1_3 1_3 fusion-flex-column\" style=\"--awb-bg-size:cover;--awb-width-large:33.333333333333%;--awb-margin-top-large:0px;--awb-spacing-right-large:5.76%;--awb-margin-bottom-large:20px;--awb-spacing-left-large:5.76%;--awb-width-medium:33.333333333333%;--awb-order-medium:0;--awb-spacing-right-medium:5.76%;--awb-spacing-left-medium:5.76%;--awb-width-small:100%;--awb-order-small:0;--awb-spacing-right-small:1.92%;--awb-spacing-left-small:1.92%;\"><div class=\"fusion-column-wrapper fusion-column-has-shadow fusion-flex-justify-content-flex-start fusion-content-layout-column\"><div ><a class=\"fusion-button button-flat fusion-button-default-size button-default fusion-button-default button-1 fusion-button-span-yes fusion-button-default-type\" target=\"_self\" href=\"http:\/\/pcia2.com\/contact-us\/\"><span class=\"fusion-button-text awb-button__text awb-button__text--default\">CONTACTEZ-NOUS<\/span><\/a><\/div><\/div><\/div><\/div><\/div><\/p>\n","protected":false},"excerpt":{"rendered":"","protected":false},"author":1,"featured_media":0,"parent":0,"menu_order":0,"comment_status":"closed","ping_status":"closed","template":"100-width.php","meta":{"footnotes":""},"page_category":[],"class_list":["post-2895","page","type-page","status-publish","hentry"],"_links":{"self":[{"href":"https:\/\/pcia2.com\/fr\/wp-json\/wp\/v2\/pages\/2895","targetHints":{"allow":["GET"]}}],"collection":[{"href":"https:\/\/pcia2.com\/fr\/wp-json\/wp\/v2\/pages"}],"about":[{"href":"https:\/\/pcia2.com\/fr\/wp-json\/wp\/v2\/types\/page"}],"author":[{"embeddable":true,"href":"https:\/\/pcia2.com\/fr\/wp-json\/wp\/v2\/users\/1"}],"replies":[{"embeddable":true,"href":"https:\/\/pcia2.com\/fr\/wp-json\/wp\/v2\/comments?post=2895"}],"version-history":[{"count":11,"href":"https:\/\/pcia2.com\/fr\/wp-json\/wp\/v2\/pages\/2895\/revisions"}],"predecessor-version":[{"id":5273,"href":"https:\/\/pcia2.com\/fr\/wp-json\/wp\/v2\/pages\/2895\/revisions\/5273"}],"wp:attachment":[{"href":"https:\/\/pcia2.com\/fr\/wp-json\/wp\/v2\/media?parent=2895"}],"wp:term":[{"taxonomy":"page_category","embeddable":true,"href":"https:\/\/pcia2.com\/fr\/wp-json\/wp\/v2\/page_category?post=2895"}],"curies":[{"name":"wp","href":"https:\/\/api.w.org\/{rel}","templated":true}]}}