{"id":2878,"date":"2022-05-06T14:15:58","date_gmt":"2022-05-06T18:15:58","guid":{"rendered":"https:\/\/pcia2.com\/chargement-des-ve\/"},"modified":"2023-08-22T14:48:46","modified_gmt":"2023-08-22T18:48:46","slug":"chargement-des-ve","status":"publish","type":"page","link":"https:\/\/pcia2.com\/fr\/chargement-des-ve\/","title":{"rendered":"Chargement des VE"},"content":{"rendered":"<p><div class=\"fusion-fullwidth fullwidth-box fusion-builder-row-1 fusion-flex-container nonhundred-percent-fullwidth non-hundred-percent-height-scrolling\" style=\"--awb-border-radius-top-left:0px;--awb-border-radius-top-right:0px;--awb-border-radius-bottom-right:0px;--awb-border-radius-bottom-left:0px;--awb-flex-wrap:wrap;\" ><div class=\"fusion-builder-row fusion-row fusion-flex-align-items-flex-start fusion-flex-content-wrap\" style=\"max-width:1248px;margin-left: calc(-4% \/ 2 );margin-right: calc(-4% \/ 2 );\"><div class=\"fusion-layout-column fusion_builder_column fusion-builder-column-0 fusion_builder_column_1_2 1_2 fusion-flex-column\" style=\"--awb-bg-size:cover;--awb-width-large:50%;--awb-margin-top-large:0px;--awb-spacing-right-large:3.84%;--awb-margin-bottom-large:20px;--awb-spacing-left-large:3.84%;--awb-width-medium:50%;--awb-order-medium:0;--awb-spacing-right-medium:3.84%;--awb-spacing-left-medium:3.84%;--awb-width-small:100%;--awb-order-small:0;--awb-spacing-right-small:1.92%;--awb-spacing-left-small:1.92%;\"><div class=\"fusion-column-wrapper fusion-column-has-shadow fusion-flex-justify-content-flex-start fusion-content-layout-column\"><div class=\"fusion-text fusion-text-1\"><p>Le DDA d&rsquo;Ann Arbor, en partenariat avec le bureau de la durabilit\u00e9 et de l&rsquo;innovation de la ville d&rsquo;Ann Arbor, a install\u00e9 40 bornes de recharge pour v\u00e9hicules \u00e9lectriques ChargePoint dans les parkings du centre-ville. Les emplacements, la disponibilit\u00e9 et les tarifs peuvent \u00eatre consult\u00e9s sur le site Web de ChargePoint &#8211; <a href=\"https:\/\/na.chargepoint.com\/charge_point\">https:\/\/na.chargepoint.com\/charge_point<\/a>. Les automobilistes peuvent utiliser l&rsquo;application ChargePoint pour acc\u00e9der aux stations de recharge. Une redevance par kWh sera appliqu\u00e9e s\u00e9par\u00e9ment aux tarifs de stationnement standard de l&rsquo;\u00e9tablissement.<\/p>\n<\/div><\/div><\/div><div class=\"fusion-layout-column fusion_builder_column fusion-builder-column-1 fusion_builder_column_1_2 1_2 fusion-flex-column\" style=\"--awb-bg-size:cover;--awb-width-large:50%;--awb-margin-top-large:0px;--awb-spacing-right-large:3.84%;--awb-margin-bottom-large:20px;--awb-spacing-left-large:3.84%;--awb-width-medium:50%;--awb-order-medium:0;--awb-spacing-right-medium:3.84%;--awb-spacing-left-medium:3.84%;--awb-width-small:100%;--awb-order-small:0;--awb-spacing-right-small:1.92%;--awb-spacing-left-small:1.92%;\"><div class=\"fusion-column-wrapper fusion-column-has-shadow fusion-flex-justify-content-flex-start fusion-content-layout-column\"><div class=\"fusion-image-element \" style=\"--awb-caption-title-font-family:var(--h2_typography-font-family);--awb-caption-title-font-weight:var(--h2_typography-font-weight);--awb-caption-title-font-style:var(--h2_typography-font-style);--awb-caption-title-size:var(--h2_typography-font-size);--awb-caption-title-transform:var(--h2_typography-text-transform);--awb-caption-title-line-height:var(--h2_typography-line-height);--awb-caption-title-letter-spacing:var(--h2_typography-letter-spacing);\"><span class=\" fusion-imageframe imageframe-dropshadow imageframe-1 hover-type-none\" style=\"-webkit-box-shadow: 3px 3px 7px var(--awb-color7);box-shadow: 3px 3px 7px var(--awb-color7);\"><img decoding=\"async\" width=\"1000\" height=\"583\" title=\"EVChargingStationsAnnArbor\" src=\"https:\/\/pcia2.com\/wp-content\/uploads\/2022\/05\/EVChargingStationsAnnArbor.jpg\" alt class=\"img-responsive wp-image-2460\" srcset=\"https:\/\/pcia2.com\/wp-content\/uploads\/2022\/05\/EVChargingStationsAnnArbor-200x117.jpg 200w, https:\/\/pcia2.com\/wp-content\/uploads\/2022\/05\/EVChargingStationsAnnArbor-400x233.jpg 400w, https:\/\/pcia2.com\/wp-content\/uploads\/2022\/05\/EVChargingStationsAnnArbor-600x350.jpg 600w, https:\/\/pcia2.com\/wp-content\/uploads\/2022\/05\/EVChargingStationsAnnArbor-800x466.jpg 800w, https:\/\/pcia2.com\/wp-content\/uploads\/2022\/05\/EVChargingStationsAnnArbor.jpg 1000w\" sizes=\"(max-width: 640px) 100vw, 600px\" \/><\/span><\/div><\/div><\/div><\/div><\/div><div class=\"fusion-fullwidth fullwidth-box fusion-builder-row-2 fusion-flex-container nonhundred-percent-fullwidth non-hundred-percent-height-scrolling\" style=\"--link_hover_color: #ffffff;--link_color: #ffffff;--awb-border-radius-top-left:0px;--awb-border-radius-top-right:0px;--awb-border-radius-bottom-right:0px;--awb-border-radius-bottom-left:0px;--awb-padding-top:50px;--awb-padding-bottom:50px;--awb-margin-top:50px;--awb-background-color:#0b182f;--awb-flex-wrap:wrap;\" ><div class=\"fusion-builder-row fusion-row fusion-flex-align-items-center fusion-flex-justify-content-center fusion-flex-content-wrap\" style=\"max-width:1248px;margin-left: calc(-4% \/ 2 );margin-right: calc(-4% \/ 2 );\"><div class=\"fusion-layout-column fusion_builder_column fusion-builder-column-2 fusion_builder_column_1_2 1_2 fusion-flex-column\" style=\"--awb-bg-size:cover;--awb-width-large:50%;--awb-margin-top-large:0px;--awb-spacing-right-large:3.84%;--awb-margin-bottom-large:20px;--awb-spacing-left-large:3.84%;--awb-width-medium:50%;--awb-order-medium:0;--awb-spacing-right-medium:3.84%;--awb-spacing-left-medium:3.84%;--awb-width-small:100%;--awb-order-small:0;--awb-spacing-right-small:1.92%;--awb-spacing-left-small:1.92%;\"><div class=\"fusion-column-wrapper fusion-column-has-shadow fusion-flex-justify-content-flex-start fusion-content-layout-column\"><div class=\"fusion-image-element \" style=\"--awb-caption-title-font-family:var(--h2_typography-font-family);--awb-caption-title-font-weight:var(--h2_typography-font-weight);--awb-caption-title-font-style:var(--h2_typography-font-style);--awb-caption-title-size:var(--h2_typography-font-size);--awb-caption-title-transform:var(--h2_typography-text-transform);--awb-caption-title-line-height:var(--h2_typography-line-height);--awb-caption-title-letter-spacing:var(--h2_typography-letter-spacing);\"><span class=\" fusion-imageframe imageframe-dropshadow imageframe-2 hover-type-none\" style=\"-webkit-box-shadow: 3px 3px 7px var(--awb-color7);box-shadow: 3px 3px 7px var(--awb-color7);\"><img decoding=\"async\" width=\"1000\" height=\"438\" title=\"EVChargingStation\" src=\"https:\/\/pcia2.com\/wp-content\/uploads\/2022\/05\/EVChargingStation.jpg\" alt class=\"img-responsive wp-image-2465\" srcset=\"https:\/\/pcia2.com\/wp-content\/uploads\/2022\/05\/EVChargingStation-200x88.jpg 200w, https:\/\/pcia2.com\/wp-content\/uploads\/2022\/05\/EVChargingStation-400x175.jpg 400w, https:\/\/pcia2.com\/wp-content\/uploads\/2022\/05\/EVChargingStation-600x263.jpg 600w, https:\/\/pcia2.com\/wp-content\/uploads\/2022\/05\/EVChargingStation-800x350.jpg 800w, https:\/\/pcia2.com\/wp-content\/uploads\/2022\/05\/EVChargingStation.jpg 1000w\" sizes=\"(max-width: 640px) 100vw, 600px\" \/><\/span><\/div><\/div><\/div><div class=\"fusion-layout-column fusion_builder_column fusion-builder-column-3 fusion_builder_column_1_2 1_2 fusion-flex-column\" style=\"--awb-bg-size:cover;--awb-width-large:50%;--awb-margin-top-large:0px;--awb-spacing-right-large:3.84%;--awb-margin-bottom-large:20px;--awb-spacing-left-large:3.84%;--awb-width-medium:50%;--awb-order-medium:0;--awb-spacing-right-medium:3.84%;--awb-spacing-left-medium:3.84%;--awb-width-small:100%;--awb-order-small:0;--awb-spacing-right-small:1.92%;--awb-spacing-left-small:1.92%;\"><div class=\"fusion-column-wrapper fusion-column-has-shadow fusion-flex-justify-content-flex-start fusion-content-layout-column\"><div class=\"fusion-text fusion-text-2\"><h2><span style=\"color: #ffffff;\">Les sites sont les suivants<\/span><\/h2>\n<\/div><div class=\"fusion-separator\" style=\"align-self: flex-start;margin-right:auto;margin-top:-15px;margin-bottom:20px;width:100%;max-width:60px;\"><div class=\"fusion-separator-border sep-single sep-solid\" style=\"--awb-height:20px;--awb-amount:20px;--awb-sep-color:#d74026;border-color:#d74026;border-top-width:3px;\"><\/div><\/div><div class=\"fusion-text fusion-text-3\" style=\"--awb-text-color:#ffffff;\"><ul>\n<li><span style=\"color: #ffffff;\">Structure de la 4\u00e8me et de Washington &#8211; 4 ports<\/span><\/li>\n<li><span style=\"color: #ffffff;\">Structure Maynard &#8211; 12 ports<\/span><\/li>\n<li><span style=\"color: #ffffff;\">Structure foresti\u00e8re &#8211; 14 ports<\/span><\/li>\n<li><span style=\"color: #ffffff;\">4\u00e8me &amp; William structure- 10 ports<\/span><\/li>\n<li><span style=\"color: #ffffff;\">Structure Liberty Square &#8211; 4 ports<\/span><\/li>\n<li><span style=\"color: #ffffff;\">Structure Ann Ashley &#8211; 16 ports<\/span><\/li>\n<li><span style=\"color: #ffffff;\">Structure des voies de la biblioth\u00e8que &#8211; 20 ports<\/span><\/li>\n<\/ul>\n<\/div><\/div><\/div><div class=\"fusion-layout-column fusion_builder_column fusion-builder-column-4 fusion_builder_column_1_1 1_1 fusion-flex-column\" style=\"--awb-bg-size:cover;--awb-width-large:100%;--awb-margin-top-large:0px;--awb-spacing-right-large:1.92%;--awb-margin-bottom-large:20px;--awb-spacing-left-large:1.92%;--awb-width-medium:100%;--awb-order-medium:0;--awb-spacing-right-medium:1.92%;--awb-spacing-left-medium:1.92%;--awb-width-small:100%;--awb-order-small:0;--awb-spacing-right-small:1.92%;--awb-spacing-left-small:1.92%;\"><div class=\"fusion-column-wrapper fusion-column-has-shadow fusion-flex-justify-content-flex-start fusion-content-layout-column\"><div class=\"fusion-text fusion-text-4\" style=\"--awb-text-color:#ffffff;\"><p><span style=\"color: #ffffff;\">En outre, des bornes de recharge Clipper Creek sont install\u00e9es dans la structure de la rue<sup>1st<\/sup> &amp; Washington et dans le parking de la rue<sup>4th<\/sup> &amp; Catherine. Les informations et la disponibilit\u00e9 de ces unit\u00e9s sont disponibles \u00e0 l&rsquo;adresse suivante : <a style=\"color: #ffffff;\" title=\"https:\/\/a2ev.powerdash.com\/explore\/\" href=\"https:\/\/a2ev.powerdash.com\/explore\/\">https:\/\/a2ev.powerdash.com\/explore\/<\/a><\/span><\/p>\n<\/div><\/div><\/div><\/div><\/div><div class=\"fusion-fullwidth fullwidth-box fusion-builder-row-3 fusion-flex-container nonhundred-percent-fullwidth non-hundred-percent-height-scrolling\" style=\"--awb-border-radius-top-left:0px;--awb-border-radius-top-right:0px;--awb-border-radius-bottom-right:0px;--awb-border-radius-bottom-left:0px;--awb-padding-top:10px;--awb-margin-top:0px;--awb-background-color:#d74026;--awb-flex-wrap:wrap;\" ><div class=\"fusion-builder-row fusion-row fusion-flex-align-items-center fusion-flex-justify-content-center fusion-flex-content-wrap\" style=\"max-width:1248px;margin-left: calc(-4% \/ 2 );margin-right: calc(-4% \/ 2 );\"><div class=\"fusion-layout-column fusion_builder_column fusion-builder-column-5 fusion_builder_column_2_3 2_3 fusion-flex-column\" style=\"--awb-bg-size:cover;--awb-width-large:66.666666666667%;--awb-margin-top-large:0px;--awb-spacing-right-large:2.88%;--awb-margin-bottom-large:20px;--awb-spacing-left-large:2.88%;--awb-width-medium:66.666666666667%;--awb-order-medium:0;--awb-spacing-right-medium:2.88%;--awb-spacing-left-medium:2.88%;--awb-width-small:100%;--awb-order-small:0;--awb-spacing-right-small:1.92%;--awb-spacing-left-small:1.92%;\"><div class=\"fusion-column-wrapper fusion-column-has-shadow fusion-flex-justify-content-flex-start fusion-content-layout-column\"><div class=\"fusion-text fusion-text-5\"><h3><span style=\"color: #ffffff;\">Notre direction met \u00e0 la disposition de nos clients plus de cinq d\u00e9cennies d&rsquo;exp\u00e9rience municipale \u00e9prouv\u00e9e et offre des conseils sur tous les aspects des op\u00e9rations de stationnement hors rue et sur rue.<\/span><\/h3>\n<\/div><\/div><\/div><div class=\"fusion-layout-column fusion_builder_column fusion-builder-column-6 fusion_builder_column_1_3 1_3 fusion-flex-column\" style=\"--awb-bg-size:cover;--awb-width-large:33.333333333333%;--awb-margin-top-large:0px;--awb-spacing-right-large:5.76%;--awb-margin-bottom-large:20px;--awb-spacing-left-large:5.76%;--awb-width-medium:33.333333333333%;--awb-order-medium:0;--awb-spacing-right-medium:5.76%;--awb-spacing-left-medium:5.76%;--awb-width-small:100%;--awb-order-small:0;--awb-spacing-right-small:1.92%;--awb-spacing-left-small:1.92%;\"><div class=\"fusion-column-wrapper fusion-column-has-shadow fusion-flex-justify-content-flex-start fusion-content-layout-column\"><div ><a class=\"fusion-button button-flat fusion-button-default-size button-default fusion-button-default button-1 fusion-button-span-yes fusion-button-default-type\" target=\"_self\" href=\"https:\/\/pcia2.com\/fr\/nous-contacter\/\"><span class=\"fusion-button-text awb-button__text awb-button__text--default\">CONTACTEZ-NOUS<\/span><\/a><\/div><\/div><\/div><\/div><\/div><\/p>\n","protected":false},"excerpt":{"rendered":"","protected":false},"author":1,"featured_media":0,"parent":0,"menu_order":0,"comment_status":"closed","ping_status":"closed","template":"100-width.php","meta":{"footnotes":""},"page_category":[],"class_list":["post-2878","page","type-page","status-publish","hentry"],"_links":{"self":[{"href":"https:\/\/pcia2.com\/fr\/wp-json\/wp\/v2\/pages\/2878","targetHints":{"allow":["GET"]}}],"collection":[{"href":"https:\/\/pcia2.com\/fr\/wp-json\/wp\/v2\/pages"}],"about":[{"href":"https:\/\/pcia2.com\/fr\/wp-json\/wp\/v2\/types\/page"}],"author":[{"embeddable":true,"href":"https:\/\/pcia2.com\/fr\/wp-json\/wp\/v2\/users\/1"}],"replies":[{"embeddable":true,"href":"https:\/\/pcia2.com\/fr\/wp-json\/wp\/v2\/comments?post=2878"}],"version-history":[{"count":14,"href":"https:\/\/pcia2.com\/fr\/wp-json\/wp\/v2\/pages\/2878\/revisions"}],"predecessor-version":[{"id":5239,"href":"https:\/\/pcia2.com\/fr\/wp-json\/wp\/v2\/pages\/2878\/revisions\/5239"}],"wp:attachment":[{"href":"https:\/\/pcia2.com\/fr\/wp-json\/wp\/v2\/media?parent=2878"}],"wp:term":[{"taxonomy":"page_category","embeddable":true,"href":"https:\/\/pcia2.com\/fr\/wp-json\/wp\/v2\/page_category?post=2878"}],"curies":[{"name":"wp","href":"https:\/\/api.w.org\/{rel}","templated":true}]}}