{"id":2870,"date":"2022-05-08T21:06:16","date_gmt":"2022-05-08T21:06:16","guid":{"rendered":"https:\/\/pcia2.com\/modalites-et-conditions\/"},"modified":"2023-03-30T15:19:41","modified_gmt":"2023-03-30T15:19:41","slug":"modalites-et-conditions","status":"publish","type":"page","link":"https:\/\/pcia2.com\/fr\/modalites-et-conditions\/","title":{"rendered":"Modalit\u00e9s et conditions"},"content":{"rendered":"<div class=\"fusion-fullwidth fullwidth-box fusion-builder-row-1 fusion-flex-container nonhundred-percent-fullwidth non-hundred-percent-height-scrolling\" style=\"--awb-border-radius-top-left:0px;--awb-border-radius-top-right:0px;--awb-border-radius-bottom-right:0px;--awb-border-radius-bottom-left:0px;--awb-flex-wrap:wrap;\" ><div class=\"fusion-builder-row fusion-row fusion-flex-align-items-flex-start fusion-flex-content-wrap\" style=\"max-width:1248px;margin-left: calc(-4% \/ 2 );margin-right: calc(-4% \/ 2 );\"><div class=\"fusion-layout-column fusion_builder_column fusion-builder-column-0 fusion_builder_column_1_1 1_1 fusion-flex-column\" style=\"--awb-bg-size:cover;--awb-width-large:100%;--awb-margin-top-large:0px;--awb-spacing-right-large:1.92%;--awb-margin-bottom-large:20px;--awb-spacing-left-large:1.92%;--awb-width-medium:100%;--awb-order-medium:0;--awb-spacing-right-medium:1.92%;--awb-spacing-left-medium:1.92%;--awb-width-small:100%;--awb-order-small:0;--awb-spacing-right-small:1.92%;--awb-spacing-left-small:1.92%;\"><div class=\"fusion-column-wrapper fusion-column-has-shadow fusion-flex-justify-content-flex-start fusion-content-layout-column\"><div class=\"fusion-text fusion-text-1\"><h2>Conditions d&rsquo;utilisation<\/h2>\n<h2>Accord entre l&rsquo;utilisateur et PCI Municipal Services &#8211; Ann Arbor<\/h2>\n<p>Le site Web de PCI Municipal Services &#8211; Ann Arbor comprend diverses pages Web exploit\u00e9es par PCI Municipal Services &#8211; Ann Arbor. Le site Web de PCI Municipal Services &#8211; Ann Arbor vous est propos\u00e9 \u00e0 condition que vous acceptiez sans modification les termes, conditions et avis contenus dans le pr\u00e9sent document. En utilisant le site Web de PCI Municipal Services &#8211; Ann Arbor, vous acceptez l&rsquo;ensemble de ces conditions et avis.<\/p>\n<h2>Modifications des pr\u00e9sentes conditions d&rsquo;utilisation<\/h2>\n<p>Les Services municipaux de PCI &#8211; Ann Arbor se r\u00e9servent le droit de modifier les modalit\u00e9s, conditions et avis en vertu desquels le site Web des Services municipaux de PCI &#8211; Ann Arbor est offert, y compris, mais sans s&rsquo;y limiter, les frais associ\u00e9s \u00e0 l&rsquo;utilisation du site Web des Services municipaux de PCI &#8211; Ann Arbor.<\/p>\n<h2>Liens vers des sites tiers<\/h2>\n<p>Le site Web de PCI Municipal Services &#8211; Ann Arbor peut contenir des liens vers d&rsquo;autres sites Web (\u00ab\u00a0sites li\u00e9s\u00a0\u00bb). Les sites li\u00e9s ne sont pas sous le contr\u00f4le de PCI Municipal Services &#8211; Ann Arbor et PCI Municipal Services &#8211; Ann Arbor n&rsquo;est pas responsable du contenu de tout site li\u00e9, y compris, sans s&rsquo;y limiter, tout lien contenu dans un site li\u00e9, ou toute modification ou mise \u00e0 jour d&rsquo;un site li\u00e9. PCI Municipal Services &#8211; Ann Arbor n&rsquo;est pas responsable du webcasting ou de toute autre forme de transmission re\u00e7ue d&rsquo;un site li\u00e9. Les services municipaux de PCI &#8211; Ann Arbor ne fournissent ces liens qu&rsquo;\u00e0 titre de commodit\u00e9, et l&rsquo;inclusion d&rsquo;un lien ne signifie pas que les services municipaux de PCI &#8211; Ann Arbor approuvent le site ou toute association avec ses exploitants.<\/p>\n<h2>Pas d&rsquo;utilisation ill\u00e9gale ou interdite<\/h2>\n<p>Comme condition d&rsquo;utilisation du site Web des Services municipaux de PCI &#8211; Ann Arbor, vous garantissez aux Services municipaux de PCI &#8211; Ann Arbor que vous n&rsquo;utiliserez pas le site Web des Services municipaux de PCI &#8211; Ann Arbor \u00e0 des fins ill\u00e9gales ou interdites par ces modalit\u00e9s, conditions et avis. Il est interdit d&rsquo;utiliser le site Web des Services municipaux de PCI &#8211; Ann Arbor d&rsquo;une mani\u00e8re qui pourrait l&rsquo;endommager, le d\u00e9sactiver, le surcharger ou le compromettre, ou qui pourrait nuire \u00e0 l&rsquo;utilisation et \u00e0 la jouissance du site Web des Services municipaux de PCI &#8211; Ann Arbor par une autre partie. Il est interdit d&rsquo;obtenir ou de tenter d&rsquo;obtenir des documents ou des informations par des moyens qui ne sont pas intentionnellement mis \u00e0 disposition ou fournis sur les sites Web de PCI Municipal Services &#8211; Ann Arbor.<\/p>\n<h2>Utilisation des services de communication<\/h2>\n<p>Le site Web de PCI Municipal Services &#8211; Ann Arbor peut contenir des services de tableau d&rsquo;affichage, des zones de discussion, des groupes de nouvelles, des forums, des communaut\u00e9s, des pages Web personnelles, des calendriers et\/ou d&rsquo;autres messages ou moyens de communication con\u00e7us pour vous permettre de communiquer avec le public en g\u00e9n\u00e9ral ou avec un groupe (collectivement, les \u00ab\u00a0services de communication\u00a0\u00bb), vous acceptez d&rsquo;utiliser les services de communication uniquement pour publier, envoyer et recevoir des messages et du mat\u00e9riel appropri\u00e9s et li\u00e9s au service de communication particulier. \u00c0 titre d&rsquo;exemple, et non comme une limitation, vous acceptez que lors de l&rsquo;utilisation d&rsquo;un service de communication, vous ne fassiez pas ce qui suit :<\/p>\n<ul>\n<li>Diffamer, abuser, harceler, traquer, menacer ou violer de toute autre mani\u00e8re les droits l\u00e9gaux (tels que les droits \u00e0 la vie priv\u00e9e et \u00e0 la publicit\u00e9) d&rsquo;autrui.<\/li>\n<li>Publier, poster, t\u00e9l\u00e9charger, distribuer ou diffuser tout sujet, nom, mat\u00e9riel ou information inappropri\u00e9, blasph\u00e9matoire, diffamatoire, contrefaisant, obsc\u00e8ne, ind\u00e9cent ou ill\u00e9gal.<\/li>\n<li>T\u00e9l\u00e9charger des fichiers contenant des logiciels ou d&rsquo;autres \u00e9l\u00e9ments prot\u00e9g\u00e9s par les lois sur la propri\u00e9t\u00e9 intellectuelle (ou par le droit \u00e0 la vie priv\u00e9e ou \u00e0 la publicit\u00e9), \u00e0 moins que vous ne poss\u00e9diez ou contr\u00f4liez les droits y aff\u00e9rents ou que vous ayez re\u00e7u tous les consentements n\u00e9cessaires.<\/li>\n<li>T\u00e9l\u00e9charger des fichiers contenant des virus, des fichiers corrompus ou tout autre logiciel ou programme similaire susceptible d&rsquo;endommager le fonctionnement de l&rsquo;ordinateur d&rsquo;autrui.<\/li>\n<li>Faire de la publicit\u00e9 ou proposer de vendre ou d&rsquo;acheter des biens ou des services \u00e0 des fins commerciales, sauf si le service de communication en question autorise sp\u00e9cifiquement ce type de messages.<\/li>\n<li>R\u00e9aliser ou transmettre des enqu\u00eates, des concours, des syst\u00e8mes pyramidaux ou des cha\u00eenes de lettres.<\/li>\n<li>T\u00e9l\u00e9charger tout fichier post\u00e9 par un autre utilisateur d&rsquo;un service de communication dont vous savez, ou devriez raisonnablement savoir, qu&rsquo;il ne peut \u00eatre l\u00e9galement distribu\u00e9 de cette mani\u00e8re.<\/li>\n<li>Falsifier ou supprimer les mentions d&rsquo;auteur, les avis l\u00e9gaux ou autres avis appropri\u00e9s, les d\u00e9signations de propri\u00e9t\u00e9 ou les \u00e9tiquettes indiquant l&rsquo;origine ou la source d&rsquo;un logiciel ou d&rsquo;un autre mat\u00e9riel contenu dans un fichier t\u00e9l\u00e9charg\u00e9.<\/li>\n<li>Restreindre ou emp\u00eacher tout autre utilisateur d&rsquo;utiliser et de profiter des services de communication.<\/li>\n<li>violer un code de conduite ou d&rsquo;autres lignes directrices applicables \u00e0 un service de communication particulier.<\/li>\n<li>R\u00e9colter ou collecter de toute autre mani\u00e8re des informations sur d&rsquo;autres personnes, y compris des adresses \u00e9lectroniques, sans leur consentement.<\/li>\n<li>violer toute loi ou r\u00e9glementation applicable. PCI Municipal Services &#8211; Ann Arbor n&rsquo;a aucune obligation de surveiller les services de communication. Toutefois, PCI Municipal Services &#8211; Ann Arbor se r\u00e9serve le droit d&rsquo;examiner les documents publi\u00e9s dans un service de communication et de les supprimer \u00e0 sa seule discr\u00e9tion.<\/li>\n<\/ul>\n<p>PCI Municipal Services &#8211; Ann Arbor se r\u00e9serve le droit de mettre fin \u00e0 votre acc\u00e8s \u00e0 tout ou partie des services de communication, \u00e0 tout moment et sans pr\u00e9avis, pour quelque raison que ce soit. Les Services municipaux de PCI &#8211; Ann Arbor se r\u00e9servent le droit, en tout temps, de divulguer toute information n\u00e9cessaire pour satisfaire \u00e0 toute loi, tout r\u00e8glement, toute proc\u00e9dure judiciaire ou toute demande gouvernementale applicable, ou de modifier, de refuser d&rsquo;afficher ou de supprimer toute information ou tout mat\u00e9riel, en tout ou en partie, \u00e0 la seule discr\u00e9tion des Services municipaux de PCI &#8211; Ann Arbor. Soyez toujours prudent lorsque vous donnez des informations d&rsquo;identification personnelle vous concernant ou concernant vos enfants dans un service de communication. Les services municipaux de PCI &#8211; Ann Arbor ne contr\u00f4lent ni n&rsquo;approuvent le contenu, les messages ou les informations trouv\u00e9s dans un service de communication et, par cons\u00e9quent, les services municipaux de PCI &#8211; Ann Arbor d\u00e9clinent sp\u00e9cifiquement toute responsabilit\u00e9 \u00e0 l&rsquo;\u00e9gard des services de communication et de toute action r\u00e9sultant de votre participation \u00e0 un service de communication. Les gestionnaires et les h\u00f4tes ne sont pas des porte-parole autoris\u00e9s de PCI Municipal Services &#8211; Ann Arbor, et leurs opinions ne refl\u00e8tent pas n\u00e9cessairement celles de PCI Municipal Services &#8211; Ann Arbor. Les documents t\u00e9l\u00e9charg\u00e9s vers un service de communication peuvent \u00eatre soumis \u00e0 des restrictions d&rsquo;utilisation, de reproduction et\/ou de diffusion. Vous \u00eates responsable du respect de ces limitations si vous t\u00e9l\u00e9chargez le mat\u00e9riel. MAT\u00c9RIEL FOURNI AU STATIONNEMENT DE LA R\u00c9PUBLIQUE &#8211; Ann Arbor OU POST\u00c9 SUR TOUT SITE WEB DE PCI Municipal Services &#8211; Ann Arbor PCI Municipal Services &#8211; Ann Arbor ne revendique pas la propri\u00e9t\u00e9 du mat\u00e9riel que vous fournissez \u00e0 PCI Municipal Services &#8211; Ann Arbor (y compris les commentaires et les suggestions) ou que vous affichez, t\u00e9l\u00e9chargez, saisissez ou soumettez \u00e0 tout site Web de PCI Municipal Services &#8211; Ann Arbor ou \u00e0 ses services associ\u00e9s (collectivement, les \u00ab\u00a0soumissions\u00a0\u00bb). Toutefois, en publiant, t\u00e9l\u00e9chargeant, saisissant, fournissant ou soumettant votre soumission, vous accordez \u00e0 PCI Municipal Services &#8211; Ann Arbor, \u00e0 ses soci\u00e9t\u00e9s affili\u00e9es et aux sous-licenci\u00e9s n\u00e9cessaires la permission d&rsquo;utiliser votre soumission dans le cadre de l&rsquo;exploitation de leurs activit\u00e9s sur Internet, y compris, sans s&rsquo;y limiter, les droits de : copier, distribuer, transmettre, afficher publiquement, ex\u00e9cuter publiquement, reproduire, \u00e9diter, traduire et reformater votre soumission ; et de publier votre nom en relation avec votre soumission. Aucune compensation ne sera vers\u00e9e en ce qui concerne l&rsquo;utilisation de votre soumission, comme pr\u00e9vu dans le pr\u00e9sent document. Les Services municipaux de PCI &#8211; Ann Arbor n&rsquo;ont aucune obligation de publier ou d&rsquo;utiliser les soumissions que vous pouvez fournir et peuvent les retirer \u00e0 tout moment, \u00e0 la seule discr\u00e9tion des Services municipaux de PCI &#8211; Ann Arbor. En publiant, t\u00e9l\u00e9chargeant, saisissant, fournissant ou soumettant votre soumission, vous garantissez et d\u00e9clarez que vous poss\u00e9dez ou contr\u00f4lez d&rsquo;une autre mani\u00e8re tous les droits relatifs \u00e0 votre soumission tels que d\u00e9crits dans la pr\u00e9sente section, y compris, mais sans s&rsquo;y limiter, tous les droits n\u00e9cessaires pour fournir, publier, t\u00e9l\u00e9charger, saisir ou soumettre les soumissions.<\/p>\n<h2>Clause de non-responsabilit\u00e9<\/h2>\n<p>Les informations, logiciels, produits et services inclus dans le site Web de PCI Municipal Services &#8211; Ann Arbor ou disponibles par l&rsquo;interm\u00e9diaire de celui-ci peuvent comporter des inexactitudes ou des erreurs typographiques. DES MODIFICATIONS SONT P\u00c9RIODIQUEMENT APPORT\u00c9ES AUX INFORMATIONS CONTENUES DANS LE PR\u00c9SENT DOCUMENT. PCI Municipal Services &#8211; Ann Arbor et\/ou ses fournisseurs peuvent apporter des am\u00e9liorations et\/ou des changements au site Web de PCI Municipal Services &#8211; Ann Arbor \u00e0 tout moment. Les conseils re\u00e7us via le site Web de PCI Municipal Services &#8211; Ann Arbor ne doivent pas \u00eatre utilis\u00e9s pour prendre des d\u00e9cisions personnelles, m\u00e9dicales, juridiques ou financi\u00e8res et vous devez consulter un professionnel comp\u00e9tent pour obtenir des conseils sp\u00e9cifiques adapt\u00e9s \u00e0 votre situation. PCI Municipal Services &#8211; Ann Arbor et\/ou ses fournisseurs ne font aucune d\u00e9claration quant \u00e0 l&rsquo;ad\u00e9quation, la fiabilit\u00e9, la disponibilit\u00e9, l&rsquo;opportunit\u00e9 et l&rsquo;exactitude des informations, des logiciels, des produits, des services et des graphiques connexes contenus dans le site Web de PCI Municipal Services &#8211; Ann Arbor, \u00e0 quelque fin que ce soit. DANS TOUTE LA MESURE PERMISE PAR LA LOI APPLICABLE, L&rsquo;ENSEMBLE DE CES INFORMATIONS, LOGICIELS, PRODUITS, SERVICES ET GRAPHIQUES CONNEXES SONT FOURNIS \u00ab\u00a0EN L&rsquo;\u00c9TAT\u00a0\u00bb SANS GARANTIE NI CONDITION D&rsquo;AUCUNE SORTE. PCI Municipal Services &#8211; Ann Arbor et\/ou ses fournisseurs excluent par la pr\u00e9sente toutes les garanties et conditions relatives \u00e0 ces informations, logiciels, produits, services et graphiques connexes, y compris toutes les garanties ou conditions implicites de qualit\u00e9 marchande, d&rsquo;ad\u00e9quation \u00e0 un usage particulier, de titre et d&rsquo;absence de violation des droits de propri\u00e9t\u00e9 intellectuelle. DANS LA MESURE MAXIMALE PERMISE PAR LA LOI APPLICABLE, EN AUCUN CAS PCI Municipal Services &#8211; Ann Arbor ET\/OU SES FOURNISSEURS NE SERONT RESPONSABLES DES DOMMAGES DIRECTS, INDIRECTS, PUNITIFS, INCIDENTAUX, SP\u00c9CIAUX, CONS\u00c9QUENTIELS OU DE TOUT AUTRE DOMMAGE, Y COMPRIS, SANS S&rsquo;Y LIMITER, LES DOMMAGES POUR PERTE D&rsquo;UTILISATION, DE DONN\u00c9ES OU DE PROFITS, D\u00c9COULANT DE L&rsquo;UTILISATION OU DE L&rsquo;EX\u00c9CUTION DU SITE WEB DE PCI Municipal Services &#8211; Ann Arbor, les dommages pour perte d&rsquo;utilisation, de donn\u00e9es ou de b\u00e9n\u00e9fices, d\u00e9coulant de l&rsquo;utilisation ou de l&rsquo;ex\u00e9cution du site web de PCI Municipal Services &#8211; Ann Arbor, du retard ou de l&rsquo;incapacit\u00e9 \u00e0 utiliser le site web de PCI Municipal Services &#8211; Ann Arbor ou des services connexes, ou s&rsquo;y rapportant d&rsquo;une mani\u00e8re ou d&rsquo;une autre, la fourniture ou l&rsquo;incapacit\u00e9 de fournir des services, ou pour toute information, tout logiciel, tout produit, tout service ou tout graphique connexe obtenu par l&rsquo;interm\u00e9diaire du site Web de PCI Municipal Services &#8211; Ann Arbor, ou toute autre raison d\u00e9coulant de l&rsquo;utilisation du site Web de PCI Municipal Services &#8211; Ann Arbor, que ce soit sur la base d&rsquo;un contrat, d&rsquo;une responsabilit\u00e9 d\u00e9lictuelle, d&rsquo;une n\u00e9gligence, d&rsquo;une responsabilit\u00e9 stricte ou autre, m\u00eame si PCI Municipal Services &#8211; Ann Arbor ou l&rsquo;un de ses fournisseurs a \u00e9t\u00e9 inform\u00e9 de la possibilit\u00e9 d&rsquo;un dommage. CERTAINS ETATS\/JURIDICTIONS N&rsquo;AUTORISANT PAS L&rsquo;EXCLUSION OU LA LIMITATION DE LA RESPONSABILITE POUR LES DOMMAGES CONSECUTIFS OU ACCIDENTELS, LA LIMITATION CI-DESSUS PEUT NE PAS S&rsquo;APPLIQUER A VOUS. Si vous \u00eates m\u00e9content d&rsquo;une partie du site Web de PCI Municipal Services &#8211; Ann Arbor ou de l&rsquo;une quelconque des pr\u00e9sentes conditions d&rsquo;utilisation, votre seul et unique recours est de cesser d&rsquo;utiliser le site Web de PCI Municipal Services &#8211; Ann Arbor. CONTACT DE SERVICE : parkingadmin@municipalparking.com<\/p>\n<h2>R\u00e9siliation\/restriction d&rsquo;acc\u00e8s<\/h2>\n<p>PCI Municipal Services &#8211; Ann Arbor se r\u00e9serve le droit, \u00e0 sa seule discr\u00e9tion, de mettre fin \u00e0 votre acc\u00e8s au site Web de PCI Municipal Services &#8211; Ann Arbor et aux services connexes ou \u00e0 toute partie de ceux-ci, \u00e0 tout moment et sans pr\u00e9avis. G\u00c9N\u00c9RALIT\u00c9S Dans toute la mesure permise par la loi, le pr\u00e9sent accord est r\u00e9gi par les lois de l&rsquo;\u00c9tat de Washington, aux \u00c9tats-Unis, et vous acceptez par la pr\u00e9sente la comp\u00e9tence exclusive des tribunaux du comt\u00e9 de San Mateo, en Californie, aux \u00c9tats-Unis, pour tous les litiges d\u00e9coulant de l&rsquo;utilisation du site Web de PCI Municipal Services &#8211; Ann Arbor ou s&rsquo;y rapportant. L&rsquo;utilisation du site Web de PCI Municipal Services &#8211; Ann Arbor n&rsquo;est pas autoris\u00e9e dans toute juridiction qui ne donne pas effet \u00e0 toutes les dispositions de ces termes et conditions, y compris, mais sans s&rsquo;y limiter, le pr\u00e9sent paragraphe. Vous convenez qu&rsquo;il n&rsquo;existe aucune relation de coentreprise, de partenariat, d&#8217;emploi ou d&rsquo;agence entre vous et PCI Municipal Services &#8211; Ann Arbor \u00e0 la suite de la pr\u00e9sente entente ou de l&rsquo;utilisation du site Web de PCI Municipal Services &#8211; Ann Arbor. L&rsquo;ex\u00e9cution de la pr\u00e9sente entente par les Services municipaux de PCI &#8211; Ann Arbor est assujettie aux lois existantes et \u00e0 la proc\u00e9dure judiciaire, et aucune disposition de la pr\u00e9sente entente ne d\u00e9roge au droit des Services municipaux de PCI &#8211; Ann Arbor de se conformer aux demandes ou exigences des gouvernements, des tribunaux et des organismes d&rsquo;application de la loi relativement \u00e0 votre utilisation du site Web des Services municipaux de PCI &#8211; Ann Arbor ou aux renseignements fournis aux Services municipaux de PCI &#8211; Ann Arbor ou recueillis par ceux-ci en ce qui concerne une telle utilisation. Si une partie du pr\u00e9sent accord est jug\u00e9e invalide ou inapplicable en vertu du droit applicable, y compris, mais sans s&rsquo;y limiter, les exclusions de garantie et les limitations de responsabilit\u00e9 \u00e9nonc\u00e9es ci-dessus, la disposition invalide ou inapplicable sera r\u00e9put\u00e9e remplac\u00e9e par une disposition valide et applicable se rapprochant le plus possible de l&rsquo;intention de la disposition initiale et le reste de l&rsquo;accord continuera \u00e0 produire ses effets. Sauf indication contraire dans les pr\u00e9sentes, le pr\u00e9sent accord constitue l&rsquo;int\u00e9gralit\u00e9 de l&rsquo;accord entre l&rsquo;utilisateur et PCI Municipal Services &#8211; Ann Arbor en ce qui concerne le site Web de PCI Municipal Services &#8211; Ann Arbor et il remplace toutes les communications et propositions ant\u00e9rieures ou contemporaines, qu&rsquo;elles soient \u00e9lectroniques, orales ou \u00e9crites, entre l&rsquo;utilisateur et PCI Municipal Services &#8211; Ann Arbor en ce qui concerne le site Web de PCI Municipal Services &#8211; Ann Arbor. Une version imprim\u00e9e du pr\u00e9sent accord et de tout avis donn\u00e9 sous forme \u00e9lectronique est admissible dans les proc\u00e9dures judiciaires ou administratives fond\u00e9es sur le pr\u00e9sent accord ou s&rsquo;y rapportant, dans la m\u00eame mesure et sous r\u00e9serve des m\u00eames conditions que les autres documents et dossiers commerciaux produits et conserv\u00e9s \u00e0 l&rsquo;origine sous forme imprim\u00e9e. Les parties souhaitent express\u00e9ment que le pr\u00e9sent accord et tous les documents connexes soient r\u00e9dig\u00e9s en anglais.<\/p>\n<h2>Avis sur les droits d&rsquo;auteur et les marques d\u00e9pos\u00e9es :<\/h2>\n<p>Tout le contenu du site Web de PCI Municipal Services &#8211; Ann Arbor est : Copyright 2022 par PCI Municipal Services &#8211; Ann Arbor et\/ou ses fournisseurs. Tous droits r\u00e9serv\u00e9s.<\/p>\n<h2>Marques d\u00e9pos\u00e9es<\/h2>\n<p>Les noms des entreprises et des produits mentionn\u00e9s dans le pr\u00e9sent document peuvent \u00eatre des marques d\u00e9pos\u00e9es par leurs propri\u00e9taires respectifs. Les exemples d&rsquo;entreprises, d&rsquo;organisations, de produits, de personnes et d&rsquo;\u00e9v\u00e9nements d\u00e9crits dans le pr\u00e9sent document sont fictifs. Aucune association avec une entreprise, une organisation, un produit, une personne ou un \u00e9v\u00e9nement r\u00e9el n&rsquo;est voulue ou ne doit \u00eatre d\u00e9duite. Tous les droits qui ne sont pas express\u00e9ment accord\u00e9s dans le pr\u00e9sent document sont r\u00e9serv\u00e9s.<\/p>\n<h2>Avis et proc\u00e9dure de d\u00e9p\u00f4t de plainte pour violation du droit d&rsquo;auteur<\/h2>\n<p>Conform\u00e9ment au titre 17 du code des \u00c9tats-Unis, section 512(c)(2), les notifications de violation pr\u00e9sum\u00e9e des droits d&rsquo;auteur en vertu de la loi am\u00e9ricaine sur les droits d&rsquo;auteur doivent \u00eatre envoy\u00e9es \u00e0 l&rsquo;agent d\u00e9sign\u00e9 du prestataire de services. TOUTES LES DEMANDES QUI NE SONT PAS PERTINENTES POUR LA PROC\u00c9DURE SUIVANTE NE RECEVRONT PAS DE R\u00c9PONSE. Voir l&rsquo;avis et la proc\u00e9dure de d\u00e9p\u00f4t de plainte pour violation des droits d&rsquo;auteur.<\/p>\n<\/div><\/div><\/div><\/div><\/div>\n","protected":false},"excerpt":{"rendered":"","protected":false},"author":1,"featured_media":0,"parent":0,"menu_order":0,"comment_status":"closed","ping_status":"closed","template":"","meta":{"footnotes":""},"page_category":[],"class_list":["post-2870","page","type-page","status-publish","hentry"],"_links":{"self":[{"href":"https:\/\/pcia2.com\/fr\/wp-json\/wp\/v2\/pages\/2870","targetHints":{"allow":["GET"]}}],"collection":[{"href":"https:\/\/pcia2.com\/fr\/wp-json\/wp\/v2\/pages"}],"about":[{"href":"https:\/\/pcia2.com\/fr\/wp-json\/wp\/v2\/types\/page"}],"author":[{"embeddable":true,"href":"https:\/\/pcia2.com\/fr\/wp-json\/wp\/v2\/users\/1"}],"replies":[{"embeddable":true,"href":"https:\/\/pcia2.com\/fr\/wp-json\/wp\/v2\/comments?post=2870"}],"version-history":[{"count":1,"href":"https:\/\/pcia2.com\/fr\/wp-json\/wp\/v2\/pages\/2870\/revisions"}],"predecessor-version":[{"id":2902,"href":"https:\/\/pcia2.com\/fr\/wp-json\/wp\/v2\/pages\/2870\/revisions\/2902"}],"wp:attachment":[{"href":"https:\/\/pcia2.com\/fr\/wp-json\/wp\/v2\/media?parent=2870"}],"wp:term":[{"taxonomy":"page_category","embeddable":true,"href":"https:\/\/pcia2.com\/fr\/wp-json\/wp\/v2\/page_category?post=2870"}],"curies":[{"name":"wp","href":"https:\/\/api.w.org\/{rel}","templated":true}]}}