{"id":2860,"date":"2022-05-06T14:12:36","date_gmt":"2022-05-06T14:12:36","guid":{"rendered":"https:\/\/pcia2.com\/faq\/"},"modified":"2023-03-30T15:19:36","modified_gmt":"2023-03-30T15:19:36","slug":"faq","status":"publish","type":"page","link":"https:\/\/pcia2.com\/fr\/faq\/","title":{"rendered":"FAQ"},"content":{"rendered":"<p><div class=\"fusion-fullwidth fullwidth-box fusion-builder-row-1 fusion-flex-container nonhundred-percent-fullwidth non-hundred-percent-height-scrolling\" style=\"--awb-border-radius-top-left:0px;--awb-border-radius-top-right:0px;--awb-border-radius-bottom-right:0px;--awb-border-radius-bottom-left:0px;--awb-flex-wrap:wrap;\" ><div class=\"fusion-builder-row fusion-row fusion-flex-align-items-flex-start fusion-flex-content-wrap\" style=\"max-width:1248px;margin-left: calc(-4% \/ 2 );margin-right: calc(-4% \/ 2 );\"><div class=\"fusion-layout-column fusion_builder_column fusion-builder-column-0 fusion_builder_column_1_1 1_1 fusion-flex-column\" style=\"--awb-bg-size:cover;--awb-width-large:100%;--awb-margin-top-large:0px;--awb-spacing-right-large:1.92%;--awb-margin-bottom-large:20px;--awb-spacing-left-large:1.92%;--awb-width-medium:100%;--awb-order-medium:0;--awb-spacing-right-medium:1.92%;--awb-spacing-left-medium:1.92%;--awb-width-small:100%;--awb-order-small:0;--awb-spacing-right-small:1.92%;--awb-spacing-left-small:1.92%;\"><div class=\"fusion-column-wrapper fusion-column-has-shadow fusion-flex-justify-content-flex-start fusion-content-layout-column\"><div class=\"fusion-text fusion-text-1\"><h2>R\u00e9ponses aux questions les plus fr\u00e9quemment pos\u00e9es<\/h2>\n<h3>PCI Municipal Services est fi\u00e8re de servir la communaut\u00e9 d&rsquo;Ann Arbor en r\u00e9pondant \u00e0 ses besoins en mati\u00e8re de stationnement. Nous exploitons huit parcs de stationnement, 15 aires de stationnement et plus de 2 000 places de stationnement sur la voie publique.<\/h3>\n<\/div><div class=\"fusion-separator\" style=\"align-self: flex-start;margin-right:auto;margin-top:-15px;margin-bottom:20px;width:100%;max-width:60px;\"><div class=\"fusion-separator-border sep-single sep-solid\" style=\"--awb-height:20px;--awb-amount:20px;--awb-sep-color:#d74026;border-color:#d74026;border-top-width:3px;\"><\/div><\/div><style type=\"text\/css\">.fusion-faqs-wrapper #accordian-1 .fusion-panel { border-color:#e2e2e2; }.fusion-faqs-wrapper #accordian-1 .fusion-panel:hover{ border-color: #e2e2e2; }.fusion-accordian #accordian-1 .panel-title a .fa-fusion-box:before{ font-size: 16px;width: 16px;}.fusion-accordian #accordian-1 .panel-title a .fa-fusion-box{ color: #0b182f;}.fusion-accordian  #accordian-1 .panel-title a{font-family:\"Montserrat\";font-style:normal;font-weight:400;}.fusion-accordian  #accordian-1 .panel-title a:not(:hover){}.fusion-accordian  #accordian-1 .toggle-content{font-family:\"Montserrat\";font-style:normal;font-weight:400;}.fusion-accordian #accordian-1 .panel-title a:hover,.fusion-accordian #accordian-1 .panel-title a.hover { color: #1d4589;}.fusion-faq-shortcode .fusion-accordian #accordian-1 .fusion-toggle-boxed-mode:hover .panel-title a { color: #1d4589;}.fusion-accordian #accordian-1.fusion-toggle-icon-unboxed .panel-title a:hover .fa-fusion-box,.fusion-accordian #accordian-1.fusion-toggle-icon-unboxed .panel-title a.hover .fa-fusion-box { color: #1d4589; }<\/style><div class=\"fusion-faq-shortcode\" style=\"\"><div class=\"fusion-faqs-wrapper\"><div class=\"accordian fusion-accordian\"><div class=\"panel-group  fusion-toggle-icon-unboxed\" id=\"accordian-1\"><div class=\"fusion-panel panel-default fusion-faq-post fusion-faq-post-3564 faq-generale \"><span class=\"entry-title rich-snippet-hidden\">O\u00f9 puis-je garer ma moto ou mon cyclomoteur ?<\/span><span class=\"vcard rich-snippet-hidden\"><span class=\"fn\"><a href=\"https:\/\/pcia2.com\/fr\/author\/admin\/\" title=\"Articles par admin\" rel=\"author\">admin<\/a><\/span><\/span><span class=\"updated rich-snippet-hidden\">2023-06-21T14:29:30-04:00<\/span><div class=\"panel-heading\"><h4 id=\"faq_1-3564\" class=\"panel-title toggle\"><a data-toggle=\"collapse\" class=\"collapsed\" data-parent=\"#accordian-1\" data-target=\"#collapse-1-3564\" href=\"#collapse-1-3564\" aria-expanded=\"false\"><div class=\"fusion-toggle-icon-wrapper\"><div class=\"fusion-toggle-icon-wrapper-main\"><div class=\"fusion-toggle-icon-wrapper-sub\"><i class=\"fa-fusion-box active-icon awb-icon-minus\" aria-hidden=\"true\"><\/i><i class=\"fa-fusion-box inactive-icon awb-icon-plus\" aria-hidden=\"true\"><\/i><\/div><\/div><\/div><div class=\"fusion-toggle-heading\">O\u00f9 puis-je garer ma moto ou mon cyclomoteur ?<\/div><\/a><\/h4><\/div><div id=\"collapse-1-3564\" aria-labelledby=\"faq_1-3564\" class=\"panel-collapse collapse\"><div class=\"panel-body toggle-content post-content\"><p>La DDA fournit des places de stationnement pour motos et cyclomoteurs dans toute la ville d&rsquo;Ann Arbor.<\/p>\n<p>Des places de stationnement pour les motos et les cyclomoteurs sont disponibles aux endroits suivants :<\/p>\n<ul>\n<li>Structure Ann &amp; Ashley<\/li>\n<li>H\u00f4tel de ville<\/li>\n<li>Main &amp; Ann<\/li>\n<li><a href=\"http:\/\/pcia2.com\/1st-william\/\"><sup>1er<\/sup> &amp; William<\/a><\/li>\n<li>Structure de la<sup>4e<\/sup> et de la William<\/li>\n<li><a href=\"http:\/\/pcia2.com\/maynard\/\">Structure de Maynard<\/a><\/li>\n<li><a href=\"http:\/\/pcia2.com\/forest\/\">Structure de la for\u00eat<\/a><\/li>\n<\/ul>\n<\/div><\/div><\/div><div class=\"fusion-panel panel-default fusion-faq-post fusion-faq-post-3558 faq-generale \"><span class=\"entry-title rich-snippet-hidden\">J&rsquo;ai perdu mon billet et je l&rsquo;ai retrouv\u00e9 apr\u00e8s avoir pay\u00e9 les frais de perte de billet. Comment demander un remboursement ?<\/span><span class=\"vcard rich-snippet-hidden\"><span class=\"fn\"><a href=\"https:\/\/pcia2.com\/fr\/author\/admin\/\" title=\"Articles par admin\" rel=\"author\">admin<\/a><\/span><\/span><span class=\"updated rich-snippet-hidden\">2023-04-03T15:22:33-04:00<\/span><div class=\"panel-heading\"><h4 id=\"faq_1-3558\" class=\"panel-title toggle\"><a data-toggle=\"collapse\" class=\"collapsed\" data-parent=\"#accordian-1\" data-target=\"#collapse-1-3558\" href=\"#collapse-1-3558\" aria-expanded=\"false\"><div class=\"fusion-toggle-icon-wrapper\"><div class=\"fusion-toggle-icon-wrapper-main\"><div class=\"fusion-toggle-icon-wrapper-sub\"><i class=\"fa-fusion-box active-icon awb-icon-minus\" aria-hidden=\"true\"><\/i><i class=\"fa-fusion-box inactive-icon awb-icon-plus\" aria-hidden=\"true\"><\/i><\/div><\/div><\/div><div class=\"fusion-toggle-heading\">J&rsquo;ai perdu mon billet et je l&rsquo;ai retrouv\u00e9 apr\u00e8s avoir pay\u00e9 les frais de perte de billet. Comment demander un remboursement ?<\/div><\/a><\/h4><\/div><div id=\"collapse-1-3558\" aria-labelledby=\"faq_1-3558\" class=\"panel-collapse collapse\"><div class=\"panel-body toggle-content post-content\"><ul>\n<li>Si vous trouvez votre billet, veuillez envoyer les documents suivants par courrier ou en personne :\n<ul>\n<li>Le billet original.<\/li>\n<li>Votre re\u00e7u original.<\/li>\n<li>Une br\u00e8ve lettre indiquant la raison de votre demande.<\/li>\n<li>Si vous avez pay\u00e9 par carte de cr\u00e9dit, le num\u00e9ro complet de la carte de cr\u00e9dit et la date d&rsquo;expiration de la carte que vous avez utilis\u00e9e pour effectuer le paiement.<\/li>\n<\/ul>\n<\/li>\n<li>Les remboursements sont soumis \u00e0 approbation et seront effectu\u00e9s dans un d\u00e9lai maximum de 30 jours.<\/li>\n<\/ul>\n<\/div><\/div><\/div><div class=\"fusion-panel panel-default fusion-faq-post fusion-faq-post-3559 faq-generale \"><span class=\"entry-title rich-snippet-hidden\">Je suis titulaire d&rsquo;une carte de location mensuelle, que dois-je faire si la structure indique qu&rsquo;elle est \u00ab\u00a0pleine\u00a0\u00bb ?<\/span><span class=\"vcard rich-snippet-hidden\"><span class=\"fn\"><a href=\"https:\/\/pcia2.com\/fr\/author\/admin\/\" title=\"Articles par admin\" rel=\"author\">admin<\/a><\/span><\/span><span class=\"updated rich-snippet-hidden\">2023-04-03T15:22:28-04:00<\/span><div class=\"panel-heading\"><h4 id=\"faq_1-3559\" class=\"panel-title toggle\"><a data-toggle=\"collapse\" class=\"collapsed\" data-parent=\"#accordian-1\" data-target=\"#collapse-1-3559\" href=\"#collapse-1-3559\" aria-expanded=\"false\"><div class=\"fusion-toggle-icon-wrapper\"><div class=\"fusion-toggle-icon-wrapper-main\"><div class=\"fusion-toggle-icon-wrapper-sub\"><i class=\"fa-fusion-box active-icon awb-icon-minus\" aria-hidden=\"true\"><\/i><i class=\"fa-fusion-box inactive-icon awb-icon-plus\" aria-hidden=\"true\"><\/i><\/div><\/div><\/div><div class=\"fusion-toggle-heading\">Je suis titulaire d&rsquo;une carte de location mensuelle, que dois-je faire si la structure indique qu&rsquo;elle est \u00ab\u00a0pleine\u00a0\u00bb ?<\/div><\/a><\/h4><\/div><div id=\"collapse-1-3559\" aria-labelledby=\"faq_1-3559\" class=\"panel-collapse collapse\"><div class=\"panel-body toggle-content post-content\"><p>En tant que locataire mensuel, il y a toujours une place pour vous dans la structure. M\u00eame si les panneaux de comptage affichent complet, votre carte d&rsquo;acc\u00e8s fonctionnera pour ouvrir le portail et une place sera disponible pour vous dans la structure.<\/p>\n<\/div><\/div><\/div><div class=\"fusion-panel panel-default fusion-faq-post fusion-faq-post-3561 faq-generale \"><span class=\"entry-title rich-snippet-hidden\">Quels sont les types de cartes de stationnement mensuelles ?<\/span><span class=\"vcard rich-snippet-hidden\"><span class=\"fn\"><a href=\"https:\/\/pcia2.com\/fr\/author\/admin\/\" title=\"Articles par admin\" rel=\"author\">admin<\/a><\/span><\/span><span class=\"updated rich-snippet-hidden\">2023-04-03T15:22:33-04:00<\/span><div class=\"panel-heading\"><h4 id=\"faq_1-3561\" class=\"panel-title toggle\"><a data-toggle=\"collapse\" class=\"collapsed\" data-parent=\"#accordian-1\" data-target=\"#collapse-1-3561\" href=\"#collapse-1-3561\" aria-expanded=\"false\"><div class=\"fusion-toggle-icon-wrapper\"><div class=\"fusion-toggle-icon-wrapper-main\"><div class=\"fusion-toggle-icon-wrapper-sub\"><i class=\"fa-fusion-box active-icon awb-icon-minus\" aria-hidden=\"true\"><\/i><i class=\"fa-fusion-box inactive-icon awb-icon-plus\" aria-hidden=\"true\"><\/i><\/div><\/div><\/div><div class=\"fusion-toggle-heading\">Quels sont les types de cartes de stationnement mensuelles ?<\/div><\/a><\/h4><\/div><div id=\"collapse-1-3561\" aria-labelledby=\"faq_1-3561\" class=\"panel-collapse collapse\"><div class=\"panel-body toggle-content post-content\"><p>Des permis de stationnement mensuels sont disponibles dans certaines structures de stationnement et dans les parcs de surface du centre-ville d&rsquo;Ann Arbor. Il existe trois types de laissez-passer :<\/p>\n<ul>\n<li>Carte d&rsquo;<strong>acc\u00e8s standard<\/strong> &#8211; Cette carte d&rsquo;acc\u00e8s permet \u00e0 un v\u00e9hicule de stationner dans la zone de stationnement public de la structure. Ces laissez-passer permettent d&rsquo;acc\u00e9der \u00e0 l&rsquo;\u00e9tablissement 24 heures sur 24 et 7 jours sur 7.<\/li>\n<li><strong>Laissez-passer limit\u00e9<\/strong> &#8211; L&rsquo;acc\u00e8s est limit\u00e9 aux heures de 15h30 \u00e0 9h00 et \u00e0 toute la journ\u00e9e du samedi et du dimanche. Les d\u00e9tenteurs d&rsquo;un permis de nuit peuvent l&rsquo;utiliser sans restriction pendant les jours f\u00e9ri\u00e9s suivants : Nouvel An, Martin L. King, President&rsquo;s, Memorial, Independence, Labor, Columbus, Veterans, Thanksgiving &amp; Friday, Christmas.<\/li>\n<li><strong>Espace r\u00e9serv\u00e9<\/strong> &#8211; L&rsquo;utilisateur peut garer un v\u00e9hicule \u00e0 la fois dans un espace\/garage qui lui a \u00e9t\u00e9 attribu\u00e9. Le titulaire du bail a l&rsquo;enti\u00e8re responsabilit\u00e9 de r\u00e9glementer et de faire respecter l&rsquo;espace attribu\u00e9, y compris, mais sans s&rsquo;y limiter, de remorquer les v\u00e9hicules non autoris\u00e9s de l&rsquo;espace lou\u00e9. L&rsquo;utilisateur doit pr\u00e9senter son permis \u00e0 tout moment lorsqu&rsquo;il est stationn\u00e9 dans l&rsquo;espace.<\/li>\n<\/ul>\n<\/div><\/div><\/div><div class=\"fusion-panel panel-default fusion-faq-post fusion-faq-post-3557 faq-generale \"><span class=\"entry-title rich-snippet-hidden\">Comment puis-je annuler mon stationnement mensuel ?<\/span><span class=\"vcard rich-snippet-hidden\"><span class=\"fn\"><a href=\"https:\/\/pcia2.com\/fr\/author\/admin\/\" title=\"Articles par admin\" rel=\"author\">admin<\/a><\/span><\/span><span class=\"updated rich-snippet-hidden\">2023-04-03T15:22:38-04:00<\/span><div class=\"panel-heading\"><h4 id=\"faq_1-3557\" class=\"panel-title toggle\"><a data-toggle=\"collapse\" class=\"collapsed\" data-parent=\"#accordian-1\" data-target=\"#collapse-1-3557\" href=\"#collapse-1-3557\" aria-expanded=\"false\"><div class=\"fusion-toggle-icon-wrapper\"><div class=\"fusion-toggle-icon-wrapper-main\"><div class=\"fusion-toggle-icon-wrapper-sub\"><i class=\"fa-fusion-box active-icon awb-icon-minus\" aria-hidden=\"true\"><\/i><i class=\"fa-fusion-box inactive-icon awb-icon-plus\" aria-hidden=\"true\"><\/i><\/div><\/div><\/div><div class=\"fusion-toggle-heading\">Comment puis-je annuler mon stationnement mensuel ?<\/div><\/a><\/h4><\/div><div id=\"collapse-1-3557\" aria-labelledby=\"faq_1-3557\" class=\"panel-collapse collapse\"><div class=\"panel-body toggle-content post-content\"><ul>\n<li>Toute annulation doit \u00eatre soumise par \u00e9crit. Vous pouvez le faire en passant \u00e0 notre bureau du lundi au vendredi, de 8h00 \u00e0 17h00, pour soumettre un formulaire d&rsquo;annulation, en faxant votre demande au (734) 668-6479, ou en envoyant un courriel \u00e0 a2parkingadmin@municipalparking.com. N&rsquo;oubliez pas d&rsquo;indiquer le nom figurant sur le compte et la date \u00e0 laquelle vous souhaitez que l&rsquo;annulation prenne effet. De plus, si vous poss\u00e9dez plus d&rsquo;un abonnement, veuillez nous indiquer quel(s) abonnement(s) vous annulez.<\/li>\n<li>Par ailleurs, les annulations dont la date d&rsquo;entr\u00e9e en vigueur se situe entre le premier jour ouvrable et le 15 de chaque mois devront \u00eatre pay\u00e9es \u00e0 hauteur de la moiti\u00e9 du montant de la facture. Apr\u00e8s le 15, les annulations donneront lieu au paiement de la totalit\u00e9 de la facture.<\/li>\n<li>Veuillez renvoyer le laissez-passer \u00e0 PCI Municipal Services 324 Maynard Ann Arbor, MI 48104 peu de temps apr\u00e8s la date d&rsquo;annulation effective. S&rsquo;il reste un solde sur votre compte apr\u00e8s l&rsquo;annulation, des frais de retard mensuels seront appliqu\u00e9s lorsque le compte est en retard de 30 jours jusqu&rsquo;\u00e0 ce que le solde soit pay\u00e9 ; les soldes de 90 jours sont envoy\u00e9s au service de recouvrement.<\/li>\n<\/ul>\n<\/div><\/div><\/div><div class=\"fusion-panel panel-default fusion-faq-post fusion-faq-post-3556 faq-generale \"><span class=\"entry-title rich-snippet-hidden\">Comment r\u00e9server une carte de stationnement mensuelle ?<\/span><span class=\"vcard rich-snippet-hidden\"><span class=\"fn\"><a href=\"https:\/\/pcia2.com\/fr\/author\/admin\/\" title=\"Articles par admin\" rel=\"author\">admin<\/a><\/span><\/span><span class=\"updated rich-snippet-hidden\">2023-04-03T15:22:33-04:00<\/span><div class=\"panel-heading\"><h4 id=\"faq_1-3556\" class=\"panel-title toggle\"><a data-toggle=\"collapse\" class=\"collapsed\" data-parent=\"#accordian-1\" data-target=\"#collapse-1-3556\" href=\"#collapse-1-3556\" aria-expanded=\"false\"><div class=\"fusion-toggle-icon-wrapper\"><div class=\"fusion-toggle-icon-wrapper-main\"><div class=\"fusion-toggle-icon-wrapper-sub\"><i class=\"fa-fusion-box active-icon awb-icon-minus\" aria-hidden=\"true\"><\/i><i class=\"fa-fusion-box inactive-icon awb-icon-plus\" aria-hidden=\"true\"><\/i><\/div><\/div><\/div><div class=\"fusion-toggle-heading\">Comment r\u00e9server une carte de stationnement mensuelle ?<\/div><\/a><\/h4><\/div><div id=\"collapse-1-3556\" aria-labelledby=\"faq_1-3556\" class=\"panel-collapse collapse\"><div class=\"panel-body toggle-content post-content\"><p>Veuillez contacter la Downtown Development Authority \u00e0 l&rsquo;adresse parking@a2dda.org ou utiliser ce <a href=\"https:\/\/payment.rpsa2.com\/Home\/RequestMonthlyPass#FormSection\">formulaire en ligne<\/a>. Ils peuvent vous faire savoir s&rsquo;ils ont des disponibilit\u00e9s dans l&rsquo;\u00e9tablissement. Une fois que les services municipaux de PCI ont re\u00e7u la confirmation qu&rsquo;un espace dans une structure ou un terrain vous a \u00e9t\u00e9 attribu\u00e9, nous pouvons d\u00e9livrer le laissez-passer. Tous les nouveaux abonnements doivent faire l&rsquo;objet d&rsquo;un contrat sign\u00e9, accompagn\u00e9 du paiement des frais d&rsquo;\u00e9tablissement non remboursables et du mois de stationnement en cours. Cela s&rsquo;applique \u00e0 tous les comptes, qu&rsquo;ils soient nouveaux ou qu&rsquo;ils ajoutent des laissez-passer. Vous devez vous munir d&rsquo;un permis de conduire valide et pr\u00e9voir environ 15 \u00e0 20 minutes pour retirer le laissez-passer.<\/p>\n<\/div><\/div><\/div><div class=\"fusion-panel panel-default fusion-faq-post fusion-faq-post-3552 faq-generale \"><span class=\"entry-title rich-snippet-hidden\">Le compteur indique Hors service. Que dois-je faire ?<\/span><span class=\"vcard rich-snippet-hidden\"><span class=\"fn\"><a href=\"https:\/\/pcia2.com\/fr\/author\/admin\/\" title=\"Articles par admin\" rel=\"author\">admin<\/a><\/span><\/span><span class=\"updated rich-snippet-hidden\">2023-04-03T15:22:32-04:00<\/span><div class=\"panel-heading\"><h4 id=\"faq_1-3552\" class=\"panel-title toggle\"><a data-toggle=\"collapse\" class=\"collapsed\" data-parent=\"#accordian-1\" data-target=\"#collapse-1-3552\" href=\"#collapse-1-3552\" aria-expanded=\"false\"><div class=\"fusion-toggle-icon-wrapper\"><div class=\"fusion-toggle-icon-wrapper-main\"><div class=\"fusion-toggle-icon-wrapper-sub\"><i class=\"fa-fusion-box active-icon awb-icon-minus\" aria-hidden=\"true\"><\/i><i class=\"fa-fusion-box inactive-icon awb-icon-plus\" aria-hidden=\"true\"><\/i><\/div><\/div><\/div><div class=\"fusion-toggle-heading\">Le compteur indique Hors service. Que dois-je faire ?<\/div><\/a><\/h4><\/div><div id=\"collapse-1-3552\" aria-labelledby=\"faq_1-3552\" class=\"panel-collapse collapse\"><div class=\"panel-body toggle-content post-content\"><ul>\n<li>Nous recommandons toujours de changer de compteur pour \u00e9viter d&rsquo;\u00eatre verbalis\u00e9 par les forces de l&rsquo;ordre.<\/li>\n<li>Veuillez contacter le (734) 761-7235 pour signaler le compteur d\u00e9fectueux afin qu&rsquo;un membre de notre personnel d&rsquo;entretien puisse le r\u00e9parer.<\/li>\n<\/ul>\n<\/div><\/div><\/div><div class=\"fusion-panel panel-default fusion-faq-post fusion-faq-post-3535 faq-generale \"><span class=\"entry-title rich-snippet-hidden\">Combien de temps puis-je laisser mon v\u00e9hicule dans l&rsquo;\u00e9tablissement ?<\/span><span class=\"vcard rich-snippet-hidden\"><span class=\"fn\"><a href=\"https:\/\/pcia2.com\/fr\/author\/admin\/\" title=\"Articles par admin\" rel=\"author\">admin<\/a><\/span><\/span><span class=\"updated rich-snippet-hidden\">2023-04-03T15:22:07-04:00<\/span><div class=\"panel-heading\"><h4 id=\"faq_1-3535\" class=\"panel-title toggle\"><a data-toggle=\"collapse\" class=\"collapsed\" data-parent=\"#accordian-1\" data-target=\"#collapse-1-3535\" href=\"#collapse-1-3535\" aria-expanded=\"false\"><div class=\"fusion-toggle-icon-wrapper\"><div class=\"fusion-toggle-icon-wrapper-main\"><div class=\"fusion-toggle-icon-wrapper-sub\"><i class=\"fa-fusion-box active-icon awb-icon-minus\" aria-hidden=\"true\"><\/i><i class=\"fa-fusion-box inactive-icon awb-icon-plus\" aria-hidden=\"true\"><\/i><\/div><\/div><\/div><div class=\"fusion-toggle-heading\">Combien de temps puis-je laisser mon v\u00e9hicule dans l&rsquo;\u00e9tablissement ?<\/div><\/a><\/h4><\/div><div id=\"collapse-1-3535\" aria-labelledby=\"faq_1-3535\" class=\"panel-collapse collapse\"><div class=\"panel-body toggle-content post-content\"><p>Les voitures peuvent \u00eatre gar\u00e9es jusqu&rsquo;\u00e0 72 heures dans la plupart des \u00e9tablissements. Tout v\u00e9hicule qui reste plus de 72 heures sera remorqu\u00e9 ou enlev\u00e9 aux frais et \u00e0 la responsabilit\u00e9 du propri\u00e9taire. V\u00e9rifiez toujours les panneaux affich\u00e9s \u00e0 la porte d&rsquo;entr\u00e9e pour obtenir des informations sp\u00e9cifiques sur le stationnement dans l&rsquo;\u00e9tablissement.<\/p>\n<\/div><\/div><\/div><\/div><\/div><\/div><\/div><\/div><\/div><\/div><\/div><div class=\"fusion-fullwidth fullwidth-box fusion-builder-row-2 fusion-flex-container nonhundred-percent-fullwidth non-hundred-percent-height-scrolling\" style=\"--awb-border-radius-top-left:0px;--awb-border-radius-top-right:0px;--awb-border-radius-bottom-right:0px;--awb-border-radius-bottom-left:0px;--awb-padding-top:10px;--awb-margin-top:50px;--awb-background-color:#d74026;--awb-flex-wrap:wrap;\" ><div class=\"fusion-builder-row fusion-row fusion-flex-align-items-center fusion-flex-justify-content-center fusion-flex-content-wrap\" style=\"max-width:1248px;margin-left: calc(-4% \/ 2 );margin-right: calc(-4% \/ 2 );\"><div class=\"fusion-layout-column fusion_builder_column fusion-builder-column-1 fusion_builder_column_2_3 2_3 fusion-flex-column\" style=\"--awb-bg-size:cover;--awb-width-large:66.666666666667%;--awb-margin-top-large:0px;--awb-spacing-right-large:2.88%;--awb-margin-bottom-large:20px;--awb-spacing-left-large:2.88%;--awb-width-medium:66.666666666667%;--awb-order-medium:0;--awb-spacing-right-medium:2.88%;--awb-spacing-left-medium:2.88%;--awb-width-small:100%;--awb-order-small:0;--awb-spacing-right-small:1.92%;--awb-spacing-left-small:1.92%;\"><div class=\"fusion-column-wrapper fusion-column-has-shadow fusion-flex-justify-content-flex-start fusion-content-layout-column\"><div class=\"fusion-text fusion-text-2\"><h3><span style=\"color: #ffffff;\">Notre direction met \u00e0 la disposition de nos clients plus de cinq d\u00e9cennies d&rsquo;exp\u00e9rience municipale \u00e9prouv\u00e9e et offre des conseils sur tous les aspects des op\u00e9rations de stationnement hors rue et sur rue.<\/span><\/h3>\n<\/div><\/div><\/div><div class=\"fusion-layout-column fusion_builder_column fusion-builder-column-2 fusion_builder_column_1_3 1_3 fusion-flex-column\" style=\"--awb-bg-size:cover;--awb-width-large:33.333333333333%;--awb-margin-top-large:0px;--awb-spacing-right-large:5.76%;--awb-margin-bottom-large:20px;--awb-spacing-left-large:5.76%;--awb-width-medium:33.333333333333%;--awb-order-medium:0;--awb-spacing-right-medium:5.76%;--awb-spacing-left-medium:5.76%;--awb-width-small:100%;--awb-order-small:0;--awb-spacing-right-small:1.92%;--awb-spacing-left-small:1.92%;\"><div class=\"fusion-column-wrapper fusion-column-has-shadow fusion-flex-justify-content-flex-start fusion-content-layout-column\"><div ><a class=\"fusion-button button-flat fusion-button-default-size button-default fusion-button-default button-1 fusion-button-span-yes fusion-button-default-type\" target=\"_self\" href=\"http:\/\/pcia2.com\/contact-us\/\"><span class=\"fusion-button-text awb-button__text awb-button__text--default\">CONTACTEZ-NOUS<\/span><\/a><\/div><\/div><\/div><\/div><\/div><\/p>\n","protected":false},"excerpt":{"rendered":"","protected":false},"author":1,"featured_media":0,"parent":0,"menu_order":0,"comment_status":"closed","ping_status":"closed","template":"100-width.php","meta":{"footnotes":""},"page_category":[],"class_list":["post-2860","page","type-page","status-publish","hentry"],"_links":{"self":[{"href":"https:\/\/pcia2.com\/fr\/wp-json\/wp\/v2\/pages\/2860","targetHints":{"allow":["GET"]}}],"collection":[{"href":"https:\/\/pcia2.com\/fr\/wp-json\/wp\/v2\/pages"}],"about":[{"href":"https:\/\/pcia2.com\/fr\/wp-json\/wp\/v2\/types\/page"}],"author":[{"embeddable":true,"href":"https:\/\/pcia2.com\/fr\/wp-json\/wp\/v2\/users\/1"}],"replies":[{"embeddable":true,"href":"https:\/\/pcia2.com\/fr\/wp-json\/wp\/v2\/comments?post=2860"}],"version-history":[{"count":1,"href":"https:\/\/pcia2.com\/fr\/wp-json\/wp\/v2\/pages\/2860\/revisions"}],"predecessor-version":[{"id":2892,"href":"https:\/\/pcia2.com\/fr\/wp-json\/wp\/v2\/pages\/2860\/revisions\/2892"}],"wp:attachment":[{"href":"https:\/\/pcia2.com\/fr\/wp-json\/wp\/v2\/media?parent=2860"}],"wp:term":[{"taxonomy":"page_category","embeddable":true,"href":"https:\/\/pcia2.com\/fr\/wp-json\/wp\/v2\/page_category?post=2860"}],"curies":[{"name":"wp","href":"https:\/\/api.w.org\/{rel}","templated":true}]}}