{"id":2797,"date":"2022-05-03T16:08:55","date_gmt":"2022-05-03T16:08:55","guid":{"rendered":"https:\/\/pcia2.com\/politique-de-confidentialite\/"},"modified":"2023-03-30T15:17:15","modified_gmt":"2023-03-30T15:17:15","slug":"politique-de-confidentialite","status":"publish","type":"page","link":"https:\/\/pcia2.com\/fr\/politique-de-confidentialite\/","title":{"rendered":"Politique de confidentialit\u00e9"},"content":{"rendered":"<div class=\"fusion-fullwidth fullwidth-box fusion-builder-row-1 fusion-flex-container nonhundred-percent-fullwidth non-hundred-percent-height-scrolling\" style=\"--awb-border-radius-top-left:0px;--awb-border-radius-top-right:0px;--awb-border-radius-bottom-right:0px;--awb-border-radius-bottom-left:0px;--awb-flex-wrap:wrap;\" ><div class=\"fusion-builder-row fusion-row fusion-flex-align-items-flex-start fusion-flex-content-wrap\" style=\"max-width:1248px;margin-left: calc(-4% \/ 2 );margin-right: calc(-4% \/ 2 );\"><div class=\"fusion-layout-column fusion_builder_column fusion-builder-column-0 fusion_builder_column_1_1 1_1 fusion-flex-column\" style=\"--awb-bg-size:cover;--awb-width-large:100%;--awb-margin-top-large:0px;--awb-spacing-right-large:1.92%;--awb-margin-bottom-large:20px;--awb-spacing-left-large:1.92%;--awb-width-medium:100%;--awb-order-medium:0;--awb-spacing-right-medium:1.92%;--awb-spacing-left-medium:1.92%;--awb-width-small:100%;--awb-order-small:0;--awb-spacing-right-small:1.92%;--awb-spacing-left-small:1.92%;\"><div class=\"fusion-column-wrapper fusion-column-has-shadow fusion-flex-justify-content-flex-start fusion-content-layout-column\"><div class=\"fusion-text fusion-text-1\"><h2>D\u00e9claration de confidentialit\u00e9<\/h2>\n<p>PCI Municipal Services &#8211; Ann Arbor s&rsquo;engage \u00e0 prot\u00e9ger votre vie priv\u00e9e et \u00e0 d\u00e9velopper une technologie qui vous offre l&rsquo;exp\u00e9rience en ligne la plus puissante et la plus s\u00fbre. La pr\u00e9sente d\u00e9claration de confidentialit\u00e9 s&rsquo;applique au site Web de PCI Municipal Services &#8211; Ann Arbor et r\u00e9git la collecte et l&rsquo;utilisation des donn\u00e9es. En utilisant le site web de PCI Municipal Services &#8211; Ann Arbor, vous acceptez les pratiques en mati\u00e8re de donn\u00e9es d\u00e9crites dans la pr\u00e9sente d\u00e9claration.<\/p>\n<h2>Collecte de vos donn\u00e9es personnelles<\/h2>\n<p>PCI Municipal Services &#8211; Ann Arbor recueille des informations personnelles identifiables, telles que votre adresse \u00e9lectronique, votre nom, votre adresse personnelle ou professionnelle ou votre num\u00e9ro de t\u00e9l\u00e9phone. PCI Municipal Services &#8211; Ann Arbor recueille \u00e9galement des informations d\u00e9mographiques anonymes, qui ne vous sont pas propres, telles que votre code postal, votre \u00e2ge, votre sexe, vos pr\u00e9f\u00e9rences, vos int\u00e9r\u00eats et vos favoris. PCI Municipal Services &#8211; Ann Arbor recueille \u00e9galement automatiquement des informations sur votre mat\u00e9riel informatique et vos logiciels. Ces informations peuvent inclure : votre adresse IP, le type de navigateur, les noms de domaine, les temps d&rsquo;acc\u00e8s et les adresses des sites Web de r\u00e9f\u00e9rence. Ces informations sont utilis\u00e9es par PCI Municipal Services &#8211; Ann Arbor pour le fonctionnement du service, pour maintenir la qualit\u00e9 du service et pour fournir des statistiques g\u00e9n\u00e9rales concernant l&rsquo;utilisation du site Web de PCI Municipal Services &#8211; Ann Arbor. N&rsquo;oubliez pas que si vous divulguez directement des informations personnellement identifiables ou des donn\u00e9es sensibles par l&rsquo;interm\u00e9diaire des panneaux d&rsquo;affichage publics de PCI Municipal Services &#8211; Ann Arbor, ces informations peuvent \u00eatre collect\u00e9es et utilis\u00e9es par d&rsquo;autres personnes. Note : PCI Municipal Services &#8211; Ann Arbor ne lit aucune de vos communications priv\u00e9es en ligne. PCI Municipal Services &#8211; Ann Arbor vous encourage \u00e0 examiner les d\u00e9clarations de confidentialit\u00e9 des sites Web vers lesquels vous choisissez d&rsquo;\u00e9tablir un lien \u00e0 partir de PCI Municipal Services &#8211; Ann Arbor, afin de comprendre comment ces sites Web recueillent, utilisent et partagent vos informations. Les Services municipaux de PCI &#8211; Ann Arbor ne sont pas responsables des d\u00e9clarations de confidentialit\u00e9 ou du contenu des sites Web ext\u00e9rieurs aux Services municipaux de PCI &#8211; Ann Arbor et \u00e0 la famille de sites Web des Services municipaux de PCI &#8211; Ann Arbor.<\/p>\n<h2>Utilisation de vos donn\u00e9es personnelles<\/h2>\n<p>PCI Municipal Services &#8211; Ann Arbor recueille et utilise vos informations personnelles pour exploiter le site Web de PCI Municipal Services &#8211; Ann Arbor et fournir les services que vous avez demand\u00e9s. PCI Municipal Services &#8211; Ann Arbor utilise \u00e9galement vos informations d&rsquo;identification personnelle pour vous informer des autres produits ou services disponibles aupr\u00e8s de PCI Municipal Services &#8211; Ann Arbor et de ses affili\u00e9s. PCI Municipal Services &#8211; Ann Arbor peut \u00e9galement vous contacter par le biais d&rsquo;enqu\u00eates pour conna\u00eetre votre opinion sur les services actuels ou sur de nouveaux services potentiels qui pourraient \u00eatre propos\u00e9s. PCI Municipal Services &#8211; Ann Arbor ne vend pas, ne loue pas et ne donne pas en cr\u00e9dit-bail ses listes de clients \u00e0 des tiers. PCI Municipal Services &#8211; Ann Arbor peut, de temps \u00e0 autre, vous contacter au nom de partenaires commerciaux externes au sujet d&rsquo;une offre particuli\u00e8re susceptible de vous int\u00e9resser. Dans ces cas, vos informations personnelles identifiables (e-mail, nom, adresse, num\u00e9ro de t\u00e9l\u00e9phone) ne sont pas transf\u00e9r\u00e9es \u00e0 la tierce partie. En outre, PCI Municipal Services &#8211; Ann Arbor peut partager des donn\u00e9es avec des partenaires de confiance pour nous aider \u00e0 effectuer des analyses statistiques, vous envoyer des courriers \u00e9lectroniques ou postaux, fournir une assistance \u00e0 la client\u00e8le ou organiser des livraisons. Il est interdit \u00e0 tous ces tiers d&rsquo;utiliser vos informations personnelles, sauf pour fournir ces services \u00e0 PCI Municipal Services &#8211; Ann Arbor, et ils sont tenus de pr\u00e9server la confidentialit\u00e9 de vos informations. PCI Municipal Services &#8211; Ann Arbor n&rsquo;utilise pas et ne divulgue pas d&rsquo;informations personnelles sensibles, telles que la race, la religion ou les affiliations politiques, sans votre consentement explicite. PCI Municipal Services &#8211; Ann Arbor garde trace des sites Web et des pages que nos clients visitent au sein de PCI Municipal Services &#8211; Ann Arbor, afin de d\u00e9terminer quels services de PCI Municipal Services &#8211; Ann Arbor sont les plus populaires. Ces donn\u00e9es sont utilis\u00e9es pour fournir un contenu et une publicit\u00e9 personnalis\u00e9s au sein de PCI Municipal Services &#8211; Ann Arbor aux clients dont le comportement indique qu&rsquo;ils s&rsquo;int\u00e9ressent \u00e0 un domaine particulier. Les sites Web de PCI Municipal Services &#8211; Ann Arbor ne divulgueront vos informations personnelles, sans pr\u00e9avis, que si la loi l&rsquo;exige ou si l&rsquo;on estime en toute bonne foi qu&rsquo;une telle action est n\u00e9cessaire pour : (a) se conformer aux \u00e9dits de la loi ou se conformer \u00e0 la proc\u00e9dure l\u00e9gale signifi\u00e9e \u00e0 PCI Municipal Services &#8211; Ann Arbor ou au site ; (b) prot\u00e9ger et d\u00e9fendre les droits ou la propri\u00e9t\u00e9 de PCI Municipal Services &#8211; Ann Arbor ; et, (c) agir dans des circonstances d&rsquo;urgence pour prot\u00e9ger la s\u00e9curit\u00e9 personnelle des utilisateurs de PCI Municipal Services &#8211; Ann Arbor, ou du public.<\/p>\n<h2>Utilisation des cookies<\/h2>\n<p>Le site Web de PCI Municipal Services &#8211; Ann Arbor utilise des \u00ab\u00a0cookies\u00a0\u00bb pour vous aider \u00e0 personnaliser votre exp\u00e9rience en ligne. Un cookie est un fichier texte plac\u00e9 sur votre disque dur par un serveur de page web. Les cookies ne peuvent pas \u00eatre utilis\u00e9s pour ex\u00e9cuter des programmes ou transmettre des virus \u00e0 votre ordinateur. Les cookies vous sont attribu\u00e9s de mani\u00e8re unique et ne peuvent \u00eatre lus que par un serveur web du domaine qui a \u00e9mis le cookie. L&rsquo;un des principaux objectifs des cookies est de vous faire gagner du temps. Le but d&rsquo;un cookie est d&rsquo;indiquer au serveur Web que vous \u00eates revenu sur une page sp\u00e9cifique. Par exemple, si vous personnalisez les pages des Services municipaux de PCI &#8211; Ann Arbor, ou si vous vous inscrivez sur le site ou les services des Services municipaux de PCI &#8211; Ann Arbor, un t\u00e9moin aide les Services municipaux de PCI &#8211; Ann Arbor \u00e0 se souvenir de vos informations sp\u00e9cifiques lors de visites ult\u00e9rieures. Cela simplifie le processus d&rsquo;enregistrement de vos informations personnelles, telles que les adresses de facturation, les adresses de livraison, etc. Lorsque vous retournez sur le m\u00eame site Web des Services municipaux PCI &#8211; Ann Arbor, les informations que vous avez fournies pr\u00e9c\u00e9demment peuvent \u00eatre r\u00e9cup\u00e9r\u00e9es, afin que vous puissiez facilement utiliser les fonctionnalit\u00e9s des Services municipaux PCI &#8211; Ann Arbor que vous avez personnalis\u00e9es. Vous avez la possibilit\u00e9 d&rsquo;accepter ou de refuser les cookies. La plupart des navigateurs Web acceptent automatiquement les cookies, mais vous pouvez g\u00e9n\u00e9ralement modifier les param\u00e8tres de votre navigateur pour refuser les cookies si vous le souhaitez. Si vous choisissez de refuser les cookies, il se peut que vous ne puissiez pas profiter pleinement des fonctions interactives des services de PCI Municipal Services &#8211; Ann Arbor ou des sites Web que vous visitez.<\/p>\n<h2>S\u00e9curit\u00e9 de vos donn\u00e9es personnelles<\/h2>\n<p>PCI Municipal Services &#8211; Ann Arbor prot\u00e8ge vos informations personnelles contre tout acc\u00e8s, utilisation ou divulgation non autoris\u00e9s. PCI Municipal Services &#8211; Ann Arbor s\u00e9curise les informations personnellement identifiables que vous fournissez sur des serveurs informatiques dans un environnement contr\u00f4l\u00e9 et s\u00e9curis\u00e9, \u00e0 l&rsquo;abri de tout acc\u00e8s, utilisation ou divulgation non autoris\u00e9s. Lorsque des informations personnelles (telles qu&rsquo;un num\u00e9ro de carte de cr\u00e9dit) sont transmises \u00e0 d&rsquo;autres sites web, elles sont prot\u00e9g\u00e9es par l&rsquo;utilisation d&rsquo;un syst\u00e8me de cryptage, tel que le protocole Secure Socket Layer (SSL).<\/p>\n<h2>Modifications de la pr\u00e9sente d\u00e9claration<\/h2>\n<p>PCI Municipal Services &#8211; Ann Arbor mettra occasionnellement \u00e0 jour cette d\u00e9claration de confidentialit\u00e9 afin de refl\u00e9ter les commentaires de l&rsquo;entreprise et des clients. PCI Municipal Services &#8211; Ann Arbor vous encourage \u00e0 revoir p\u00e9riodiquement la pr\u00e9sente d\u00e9claration pour \u00eatre inform\u00e9 de la mani\u00e8re dont PCI Municipal Services &#8211; Ann Arbor prot\u00e8ge vos informations.<\/p>\n<h2>Informations de contact<\/h2>\n<p>PCI Municipal Services &#8211; Ann Arbor vous invite \u00e0 lui faire part de vos commentaires concernant la pr\u00e9sente d\u00e9claration de confidentialit\u00e9. Si vous pensez que PCI Municipal Services &#8211; Ann Arbor n&rsquo;a pas respect\u00e9 la pr\u00e9sente d\u00e9claration, veuillez contacter PCI Municipal Services &#8211; Ann Arbor \u00e0 l&rsquo;adresse<span data-sheets-value=\"{\" data-sheets-userformat=\"{\" data-sheets-hyperlink=\"mailto:parkingadmin@municipalparking.com\">a2parkingadmin@municipalparking.com<\/span>. Nous ferons des efforts commercialement raisonnables pour d\u00e9terminer rapidement le probl\u00e8me et y rem\u00e9dier.<\/p>\n<\/div><\/div><\/div><\/div><\/div>\n","protected":false},"excerpt":{"rendered":"","protected":false},"author":1,"featured_media":0,"parent":0,"menu_order":0,"comment_status":"closed","ping_status":"open","template":"","meta":{"footnotes":""},"page_category":[],"class_list":["post-2797","page","type-page","status-publish","hentry"],"_links":{"self":[{"href":"https:\/\/pcia2.com\/fr\/wp-json\/wp\/v2\/pages\/2797","targetHints":{"allow":["GET"]}}],"collection":[{"href":"https:\/\/pcia2.com\/fr\/wp-json\/wp\/v2\/pages"}],"about":[{"href":"https:\/\/pcia2.com\/fr\/wp-json\/wp\/v2\/types\/page"}],"author":[{"embeddable":true,"href":"https:\/\/pcia2.com\/fr\/wp-json\/wp\/v2\/users\/1"}],"replies":[{"embeddable":true,"href":"https:\/\/pcia2.com\/fr\/wp-json\/wp\/v2\/comments?post=2797"}],"version-history":[{"count":2,"href":"https:\/\/pcia2.com\/fr\/wp-json\/wp\/v2\/pages\/2797\/revisions"}],"predecessor-version":[{"id":2805,"href":"https:\/\/pcia2.com\/fr\/wp-json\/wp\/v2\/pages\/2797\/revisions\/2805"}],"wp:attachment":[{"href":"https:\/\/pcia2.com\/fr\/wp-json\/wp\/v2\/media?parent=2797"}],"wp:term":[{"taxonomy":"page_category","embeddable":true,"href":"https:\/\/pcia2.com\/fr\/wp-json\/wp\/v2\/page_category?post=2797"}],"curies":[{"name":"wp","href":"https:\/\/api.w.org\/{rel}","templated":true}]}}