{"id":3044,"date":"2022-05-09T13:34:55","date_gmt":"2022-05-09T13:34:55","guid":{"rendered":"https:\/\/pcia2.com\/aparcamiento-de-pago\/"},"modified":"2023-03-30T15:20:46","modified_gmt":"2023-03-30T15:20:46","slug":"aparcamiento-de-pago","status":"publish","type":"page","link":"https:\/\/pcia2.com\/es\/aparcamiento-de-pago\/","title":{"rendered":"Aparcamiento de pago"},"content":{"rendered":"<p><div class=\"fusion-fullwidth fullwidth-box fusion-builder-row-1 fusion-flex-container nonhundred-percent-fullwidth non-hundred-percent-height-scrolling\" style=\"--awb-border-radius-top-left:0px;--awb-border-radius-top-right:0px;--awb-border-radius-bottom-right:0px;--awb-border-radius-bottom-left:0px;--awb-flex-wrap:wrap;\" ><div class=\"fusion-builder-row fusion-row fusion-flex-align-items-flex-start fusion-flex-content-wrap\" style=\"max-width:1248px;margin-left: calc(-4% \/ 2 );margin-right: calc(-4% \/ 2 );\"><div class=\"fusion-layout-column fusion_builder_column fusion-builder-column-0 fusion_builder_column_2_3 2_3 fusion-flex-column\" style=\"--awb-bg-size:cover;--awb-width-large:66.666666666667%;--awb-margin-top-large:0px;--awb-spacing-right-large:2.88%;--awb-margin-bottom-large:20px;--awb-spacing-left-large:2.88%;--awb-width-medium:66.666666666667%;--awb-order-medium:0;--awb-spacing-right-medium:2.88%;--awb-spacing-left-medium:2.88%;--awb-width-small:100%;--awb-order-small:0;--awb-spacing-right-small:1.92%;--awb-spacing-left-small:1.92%;\"><div class=\"fusion-column-wrapper fusion-column-has-shadow fusion-flex-justify-content-flex-start fusion-content-layout-column\"><div class=\"fusion-text fusion-text-1\"><h2>La Autoridad de Desarrollo del Centro de Ann Arbor pone a su disposici\u00f3n una nueva opci\u00f3n de pago en todas las estructuras y en el solar abierto de South Ashley.<\/h2>\n<\/div><div class=\"fusion-separator\" style=\"align-self: flex-start;margin-right:auto;margin-top:-15px;margin-bottom:20px;width:100%;max-width:60px;\"><div class=\"fusion-separator-border sep-single sep-solid\" style=\"--awb-height:20px;--awb-amount:20px;--awb-sep-color:#d74026;border-color:#d74026;border-top-width:3px;\"><\/div><\/div><div class=\"fusion-text fusion-text-2\"><h3>Preguntas frecuentes<\/h3>\n<\/div><style type=\"text\/css\">.fusion-faqs-wrapper #accordian-1 .fusion-panel { border-color:#e2e2e2; }.fusion-faqs-wrapper #accordian-1 .fusion-panel:hover{ border-color: #e2e2e2; }.fusion-accordian #accordian-1 .panel-title a .fa-fusion-box:before{ font-size: 16px;width: 16px;}.fusion-accordian #accordian-1 .panel-title a .fa-fusion-box{ color: #0b182f;}.fusion-accordian  #accordian-1 .panel-title a{font-family:\"Montserrat\";font-style:normal;font-weight:400;}.fusion-accordian  #accordian-1 .panel-title a:not(:hover){}.fusion-accordian  #accordian-1 .toggle-content{font-family:\"Montserrat\";font-style:normal;font-weight:400;}.fusion-accordian #accordian-1 .panel-title a:hover,.fusion-accordian #accordian-1 .panel-title a.hover { color: #1d4589;}.fusion-faq-shortcode .fusion-accordian #accordian-1 .fusion-toggle-boxed-mode:hover .panel-title a { color: #1d4589;}.fusion-accordian #accordian-1.fusion-toggle-icon-unboxed .panel-title a:hover .fa-fusion-box,.fusion-accordian #accordian-1.fusion-toggle-icon-unboxed .panel-title a.hover .fa-fusion-box { color: #1d4589; }<\/style><div class=\"fusion-faq-shortcode\" style=\"\"><div class=\"fusion-faqs-wrapper\"><div class=\"accordian fusion-accordian\"><div class=\"panel-group  fusion-toggle-icon-unboxed\" id=\"accordian-1\"><div class=\"fusion-panel panel-default fusion-faq-post fusion-faq-post-3553 tarjeta-de-aparcamiento-easy-pay \"><span class=\"entry-title rich-snippet-hidden\">\u00bfQu\u00e9 es una tarjeta easy pay?<\/span><span class=\"vcard rich-snippet-hidden\"><span class=\"fn\"><a href=\"https:\/\/pcia2.com\/es\/author\/admin\/\" title=\"Entradas de admin\" rel=\"author\">admin<\/a><\/span><\/span><span class=\"updated rich-snippet-hidden\">2023-04-03T15:22:29-04:00<\/span><div class=\"panel-heading\"><h4 id=\"faq_1-3553\" class=\"panel-title toggle\"><a data-toggle=\"collapse\" class=\"collapsed\" data-parent=\"#accordian-1\" data-target=\"#collapse-1-3553\" href=\"#collapse-1-3553\" aria-expanded=\"false\"><div class=\"fusion-toggle-icon-wrapper\"><div class=\"fusion-toggle-icon-wrapper-main\"><div class=\"fusion-toggle-icon-wrapper-sub\"><i class=\"fa-fusion-box active-icon awb-icon-minus\" aria-hidden=\"true\"><\/i><i class=\"fa-fusion-box inactive-icon awb-icon-plus\" aria-hidden=\"true\"><\/i><\/div><\/div><\/div><div class=\"fusion-toggle-heading\">\u00bfQu\u00e9 es una tarjeta easy pay?<\/div><\/a><\/h4><\/div><div id=\"collapse-1-3553\" aria-labelledby=\"faq_1-3553\" class=\"panel-collapse collapse\"><div class=\"panel-body toggle-content post-content\"><p>Se han instalado equipos en todas las estructuras y en el solar abierto de South Ashely para utilizar una tarjeta de proximidad de valor almacenado\/prepago conocida como tarjeta Easy Pay. Esta tarjeta le permite llevar un saldo y entrar\/salir f\u00e1cilmente de la estructura, al tiempo que deduce fondos de la tarjeta a la tarifa horaria est\u00e1ndar.<\/p>\n<p>Se pueden comprar varias tarjetas y compartir el mismo saldo prepagado (conocido como monedero de empresa). Esto permite a una empresa mantener y a\u00f1adir dinero a un saldo.<\/p>\n<\/div><\/div><\/div><div class=\"fusion-panel panel-default fusion-faq-post fusion-faq-post-3555 tarjeta-de-aparcamiento-easy-pay \"><span class=\"entry-title rich-snippet-hidden\">\u00bfD\u00f3nde se puede comprar una tarjeta easy pay?<\/span><span class=\"vcard rich-snippet-hidden\"><span class=\"fn\"><a href=\"https:\/\/pcia2.com\/es\/author\/admin\/\" title=\"Entradas de admin\" rel=\"author\">admin<\/a><\/span><\/span><span class=\"updated rich-snippet-hidden\">2023-04-03T15:22:29-04:00<\/span><div class=\"panel-heading\"><h4 id=\"faq_1-3555\" class=\"panel-title toggle\"><a data-toggle=\"collapse\" class=\"collapsed\" data-parent=\"#accordian-1\" data-target=\"#collapse-1-3555\" href=\"#collapse-1-3555\" aria-expanded=\"false\"><div class=\"fusion-toggle-icon-wrapper\"><div class=\"fusion-toggle-icon-wrapper-main\"><div class=\"fusion-toggle-icon-wrapper-sub\"><i class=\"fa-fusion-box active-icon awb-icon-minus\" aria-hidden=\"true\"><\/i><i class=\"fa-fusion-box inactive-icon awb-icon-plus\" aria-hidden=\"true\"><\/i><\/div><\/div><\/div><div class=\"fusion-toggle-heading\">\u00bfD\u00f3nde se puede comprar una tarjeta easy pay?<\/div><\/a><\/h4><\/div><div id=\"collapse-1-3555\" aria-labelledby=\"faq_1-3555\" class=\"panel-collapse collapse\"><div class=\"panel-body toggle-content post-content\"><p>La tarjeta Easy Pay puede adquirirse en la Oficina de Servicios Municipales de la PCI, situada en el 324 de Maynard Street, en Ann Arbor, durante el horario normal de oficina. En el momento de la compra, se le cobrar\u00e1 el importe que desee a\u00f1adir a la tarjeta m\u00e1s una tasa de 10,00 $ por tarjeta.<\/p>\n<p>Nota: No doble, corte, escriba ni coloque pegatinas en las tarjetas. Esto puede reducir la capacidad de los lectores para detectar la tarjeta (tasa de sustituci\u00f3n: 10,00 $).<\/p>\n<\/div><\/div><\/div><div class=\"fusion-panel panel-default fusion-faq-post fusion-faq-post-3641 tarjeta-de-aparcamiento-easy-pay \"><span class=\"entry-title rich-snippet-hidden\">\u00bfC\u00f3mo utilizar una tarjeta easy pay?<\/span><span class=\"vcard rich-snippet-hidden\"><span class=\"fn\"><a href=\"https:\/\/pcia2.com\/es\/author\/admin\/\" title=\"Entradas de admin\" rel=\"author\">admin<\/a><\/span><\/span><span class=\"updated rich-snippet-hidden\">2022-05-11T13:38:20-04:00<\/span><div class=\"panel-heading\"><h4 id=\"faq_1-3641\" class=\"panel-title toggle\"><a data-toggle=\"collapse\" class=\"collapsed\" data-parent=\"#accordian-1\" data-target=\"#collapse-1-3641\" href=\"#collapse-1-3641\" aria-expanded=\"false\"><div class=\"fusion-toggle-icon-wrapper\"><div class=\"fusion-toggle-icon-wrapper-main\"><div class=\"fusion-toggle-icon-wrapper-sub\"><i class=\"fa-fusion-box active-icon awb-icon-minus\" aria-hidden=\"true\"><\/i><i class=\"fa-fusion-box inactive-icon awb-icon-plus\" aria-hidden=\"true\"><\/i><\/div><\/div><\/div><div class=\"fusion-toggle-heading\">\u00bfC\u00f3mo utilizar una tarjeta easy pay?<\/div><\/a><\/h4><\/div><div id=\"collapse-1-3641\" aria-labelledby=\"faq_1-3641\" class=\"panel-collapse collapse\"><div class=\"panel-body toggle-content post-content\"><p>Despu\u00e9s de comprar la tarjeta Easy Pay y conducir hasta su aparcamiento preferido, ac\u00e9rquese lentamente al expendedor de billetes. Escanee su tarjeta en el sensor \u00abKEY CARD HERE\u00bb situado en la parte inferior derecha de la m\u00e1quina.<\/p>\n<p>El port\u00f3n deber\u00eda levantarse y en la pantalla aparecer\u00e1 el mensaje BIENVENIDO: [YOUR NAME]. Una vez que el port\u00f3n se levante por completo, tire hacia adelante y contin\u00fae conduciendo hasta llegar a un espacio abierto. No volver\u00e1 a necesitar su tarjeta Easy Pay hasta que est\u00e9 listo para salir.<\/p>\n<p>Este es el mismo proceso que utilizar\u00e1 al salir. Adel\u00e1ntese a un carril de salida, escanee la tarjeta en el sensor &#8216;TARJETA LLAVE AQU\u00cd&#8217; de la m\u00e1quina. La puerta deber\u00eda levantarse y la pantalla dir\u00e1 ADI\u00d3S y mostrar\u00e1 la carga actual y el saldo restante.<\/p>\n<p>Nota: La tarjeta Easy Pay debe permanecer en secuencia, es decir: Entrada y luego Salida. Si alguna vez se sale de la secuencia, es posible que la tarjeta no funcione, y tendr\u00e1 que pulsar el bot\u00f3n de petici\u00f3n de ayuda del expendedor de billetes para que se restablezca el pase. Los reinicios continuados pueden dar lugar a la p\u00e9rdida de los privilegios de estacionamiento.<\/p>\n<\/div><\/div><\/div><div class=\"fusion-panel panel-default fusion-faq-post fusion-faq-post-3548 tarjeta-de-aparcamiento-easy-pay \"><span class=\"entry-title rich-snippet-hidden\">\u00bfC\u00f3mo recargar la tarjeta easy pay?<\/span><span class=\"vcard rich-snippet-hidden\"><span class=\"fn\"><a href=\"https:\/\/pcia2.com\/es\/author\/admin\/\" title=\"Entradas de admin\" rel=\"author\">admin<\/a><\/span><\/span><span class=\"updated rich-snippet-hidden\">2023-04-03T15:22:28-04:00<\/span><div class=\"panel-heading\"><h4 id=\"faq_1-3548\" class=\"panel-title toggle\"><a data-toggle=\"collapse\" class=\"collapsed\" data-parent=\"#accordian-1\" data-target=\"#collapse-1-3548\" href=\"#collapse-1-3548\" aria-expanded=\"false\"><div class=\"fusion-toggle-icon-wrapper\"><div class=\"fusion-toggle-icon-wrapper-main\"><div class=\"fusion-toggle-icon-wrapper-sub\"><i class=\"fa-fusion-box active-icon awb-icon-minus\" aria-hidden=\"true\"><\/i><i class=\"fa-fusion-box inactive-icon awb-icon-plus\" aria-hidden=\"true\"><\/i><\/div><\/div><\/div><div class=\"fusion-toggle-heading\">\u00bfC\u00f3mo recargar la tarjeta easy pay?<\/div><\/a><\/h4><\/div><div id=\"collapse-1-3548\" aria-labelledby=\"faq_1-3548\" class=\"panel-collapse collapse\"><div class=\"panel-body toggle-content post-content\"><p>Despu\u00e9s de la compra inicial, se pueden a\u00f1adir fondos a la tarjeta poni\u00e9ndose en contacto con la Oficina Municipal de Aparcamiento de PCI por tel\u00e9fono o pasando por la oficina para hacer un pago en persona.<\/p>\n<p>Nota: La tarjeta easy pay no le permitir\u00e1 entrar en la estructura si su saldo es inferior a 28,80 $.<\/p>\n<p>Para solicitar un registro de transacciones para su tarjeta, env\u00ede un correo electr\u00f3nico a la oficina de Administraci\u00f3n de Servicios Municipales PCI a <a href=\"mailto:a2parkingadmin@municipalparking.com\">a2parkingadmin@municipalparking.com.<\/a> Deber\u00e1 facilitar el n\u00famero de la tarjeta de proximidad impreso en ella. Este registro mostrar\u00e1 todos los cargos y adiciones a la cuenta en los \u00faltimos 90 d\u00edas.<\/p>\n<p>&nbsp;<\/p>\n<\/div><\/div><\/div><\/div><\/div><\/div><\/div><\/div><\/div><div class=\"fusion-layout-column fusion_builder_column fusion-builder-column-1 fusion_builder_column_1_3 1_3 fusion-flex-column\" style=\"--awb-bg-size:cover;--awb-width-large:33.333333333333%;--awb-margin-top-large:0px;--awb-spacing-right-large:5.76%;--awb-margin-bottom-large:20px;--awb-spacing-left-large:5.76%;--awb-width-medium:33.333333333333%;--awb-order-medium:0;--awb-spacing-right-medium:5.76%;--awb-spacing-left-medium:5.76%;--awb-width-small:100%;--awb-order-small:0;--awb-spacing-right-small:1.92%;--awb-spacing-left-small:1.92%;\"><div class=\"fusion-column-wrapper fusion-column-has-shadow fusion-flex-justify-content-flex-start fusion-content-layout-column\"><div class=\"fusion-image-element \" style=\"--awb-caption-title-font-family:var(--h2_typography-font-family);--awb-caption-title-font-weight:var(--h2_typography-font-weight);--awb-caption-title-font-style:var(--h2_typography-font-style);--awb-caption-title-size:var(--h2_typography-font-size);--awb-caption-title-transform:var(--h2_typography-text-transform);--awb-caption-title-line-height:var(--h2_typography-line-height);--awb-caption-title-letter-spacing:var(--h2_typography-letter-spacing);\"><span class=\" fusion-imageframe imageframe-dropshadow imageframe-1 hover-type-none\" style=\"-webkit-box-shadow: 3px 3px 7px var(--awb-color7);box-shadow: 3px 3px 7px var(--awb-color7);\"><img decoding=\"async\" width=\"750\" height=\"1000\" alt=\"person using easy pay parking machine \" title=\"ezpay\" src=\"https:\/\/pcia2.com\/wp-content\/uploads\/2022\/07\/ezpay.jpg\" class=\"img-responsive wp-image-2752\" srcset=\"https:\/\/pcia2.com\/wp-content\/uploads\/2022\/07\/ezpay-200x267.jpg 200w, https:\/\/pcia2.com\/wp-content\/uploads\/2022\/07\/ezpay-400x533.jpg 400w, https:\/\/pcia2.com\/wp-content\/uploads\/2022\/07\/ezpay-600x800.jpg 600w, https:\/\/pcia2.com\/wp-content\/uploads\/2022\/07\/ezpay.jpg 750w\" sizes=\"(max-width: 640px) 100vw, 400px\" \/><\/span><\/div><\/div><\/div><\/div><\/div><div class=\"fusion-fullwidth fullwidth-box fusion-builder-row-2 fusion-flex-container nonhundred-percent-fullwidth non-hundred-percent-height-scrolling\" style=\"--awb-border-radius-top-left:0px;--awb-border-radius-top-right:0px;--awb-border-radius-bottom-right:0px;--awb-border-radius-bottom-left:0px;--awb-padding-top:10px;--awb-margin-top:50px;--awb-background-color:#d74026;--awb-flex-wrap:wrap;\" ><div class=\"fusion-builder-row fusion-row fusion-flex-align-items-center fusion-flex-justify-content-center fusion-flex-content-wrap\" style=\"max-width:1248px;margin-left: calc(-4% \/ 2 );margin-right: calc(-4% \/ 2 );\"><div class=\"fusion-layout-column fusion_builder_column fusion-builder-column-2 fusion_builder_column_2_3 2_3 fusion-flex-column\" style=\"--awb-bg-size:cover;--awb-width-large:66.666666666667%;--awb-margin-top-large:0px;--awb-spacing-right-large:2.88%;--awb-margin-bottom-large:20px;--awb-spacing-left-large:2.88%;--awb-width-medium:66.666666666667%;--awb-order-medium:0;--awb-spacing-right-medium:2.88%;--awb-spacing-left-medium:2.88%;--awb-width-small:100%;--awb-order-small:0;--awb-spacing-right-small:1.92%;--awb-spacing-left-small:1.92%;\"><div class=\"fusion-column-wrapper fusion-column-has-shadow fusion-flex-justify-content-flex-start fusion-content-layout-column\"><div class=\"fusion-text fusion-text-3\"><h3><span style=\"color: #ffffff;\">Nuestra direcci\u00f3n pone a disposici\u00f3n de nuestros clientes m\u00e1s de cinco d\u00e9cadas de experiencia municipal demostrada y ofrece asesoramiento sobre todos los aspectos de las operaciones de aparcamiento en la v\u00eda p\u00fablica y fuera de ella.<\/span><\/h3>\n<\/div><\/div><\/div><div class=\"fusion-layout-column fusion_builder_column fusion-builder-column-3 fusion_builder_column_1_3 1_3 fusion-flex-column\" style=\"--awb-bg-size:cover;--awb-width-large:33.333333333333%;--awb-margin-top-large:0px;--awb-spacing-right-large:5.76%;--awb-margin-bottom-large:20px;--awb-spacing-left-large:5.76%;--awb-width-medium:33.333333333333%;--awb-order-medium:0;--awb-spacing-right-medium:5.76%;--awb-spacing-left-medium:5.76%;--awb-width-small:100%;--awb-order-small:0;--awb-spacing-right-small:1.92%;--awb-spacing-left-small:1.92%;\"><div class=\"fusion-column-wrapper fusion-column-has-shadow fusion-flex-justify-content-flex-start fusion-content-layout-column\"><div ><a class=\"fusion-button button-flat fusion-button-default-size button-default fusion-button-default button-1 fusion-button-span-yes fusion-button-default-type\" target=\"_self\" href=\"http:\/\/pcia2.com\/contact-us\/\"><span class=\"fusion-button-text awb-button__text awb-button__text--default\">CONTACTAR CON NOSOTROS<\/span><\/a><\/div><\/div><\/div><\/div><\/div><\/p>\n","protected":false},"excerpt":{"rendered":"","protected":false},"author":1,"featured_media":0,"parent":0,"menu_order":0,"comment_status":"closed","ping_status":"closed","template":"100-width.php","meta":{"footnotes":""},"page_category":[],"class_list":["post-3044","page","type-page","status-publish","hentry"],"_links":{"self":[{"href":"https:\/\/pcia2.com\/es\/wp-json\/wp\/v2\/pages\/3044","targetHints":{"allow":["GET"]}}],"collection":[{"href":"https:\/\/pcia2.com\/es\/wp-json\/wp\/v2\/pages"}],"about":[{"href":"https:\/\/pcia2.com\/es\/wp-json\/wp\/v2\/types\/page"}],"author":[{"embeddable":true,"href":"https:\/\/pcia2.com\/es\/wp-json\/wp\/v2\/users\/1"}],"replies":[{"embeddable":true,"href":"https:\/\/pcia2.com\/es\/wp-json\/wp\/v2\/comments?post=3044"}],"version-history":[{"count":1,"href":"https:\/\/pcia2.com\/es\/wp-json\/wp\/v2\/pages\/3044\/revisions"}],"predecessor-version":[{"id":3075,"href":"https:\/\/pcia2.com\/es\/wp-json\/wp\/v2\/pages\/3044\/revisions\/3075"}],"wp:attachment":[{"href":"https:\/\/pcia2.com\/es\/wp-json\/wp\/v2\/media?parent=3044"}],"wp:term":[{"taxonomy":"page_category","embeddable":true,"href":"https:\/\/pcia2.com\/es\/wp-json\/wp\/v2\/page_category?post=3044"}],"curies":[{"name":"wp","href":"https:\/\/api.w.org\/{rel}","templated":true}]}}