{"id":3033,"date":"2022-05-09T13:49:59","date_gmt":"2022-05-09T17:49:59","guid":{"rendered":"https:\/\/pcia2.com\/pagar-el-contador\/"},"modified":"2024-06-03T10:20:50","modified_gmt":"2024-06-03T14:20:50","slug":"pagar-el-contador","status":"publish","type":"page","link":"https:\/\/pcia2.com\/es\/pagar-el-contador\/","title":{"rendered":"Pagar el contador"},"content":{"rendered":"<p><div class=\"fusion-fullwidth fullwidth-box fusion-builder-row-1 fusion-flex-container nonhundred-percent-fullwidth non-hundred-percent-height-scrolling\" style=\"--awb-border-radius-top-left:0px;--awb-border-radius-top-right:0px;--awb-border-radius-bottom-right:0px;--awb-border-radius-bottom-left:0px;--awb-flex-wrap:wrap;\" ><div class=\"fusion-builder-row fusion-row fusion-flex-align-items-flex-start fusion-flex-content-wrap\" style=\"max-width:1248px;margin-left: calc(-4% \/ 2 );margin-right: calc(-4% \/ 2 );\"><div class=\"fusion-layout-column fusion_builder_column fusion-builder-column-0 fusion_builder_column_1_2 1_2 fusion-flex-column\" style=\"--awb-bg-size:cover;--awb-width-large:50%;--awb-margin-top-large:0px;--awb-spacing-right-large:3.84%;--awb-margin-bottom-large:20px;--awb-spacing-left-large:3.84%;--awb-width-medium:50%;--awb-order-medium:0;--awb-spacing-right-medium:3.84%;--awb-spacing-left-medium:3.84%;--awb-width-small:100%;--awb-order-small:0;--awb-spacing-right-small:1.92%;--awb-spacing-left-small:1.92%;\"><div class=\"fusion-column-wrapper fusion-column-has-shadow fusion-flex-justify-content-flex-start fusion-content-layout-column\"><div class=\"fusion-text fusion-text-1\"><h2>Hay parqu\u00edmetros en la mayor\u00eda de las calles del centro y en diez aparcamientos con parqu\u00edmetro.<\/h2>\n<\/div><div class=\"fusion-separator\" style=\"align-self: flex-start;margin-right:auto;margin-top:-15px;margin-bottom:20px;width:100%;max-width:60px;\"><div class=\"fusion-separator-border sep-single sep-solid\" style=\"--awb-height:20px;--awb-amount:20px;--awb-sep-color:#d74026;border-color:#d74026;border-top-width:3px;\"><\/div><\/div><div class=\"fusion-text fusion-text-2\"><p>Los parqu\u00edmetros cuestan 2,40 $\/hora de lunes a s\u00e1bado, de 8 a 18 h.<\/p>\n<p>Los parqu\u00edmetros son gratuitos por las tardes, los domingos y todos los d\u00edas festivos observados por los empleados municipales.<\/p>\n<p>Los l\u00edmites de tiempo de estacionamiento se indican en los parqu\u00edmetros o en la pantalla del quiosco epark. La duraci\u00f3n legal del estacionamiento var\u00eda entre 30 minutos y 10 horas. Compruebe siempre las se\u00f1ales antes de aparcar. Aparque s\u00f3lo hasta el tiempo m\u00e1ximo que est\u00e9 anunciado para ese parqu\u00edmetro.<\/p>\n<\/div><\/div><\/div><div class=\"fusion-layout-column fusion_builder_column fusion-builder-column-1 fusion_builder_column_1_2 1_2 fusion-flex-column\" style=\"--awb-bg-size:cover;--awb-width-large:50%;--awb-margin-top-large:0px;--awb-spacing-right-large:3.84%;--awb-margin-bottom-large:20px;--awb-spacing-left-large:3.84%;--awb-width-medium:50%;--awb-order-medium:0;--awb-spacing-right-medium:3.84%;--awb-spacing-left-medium:3.84%;--awb-width-small:100%;--awb-order-small:0;--awb-spacing-right-small:1.92%;--awb-spacing-left-small:1.92%;\"><div class=\"fusion-column-wrapper fusion-column-has-shadow fusion-flex-justify-content-flex-start fusion-content-layout-column\"><div class=\"fusion-slider-sc\"><div class=\"fusion-flexslider-loading flexslider flexslider-hover-type-none\" data-slideshow_autoplay=\"0\" data-slideshow_smooth_height=\"0\" data-slideshow_speed=\"100\" style=\"max-width:100%;height:100%;\"><ul class=\"slides\"><li class=\"image\"><span class=\"fusion-image-hover-element hover-type-none\"><img decoding=\"async\" src=\"http:\/\/pcia2.com\/wp-content\/uploads\/2022\/05\/epark-receipt-300x228-1.jpg\" width=\"300\" height=\"228\" class=\"wp-image-322\" srcset=\"https:\/\/pcia2.com\/wp-content\/uploads\/2022\/05\/epark-receipt-300x228-1-200x152.jpg 200w, https:\/\/pcia2.com\/wp-content\/uploads\/2022\/05\/epark-receipt-300x228-1.jpg 300w\" sizes=\"(max-width: 640px) 100vw, 300px\" \/><\/span><\/li><li class=\"image\"><span class=\"fusion-image-hover-element hover-type-none\"><img decoding=\"async\" src=\"http:\/\/pcia2.com\/wp-content\/uploads\/2022\/05\/paying-epark-300x228-1.jpg\" width=\"300\" height=\"228\" class=\"wp-image-323\" srcset=\"https:\/\/pcia2.com\/wp-content\/uploads\/2022\/05\/paying-epark-300x228-1-200x152.jpg 200w, https:\/\/pcia2.com\/wp-content\/uploads\/2022\/05\/paying-epark-300x228-1.jpg 300w\" sizes=\"(max-width: 640px) 100vw, 300px\" \/><\/span><\/li><li class=\"image\"><span class=\"fusion-image-hover-element hover-type-none\"><img decoding=\"async\" src=\"http:\/\/pcia2.com\/wp-content\/uploads\/2022\/05\/Meter-Post-300x228-1.jpg\" width=\"300\" height=\"228\" class=\"wp-image-324\" srcset=\"https:\/\/pcia2.com\/wp-content\/uploads\/2022\/05\/Meter-Post-300x228-1-200x152.jpg 200w, https:\/\/pcia2.com\/wp-content\/uploads\/2022\/05\/Meter-Post-300x228-1.jpg 300w\" sizes=\"(max-width: 640px) 100vw, 300px\" \/><\/span><\/li><\/ul><\/div><\/div><\/div><\/div><\/div><\/div><div class=\"fusion-fullwidth fullwidth-box fusion-builder-row-2 fusion-flex-container fusion-parallax-none nonhundred-percent-fullwidth non-hundred-percent-height-scrolling\" style=\"--awb-background-position:center bottom;--awb-background-blend-mode:overlay;--awb-border-radius-top-left:0px;--awb-border-radius-top-right:0px;--awb-border-radius-bottom-right:0px;--awb-border-radius-bottom-left:0px;--awb-padding-top:75px;--awb-padding-bottom:50px;--awb-margin-top:25px;--awb-background-color:#7fb7e2;--awb-background-image:url(&quot;http:\/\/pcia2.com\/wp-content\/uploads\/2022\/05\/whitershutterstock_1907220997.jpg&quot;);--awb-background-size:cover;--awb-flex-wrap:wrap;\" ><div class=\"fusion-builder-row fusion-row fusion-flex-align-items-flex-start fusion-flex-content-wrap\" style=\"max-width:1248px;margin-left: calc(-4% \/ 2 );margin-right: calc(-4% \/ 2 );\"><div class=\"fusion-layout-column fusion_builder_column fusion-builder-column-2 fusion_builder_column_3_4 3_4 fusion-flex-column\" style=\"--awb-bg-size:cover;--awb-width-large:75%;--awb-margin-top-large:0px;--awb-spacing-right-large:2.56%;--awb-margin-bottom-large:20px;--awb-spacing-left-large:2.56%;--awb-width-medium:75%;--awb-order-medium:0;--awb-spacing-right-medium:2.56%;--awb-spacing-left-medium:2.56%;--awb-width-small:100%;--awb-order-small:0;--awb-spacing-right-small:1.92%;--awb-spacing-left-small:1.92%;\"><div class=\"fusion-column-wrapper fusion-column-has-shadow fusion-flex-justify-content-flex-start fusion-content-layout-column\"><div class=\"fusion-image-element \" style=\"text-align:left;--awb-margin-bottom:25px;--awb-max-width:170px;--awb-caption-title-font-family:var(--h2_typography-font-family);--awb-caption-title-font-weight:var(--h2_typography-font-weight);--awb-caption-title-font-style:var(--h2_typography-font-style);--awb-caption-title-size:var(--h2_typography-font-size);--awb-caption-title-transform:var(--h2_typography-text-transform);--awb-caption-title-line-height:var(--h2_typography-line-height);--awb-caption-title-letter-spacing:var(--h2_typography-letter-spacing);\"><span class=\" fusion-imageframe imageframe-none imageframe-1 hover-type-none\"><img decoding=\"async\" width=\"578\" height=\"286\" title=\"applogo\" src=\"https:\/\/pcia2.com\/wp-content\/uploads\/2022\/07\/applogo.png\" alt class=\"img-responsive wp-image-2747\" srcset=\"https:\/\/pcia2.com\/wp-content\/uploads\/2022\/07\/applogo-200x99.png 200w, https:\/\/pcia2.com\/wp-content\/uploads\/2022\/07\/applogo-400x198.png 400w, https:\/\/pcia2.com\/wp-content\/uploads\/2022\/07\/applogo.png 578w\" sizes=\"(max-width: 640px) 100vw, 578px\" \/><\/span><\/div><div class=\"fusion-menu-anchor\" id=\"meter\"><\/div><div class=\"fusion-text fusion-text-3\"><h2>C\u00f3mo pagar<\/h2>\n<\/div><div class=\"fusion-separator\" style=\"align-self: flex-start;margin-right:auto;margin-top:-15px;margin-bottom:20px;width:100%;max-width:60px;\"><div class=\"fusion-separator-border sep-single sep-solid\" style=\"--awb-height:20px;--awb-amount:20px;--awb-sep-color:#d74026;border-color:#d74026;border-top-width:3px;\"><\/div><\/div><div class=\"fusion-text fusion-text-4\"><p>Dos opciones para pagar en el parqu\u00edmetro. Aseg\u00farese de anotar su n\u00famero de plaza al aparcar.<\/p>\n<ol>\n<li><strong>Pague en la calle<\/strong> en una estaci\u00f3n de pago e-park. Puede utilizar cualquier estaci\u00f3n de pago de camino a su destino.  <a href=\"http:\/\/pcia2.com\/wp-content\/uploads\/2022\/05\/epark_ins.pdf\">Instrucciones para pagar en un quiosco de epark<\/a><\/li>\n<li><strong>Pague con<\/strong> la aplicaci\u00f3n epark Ann Arbor en su smartphone. Informaci\u00f3n en <a href=\"https:\/\/eparka2.com\/\">eparka2.com.<\/a><\/li>\n<\/ol>\n<p>La aplicaci\u00f3n es de descarga gratuita y le ahorra un viaje a la estaci\u00f3n de pago. Tambi\u00e9n puede prolongar sus sesiones de aparcamiento a distancia y recibir recibos por correo electr\u00f3nico. El DDA sufraga el coste de la tarifa de conveniencia, de modo que la aplicaci\u00f3n es gratuita para todos los usuarios.<\/p>\n<\/div><\/div><\/div><div class=\"fusion-layout-column fusion_builder_column fusion-builder-column-3 fusion_builder_column_1_4 1_4 fusion-flex-column\" style=\"--awb-bg-size:cover;--awb-width-large:25%;--awb-margin-top-large:0px;--awb-spacing-right-large:7.68%;--awb-margin-bottom-large:20px;--awb-spacing-left-large:7.68%;--awb-width-medium:25%;--awb-order-medium:0;--awb-spacing-right-medium:7.68%;--awb-spacing-left-medium:7.68%;--awb-width-small:100%;--awb-order-small:0;--awb-spacing-right-small:1.92%;--awb-spacing-left-small:1.92%;\"><div class=\"fusion-column-wrapper fusion-column-has-shadow fusion-flex-justify-content-flex-start fusion-content-layout-column\"><div class=\"fusion-image-element \" style=\"--awb-caption-title-font-family:var(--h2_typography-font-family);--awb-caption-title-font-weight:var(--h2_typography-font-weight);--awb-caption-title-font-style:var(--h2_typography-font-style);--awb-caption-title-size:var(--h2_typography-font-size);--awb-caption-title-transform:var(--h2_typography-text-transform);--awb-caption-title-line-height:var(--h2_typography-line-height);--awb-caption-title-letter-spacing:var(--h2_typography-letter-spacing);\"><span class=\" fusion-imageframe imageframe-none imageframe-2 hover-type-none\"><img decoding=\"async\" width=\"150\" height=\"273\" title=\"transparent3PayingTheMeter-SideImage1-p1r9xl3u1xpfbwkzqaro6v1wajmhphivck5khbzw2y-2\" src=\"http:\/\/pcia2.com\/wp-content\/uploads\/2022\/05\/transparent3PayingTheMeter-SideImage1-p1r9xl3u1xpfbwkzqaro6v1wajmhphivck5khbzw2y-2.png\" alt class=\"img-responsive wp-image-2597\"\/><\/span><\/div><\/div><\/div><\/div><\/div><div class=\"fusion-fullwidth fullwidth-box fusion-builder-row-3 fusion-flex-container nonhundred-percent-fullwidth non-hundred-percent-height-scrolling\" style=\"--awb-border-radius-top-left:0px;--awb-border-radius-top-right:0px;--awb-border-radius-bottom-right:0px;--awb-border-radius-bottom-left:0px;--awb-padding-top:10px;--awb-background-color:#d74026;--awb-flex-wrap:wrap;\" ><div class=\"fusion-builder-row fusion-row fusion-flex-align-items-center fusion-flex-justify-content-center fusion-flex-content-wrap\" style=\"max-width:1248px;margin-left: calc(-4% \/ 2 );margin-right: calc(-4% \/ 2 );\"><div class=\"fusion-layout-column fusion_builder_column fusion-builder-column-4 fusion_builder_column_2_3 2_3 fusion-flex-column\" style=\"--awb-bg-size:cover;--awb-width-large:66.666666666667%;--awb-margin-top-large:0px;--awb-spacing-right-large:2.88%;--awb-margin-bottom-large:20px;--awb-spacing-left-large:2.88%;--awb-width-medium:66.666666666667%;--awb-order-medium:0;--awb-spacing-right-medium:2.88%;--awb-spacing-left-medium:2.88%;--awb-width-small:100%;--awb-order-small:0;--awb-spacing-right-small:1.92%;--awb-spacing-left-small:1.92%;\"><div class=\"fusion-column-wrapper fusion-column-has-shadow fusion-flex-justify-content-flex-start fusion-content-layout-column\"><div class=\"fusion-text fusion-text-5\"><h3><span style=\"color: #ffffff;\">Nuestra direcci\u00f3n pone a disposici\u00f3n de nuestros clientes m\u00e1s de cinco d\u00e9cadas de experiencia municipal demostrada y ofrece asesoramiento sobre todos los aspectos de las operaciones de aparcamiento en la v\u00eda p\u00fablica y fuera de ella.<\/span><\/h3>\n<\/div><\/div><\/div><div class=\"fusion-layout-column fusion_builder_column fusion-builder-column-5 fusion_builder_column_1_3 1_3 fusion-flex-column\" style=\"--awb-bg-size:cover;--awb-width-large:33.333333333333%;--awb-margin-top-large:0px;--awb-spacing-right-large:5.76%;--awb-margin-bottom-large:20px;--awb-spacing-left-large:5.76%;--awb-width-medium:33.333333333333%;--awb-order-medium:0;--awb-spacing-right-medium:5.76%;--awb-spacing-left-medium:5.76%;--awb-width-small:100%;--awb-order-small:0;--awb-spacing-right-small:1.92%;--awb-spacing-left-small:1.92%;\"><div class=\"fusion-column-wrapper fusion-column-has-shadow fusion-flex-justify-content-flex-start fusion-content-layout-column\"><div ><a class=\"fusion-button button-flat fusion-button-default-size button-default fusion-button-default button-1 fusion-button-span-yes fusion-button-default-type\" target=\"_self\" href=\"https:\/\/pcia2.com\/es\/contacto\/\"><span class=\"fusion-button-text awb-button__text awb-button__text--default\">CONTACTAR CON NOSOTROS<\/span><\/a><\/div><\/div><\/div><\/div><\/div><\/p>\n","protected":false},"excerpt":{"rendered":"","protected":false},"author":1,"featured_media":0,"parent":0,"menu_order":0,"comment_status":"closed","ping_status":"closed","template":"100-width.php","meta":{"footnotes":""},"page_category":[],"class_list":["post-3033","page","type-page","status-publish","hentry"],"_links":{"self":[{"href":"https:\/\/pcia2.com\/es\/wp-json\/wp\/v2\/pages\/3033","targetHints":{"allow":["GET"]}}],"collection":[{"href":"https:\/\/pcia2.com\/es\/wp-json\/wp\/v2\/pages"}],"about":[{"href":"https:\/\/pcia2.com\/es\/wp-json\/wp\/v2\/types\/page"}],"author":[{"embeddable":true,"href":"https:\/\/pcia2.com\/es\/wp-json\/wp\/v2\/users\/1"}],"replies":[{"embeddable":true,"href":"https:\/\/pcia2.com\/es\/wp-json\/wp\/v2\/comments?post=3033"}],"version-history":[{"count":7,"href":"https:\/\/pcia2.com\/es\/wp-json\/wp\/v2\/pages\/3033\/revisions"}],"predecessor-version":[{"id":18521,"href":"https:\/\/pcia2.com\/es\/wp-json\/wp\/v2\/pages\/3033\/revisions\/18521"}],"wp:attachment":[{"href":"https:\/\/pcia2.com\/es\/wp-json\/wp\/v2\/media?parent=3033"}],"wp:term":[{"taxonomy":"page_category","embeddable":true,"href":"https:\/\/pcia2.com\/es\/wp-json\/wp\/v2\/page_category?post=3033"}],"curies":[{"name":"wp","href":"https:\/\/api.w.org\/{rel}","templated":true}]}}