{"id":3032,"date":"2022-05-09T13:59:08","date_gmt":"2022-05-09T13:59:08","guid":{"rendered":"https:\/\/pcia2.com\/cancelacion-de-un-abono-de-aparcamiento\/"},"modified":"2023-03-30T15:20:42","modified_gmt":"2023-03-30T15:20:42","slug":"cancelacion-de-un-abono-de-aparcamiento","status":"publish","type":"page","link":"https:\/\/pcia2.com\/es\/cancelacion-de-un-abono-de-aparcamiento\/","title":{"rendered":"Cancelaci\u00f3n de un abono de aparcamiento"},"content":{"rendered":"<p><div class=\"fusion-fullwidth fullwidth-box fusion-builder-row-1 fusion-flex-container nonhundred-percent-fullwidth non-hundred-percent-height-scrolling\" style=\"--awb-border-radius-top-left:0px;--awb-border-radius-top-right:0px;--awb-border-radius-bottom-right:0px;--awb-border-radius-bottom-left:0px;--awb-padding-top:50px;--awb-padding-bottom:25px;--awb-flex-wrap:wrap;\" ><div class=\"fusion-builder-row fusion-row fusion-flex-align-items-center fusion-flex-justify-content-center fusion-flex-content-wrap\" style=\"max-width:1248px;margin-left: calc(-4% \/ 2 );margin-right: calc(-4% \/ 2 );\"><div class=\"fusion-layout-column fusion_builder_column fusion-builder-column-0 fusion_builder_column_2_3 2_3 fusion-flex-column\" style=\"--awb-bg-size:cover;--awb-width-large:66.666666666667%;--awb-margin-top-large:0px;--awb-spacing-right-large:2.88%;--awb-margin-bottom-large:20px;--awb-spacing-left-large:2.88%;--awb-width-medium:66.666666666667%;--awb-order-medium:0;--awb-spacing-right-medium:2.88%;--awb-spacing-left-medium:2.88%;--awb-width-small:100%;--awb-order-small:0;--awb-spacing-right-small:1.92%;--awb-spacing-left-small:1.92%;\"><div class=\"fusion-column-wrapper fusion-column-has-shadow fusion-flex-justify-content-flex-start fusion-content-layout-column\"><div class=\"fusion-text fusion-text-1\"><h2>Cancelaci\u00f3n de abonos de aparcamiento<\/h2>\n<\/div><div class=\"fusion-separator\" style=\"align-self: flex-start;margin-right:auto;margin-top:-15px;margin-bottom:20px;width:100%;max-width:60px;\"><div class=\"fusion-separator-border sep-single sep-solid\" style=\"--awb-height:20px;--awb-amount:20px;--awb-sep-color:#d74026;border-color:#d74026;border-top-width:3px;\"><\/div><\/div><div class=\"fusion-text fusion-text-2\"><p>Las cuentas mensuales de aparcamiento deben ser canceladas por la parte autorizada, mediante la emisi\u00f3n de una notificaci\u00f3n de cambio por escrito a los Servicios Municipales de PCI, ya sea por correo, correo electr\u00f3nico a a2parkingadmin@municipalparking.com o utilizando el <a href=\"http:\/\/pcia2.com\/contact-us\/\">formulario de Contacto<\/a>.<\/p>\n<p>Las cancelaciones ser\u00e1n efectivas en la fecha indicada o en el momento de su recepci\u00f3n por PCI Servicios Municipales. Los reembolsos pueden procesarse tras la revisi\u00f3n del estado de la cuenta y emitirse de forma prorrateada junto con la fecha de baja, seg\u00fan determine PCI Servicios Municipales.<\/p>\n<p>Las cancelaciones efectivas desde el primer d\u00eda del mes hasta el d\u00eda 15 recibir\u00e1n un reembolso de la mitad de la tarifa mensual de la tarjeta de acceso al aparcamiento correspondiente al mes en curso. A partir de esa fecha no se reembolsar\u00e1 el importe correspondiente al mes en curso.<\/p>\n<\/div><\/div><\/div><div class=\"fusion-layout-column fusion_builder_column fusion-builder-column-1 fusion_builder_column_1_3 1_3 fusion-flex-column\" style=\"--awb-bg-size:cover;--awb-width-large:33.333333333333%;--awb-margin-top-large:0px;--awb-spacing-right-large:5.76%;--awb-margin-bottom-large:20px;--awb-spacing-left-large:5.76%;--awb-width-medium:33.333333333333%;--awb-order-medium:0;--awb-spacing-right-medium:5.76%;--awb-spacing-left-medium:5.76%;--awb-width-small:100%;--awb-order-small:0;--awb-spacing-right-small:1.92%;--awb-spacing-left-small:1.92%;\"><div class=\"fusion-column-wrapper fusion-column-has-shadow fusion-flex-justify-content-flex-start fusion-content-layout-column\"><div class=\"fusion-image-element \" style=\"--awb-caption-title-font-family:var(--h2_typography-font-family);--awb-caption-title-font-weight:var(--h2_typography-font-weight);--awb-caption-title-font-style:var(--h2_typography-font-style);--awb-caption-title-size:var(--h2_typography-font-size);--awb-caption-title-transform:var(--h2_typography-text-transform);--awb-caption-title-line-height:var(--h2_typography-line-height);--awb-caption-title-letter-spacing:var(--h2_typography-letter-spacing);\"><span class=\" fusion-imageframe imageframe-dropshadow imageframe-1 hover-type-none\" style=\"-webkit-box-shadow: 3px 3px 7px var(--awb-color7);box-shadow: 3px 3px 7px var(--awb-color7);\"><img decoding=\"async\" width=\"500\" height=\"600\" title=\"20121006-IMG_1655-scaled-p1r8s0ow36kbuaj3t12fre6fq87a8c78k75yq5ehdc\" src=\"http:\/\/pcia2.com\/wp-content\/uploads\/2022\/05\/20121006-IMG_1655-scaled-p1r8s0ow36kbuaj3t12fre6fq87a8c78k75yq5ehdc.jpg\" alt class=\"img-responsive wp-image-2547\" srcset=\"https:\/\/pcia2.com\/wp-content\/uploads\/2022\/05\/20121006-IMG_1655-scaled-p1r8s0ow36kbuaj3t12fre6fq87a8c78k75yq5ehdc-200x240.jpg 200w, https:\/\/pcia2.com\/wp-content\/uploads\/2022\/05\/20121006-IMG_1655-scaled-p1r8s0ow36kbuaj3t12fre6fq87a8c78k75yq5ehdc-400x480.jpg 400w, https:\/\/pcia2.com\/wp-content\/uploads\/2022\/05\/20121006-IMG_1655-scaled-p1r8s0ow36kbuaj3t12fre6fq87a8c78k75yq5ehdc.jpg 500w\" sizes=\"(max-width: 640px) 100vw, 400px\" \/><\/span><\/div><\/div><\/div><\/div><\/div><div class=\"fusion-fullwidth fullwidth-box fusion-builder-row-2 fusion-flex-container fusion-parallax-none nonhundred-percent-fullwidth non-hundred-percent-height-scrolling\" style=\"--awb-background-position:center bottom;--awb-background-blend-mode:overlay;--awb-border-radius-top-left:0px;--awb-border-radius-top-right:0px;--awb-border-radius-bottom-right:0px;--awb-border-radius-bottom-left:0px;--awb-padding-top:75px;--awb-padding-bottom:50px;--awb-margin-top:25px;--awb-background-color:#7fb7e2;--awb-background-image:url(&quot;http:\/\/pcia2.com\/wp-content\/uploads\/2022\/05\/whitershutterstock_1907220997.jpg&quot;);--awb-background-size:cover;--awb-flex-wrap:wrap;\" ><div class=\"fusion-builder-row fusion-row fusion-flex-align-items-flex-start fusion-flex-content-wrap\" style=\"max-width:1248px;margin-left: calc(-4% \/ 2 );margin-right: calc(-4% \/ 2 );\"><div class=\"fusion-layout-column fusion_builder_column fusion-builder-column-2 fusion_builder_column_1_1 1_1 fusion-flex-column\" style=\"--awb-bg-size:cover;--awb-width-large:100%;--awb-margin-top-large:0px;--awb-spacing-right-large:1.92%;--awb-margin-bottom-large:20px;--awb-spacing-left-large:1.92%;--awb-width-medium:100%;--awb-order-medium:0;--awb-spacing-right-medium:1.92%;--awb-spacing-left-medium:1.92%;--awb-width-small:100%;--awb-order-small:0;--awb-spacing-right-small:1.92%;--awb-spacing-left-small:1.92%;\"><div class=\"fusion-column-wrapper fusion-column-has-shadow fusion-flex-justify-content-flex-start fusion-content-layout-column\"><div class=\"fusion-text fusion-text-3\" style=\"--awb-text-color:#ffffff;--awb-margin-top:25px;\"><h2>Devoluci\u00f3n de la tarjeta de acceso<\/h2>\n<\/div><div class=\"fusion-separator\" style=\"align-self: flex-start;margin-right:auto;margin-top:-15px;margin-bottom:-15px;width:100%;max-width:60px;\"><div class=\"fusion-separator-border sep-single sep-solid\" style=\"--awb-height:20px;--awb-amount:20px;--awb-sep-color:#d74026;border-color:#d74026;border-top-width:3px;\"><\/div><\/div><div class=\"fusion-text fusion-text-4\" style=\"--awb-margin-top:25px;\"><h3>Para su comodidad, disponemos de varias opciones para devolver la tarjeta.<\/h3>\n<ul>\n<li>En persona en nuestra oficina de Maynard.<\/li>\n<li>Enviar por correo a 324 Maynard Street, Ann Arbor, MI 48104.<\/li>\n<li>D\u00e1ndoselo a uno de nuestros cajeros al salir por \u00faltima vez.<\/li>\n<\/ul>\n<\/div><div class=\"fusion-image-element \" style=\"--awb-margin-top:25px;--awb-margin-bottom:25px;--awb-caption-title-font-family:var(--h2_typography-font-family);--awb-caption-title-font-weight:var(--h2_typography-font-weight);--awb-caption-title-font-style:var(--h2_typography-font-style);--awb-caption-title-size:var(--h2_typography-font-size);--awb-caption-title-transform:var(--h2_typography-text-transform);--awb-caption-title-line-height:var(--h2_typography-line-height);--awb-caption-title-letter-spacing:var(--h2_typography-letter-spacing);\"><span class=\" fusion-imageframe imageframe-dropshadow imageframe-2 hover-type-none\" style=\"-webkit-box-shadow: 3px 3px 7px var(--awb-color7);box-shadow: 3px 3px 7px var(--awb-color7);\"><img decoding=\"async\" width=\"2560\" height=\"602\" alt=\"parking ramp and parking lot by PCI\" title=\"webmaynard-new-scaled-p1r8rkqbyepagqdeibz2gdq8oinj5od26malr16tfo\" src=\"http:\/\/pcia2.com\/wp-content\/uploads\/2022\/05\/webmaynard-new-scaled-p1r8rkqbyepagqdeibz2gdq8oinj5od26malr16tfo.jpg\" class=\"img-responsive wp-image-2552\" srcset=\"https:\/\/pcia2.com\/wp-content\/uploads\/2022\/05\/webmaynard-new-scaled-p1r8rkqbyepagqdeibz2gdq8oinj5od26malr16tfo-200x47.jpg 200w, https:\/\/pcia2.com\/wp-content\/uploads\/2022\/05\/webmaynard-new-scaled-p1r8rkqbyepagqdeibz2gdq8oinj5od26malr16tfo-400x94.jpg 400w, https:\/\/pcia2.com\/wp-content\/uploads\/2022\/05\/webmaynard-new-scaled-p1r8rkqbyepagqdeibz2gdq8oinj5od26malr16tfo-600x141.jpg 600w, https:\/\/pcia2.com\/wp-content\/uploads\/2022\/05\/webmaynard-new-scaled-p1r8rkqbyepagqdeibz2gdq8oinj5od26malr16tfo-800x188.jpg 800w, https:\/\/pcia2.com\/wp-content\/uploads\/2022\/05\/webmaynard-new-scaled-p1r8rkqbyepagqdeibz2gdq8oinj5od26malr16tfo-1200x282.jpg 1200w, https:\/\/pcia2.com\/wp-content\/uploads\/2022\/05\/webmaynard-new-scaled-p1r8rkqbyepagqdeibz2gdq8oinj5od26malr16tfo.jpg 2560w\" sizes=\"(max-width: 640px) 100vw, 1200px\" \/><\/span><\/div><\/div><\/div><\/div><\/div><div class=\"fusion-fullwidth fullwidth-box fusion-builder-row-3 fusion-flex-container nonhundred-percent-fullwidth non-hundred-percent-height-scrolling\" style=\"--awb-border-radius-top-left:0px;--awb-border-radius-top-right:0px;--awb-border-radius-bottom-right:0px;--awb-border-radius-bottom-left:0px;--awb-padding-top:10px;--awb-background-color:#d74026;--awb-flex-wrap:wrap;\" ><div class=\"fusion-builder-row fusion-row fusion-flex-align-items-center fusion-flex-justify-content-center fusion-flex-content-wrap\" style=\"max-width:1248px;margin-left: calc(-4% \/ 2 );margin-right: calc(-4% \/ 2 );\"><div class=\"fusion-layout-column fusion_builder_column fusion-builder-column-3 fusion_builder_column_2_3 2_3 fusion-flex-column\" style=\"--awb-bg-size:cover;--awb-width-large:66.666666666667%;--awb-margin-top-large:0px;--awb-spacing-right-large:2.88%;--awb-margin-bottom-large:20px;--awb-spacing-left-large:2.88%;--awb-width-medium:66.666666666667%;--awb-order-medium:0;--awb-spacing-right-medium:2.88%;--awb-spacing-left-medium:2.88%;--awb-width-small:100%;--awb-order-small:0;--awb-spacing-right-small:1.92%;--awb-spacing-left-small:1.92%;\"><div class=\"fusion-column-wrapper fusion-column-has-shadow fusion-flex-justify-content-flex-start fusion-content-layout-column\"><div class=\"fusion-text fusion-text-5\"><h3><span style=\"color: #ffffff;\">Nuestra direcci\u00f3n pone a disposici\u00f3n de nuestros clientes m\u00e1s de cinco d\u00e9cadas de experiencia municipal demostrada y ofrece asesoramiento sobre todos los aspectos de las operaciones de aparcamiento en la v\u00eda p\u00fablica y fuera de ella.<\/span><\/h3>\n<\/div><\/div><\/div><div class=\"fusion-layout-column fusion_builder_column fusion-builder-column-4 fusion_builder_column_1_3 1_3 fusion-flex-column\" style=\"--awb-bg-size:cover;--awb-width-large:33.333333333333%;--awb-margin-top-large:0px;--awb-spacing-right-large:5.76%;--awb-margin-bottom-large:20px;--awb-spacing-left-large:5.76%;--awb-width-medium:33.333333333333%;--awb-order-medium:0;--awb-spacing-right-medium:5.76%;--awb-spacing-left-medium:5.76%;--awb-width-small:100%;--awb-order-small:0;--awb-spacing-right-small:1.92%;--awb-spacing-left-small:1.92%;\"><div class=\"fusion-column-wrapper fusion-column-has-shadow fusion-flex-justify-content-flex-start fusion-content-layout-column\"><div ><a class=\"fusion-button button-flat fusion-button-default-size button-default fusion-button-default button-1 fusion-button-span-yes fusion-button-default-type\" target=\"_self\" href=\"http:\/\/pcia2.com\/contact-us\/\"><span class=\"fusion-button-text awb-button__text awb-button__text--default\">CONTACTAR CON NOSOTROS<\/span><\/a><\/div><\/div><\/div><\/div><\/div><\/p>\n","protected":false},"excerpt":{"rendered":"","protected":false},"author":1,"featured_media":0,"parent":0,"menu_order":0,"comment_status":"closed","ping_status":"closed","template":"100-width.php","meta":{"footnotes":""},"page_category":[],"class_list":["post-3032","page","type-page","status-publish","hentry"],"_links":{"self":[{"href":"https:\/\/pcia2.com\/es\/wp-json\/wp\/v2\/pages\/3032","targetHints":{"allow":["GET"]}}],"collection":[{"href":"https:\/\/pcia2.com\/es\/wp-json\/wp\/v2\/pages"}],"about":[{"href":"https:\/\/pcia2.com\/es\/wp-json\/wp\/v2\/types\/page"}],"author":[{"embeddable":true,"href":"https:\/\/pcia2.com\/es\/wp-json\/wp\/v2\/users\/1"}],"replies":[{"embeddable":true,"href":"https:\/\/pcia2.com\/es\/wp-json\/wp\/v2\/comments?post=3032"}],"version-history":[{"count":1,"href":"https:\/\/pcia2.com\/es\/wp-json\/wp\/v2\/pages\/3032\/revisions"}],"predecessor-version":[{"id":3058,"href":"https:\/\/pcia2.com\/es\/wp-json\/wp\/v2\/pages\/3032\/revisions\/3058"}],"wp:attachment":[{"href":"https:\/\/pcia2.com\/es\/wp-json\/wp\/v2\/media?parent=3032"}],"wp:term":[{"taxonomy":"page_category","embeddable":true,"href":"https:\/\/pcia2.com\/es\/wp-json\/wp\/v2\/page_category?post=3032"}],"curies":[{"name":"wp","href":"https:\/\/api.w.org\/{rel}","templated":true}]}}