{"id":2846,"date":"2022-05-08T21:06:16","date_gmt":"2022-05-08T21:06:16","guid":{"rendered":"https:\/\/pcia2.com\/terminos-y-condiciones\/"},"modified":"2023-03-30T15:19:41","modified_gmt":"2023-03-30T15:19:41","slug":"terminos-y-condiciones","status":"publish","type":"page","link":"https:\/\/pcia2.com\/es\/terminos-y-condiciones\/","title":{"rendered":"T\u00e9rminos y condiciones"},"content":{"rendered":"<div class=\"fusion-fullwidth fullwidth-box fusion-builder-row-1 fusion-flex-container nonhundred-percent-fullwidth non-hundred-percent-height-scrolling\" style=\"--awb-border-radius-top-left:0px;--awb-border-radius-top-right:0px;--awb-border-radius-bottom-right:0px;--awb-border-radius-bottom-left:0px;--awb-flex-wrap:wrap;\" ><div class=\"fusion-builder-row fusion-row fusion-flex-align-items-flex-start fusion-flex-content-wrap\" style=\"max-width:1248px;margin-left: calc(-4% \/ 2 );margin-right: calc(-4% \/ 2 );\"><div class=\"fusion-layout-column fusion_builder_column fusion-builder-column-0 fusion_builder_column_1_1 1_1 fusion-flex-column\" style=\"--awb-bg-size:cover;--awb-width-large:100%;--awb-margin-top-large:0px;--awb-spacing-right-large:1.92%;--awb-margin-bottom-large:20px;--awb-spacing-left-large:1.92%;--awb-width-medium:100%;--awb-order-medium:0;--awb-spacing-right-medium:1.92%;--awb-spacing-left-medium:1.92%;--awb-width-small:100%;--awb-order-small:0;--awb-spacing-right-small:1.92%;--awb-spacing-left-small:1.92%;\"><div class=\"fusion-column-wrapper fusion-column-has-shadow fusion-flex-justify-content-flex-start fusion-content-layout-column\"><div class=\"fusion-text fusion-text-1\"><h2>Condiciones de uso<\/h2>\n<h2>Acuerdo entre el usuario y PCI Servicios Municipales &#8211; Ann Arbor<\/h2>\n<p>El Sitio Web PCI Municipal Services &#8211; Ann Arbor incluye numerosasa p\u00e1ginas Web gestionadas por PCI Municipal Services &#8211; Ann Arbor. El Sitio Web PCI Municipal Services &#8211; Ann Arbor es ofertado al usuario a condici\u00f3n de que el usuario acepte sin modificaciones los t\u00e9rminos, las codiciones, y las comunicaciones contenidas en el presente acuerdo. La utilizaci\u00f3n del Sitio Web PCI Municipal Services &#8211; Ann Arbor por parte del usuario constituye la aceptaci\u00f3n de tales t\u00e9rminos, condiciones y comunicaciones.<\/p>\n<h2>Modificaciones de las presentes condiciones de uso<\/h2>\n<p>PCI Municipal Services &#8211; Ann Arbor se reserva el derecho de modificar los t\u00e9rminos, las condiciones, y las comunicaciones seg\u00fan los t\u00e9rminos de los cuales es ofertado el Sitio Web PCI Municipal Services &#8211; Ann Arbor, incluydo pero no limitado seg\u00fan los costes asociados al uso del Sitio Web PCI Municipal Services &#8211; Ann Arbor.<\/p>\n<h2>Enlaces a sitios de terceros<\/h2>\n<p>El Sitio Web PCI Municipal Services &#8211; Ann Arbor puede contener links a otros sitios web(\u00abLinked Sites\u00bb &#8211; \u00abSitios Conectados\u00bb). PCI Municipal Services &#8211; Ann Arbor no controla los Linked Sites\/Sitios Conectados y PCI Municipal Services &#8211; Ann Arbor no es responsable de los contenidos de los Linked Sites\/Sitios Conectados, incluido sin limitaci\u00f3n cualquier links contenido en los Linked Sites\/Sitios Conectados, o cualquier modificaci\u00f3n o actualizaci\u00f3n de un Linked Site\/Sitio Conectado. PCI Municipal Services &#8211; Ann Arbor no es responsables de los webcasting o cualquier otra forma de transmisi\u00f3n de informaci\u00f3n recibida desde cualqueir Linked Site\/Sitio Conectado. PCI Municipal Services &#8211; Ann Arbor suministra tales links solamente come ventaja, y la inclusi\u00f3n del link no implica reconocimiento alguno por parte de PCI Municipal Services &#8211; Ann Arbor del sitio o de cualquier forma de asociaci\u00f3n con sus gestores.<\/p>\n<h2>Ning\u00fan uso ilegal o prohibido<\/h2>\n<p>Como condici\u00f3n para el uso por parte del usuario del Sitio Web PCI Municipal Services &#8211; Ann Arbor, el usuario garantiza a PCI Municipal Services &#8211; Ann Arbor que no utilizar\u00e1 el Sitio Web PCI Municipal Services &#8211; Ann Arbor para finalidades ilegales o prohibidas desde estos t\u00e9rminos, condiciones y comunicaciones. Est\u00e1 prohibido utilizar el Sitio Web PCI Municipal Services &#8211; Ann Arbor de manera que pueda da\u00f1ar, deshabilitar, sobrecargar, o poner en peligro el Sitio Web PCI Municipal Services &#8211; Ann Arbor o interferir con el uso y el goce de terceras partes del Sitio Web PCI Municipal Services &#8211; Ann Arbor. El usuario no puede obtener o intentar obtener cualquier material o informaci\u00f3n mediante cualquier medio que no sea intencionalmente puesto disponible o suministrado mediante los Sitios Web de PCI Municipal Services &#8211; Ann Arbor.<\/p>\n<h2>Uso de los servicios de comunicaci\u00f3n<\/h2>\n<p>El Sitio Web PCI Municipal Services &#8211; Ann Arbor puede contener servicios de exposici\u00f3n electr\u00f3nica, \u00e1reas chat, newsgroup, foro, comunidad, p\u00e1ginas web personales, calendarios, y\/u otros servicios de comunicaci\u00f3n o mensajes creados para habilitar al usuario a comunicar con otros sujetos o con un grupo (conjuntamente, \u00abServicios de Comunicaci\u00f3n\u00bb), el usuario acepta usar los Servicios de Comuniciaci\u00f3n solamente para enviar y recibir mensajes y material apropiado y relativo al particular Servicio de Comunicaci\u00f3n. A modo de ejemplo, y no como una limitaci\u00f3n, usted acepta que al utilizar un Servicio de Comunicaci\u00f3n, no lo har\u00e1:<\/p>\n<ul>\n<li>Difamar, abusar, acosar, acechar, amenazar o violar de cualquier otro modo los derechos legales (como los derechos de privacidad y publicidad) de otros.<\/li>\n<li>Publicar, anunciar, cargar, distribuir o difundir cualquier tema, nombre, material o informaci\u00f3n inapropiados, profanos, difamatorios, infractores, obscenos, indecentes o ilegales.<\/li>\n<li>Cargar archivos que contengan software u otro material protegido por las leyes de propiedad intelectual (o por derechos de privacidad o publicidad) a menos que usted posea o controle los derechos correspondientes o haya recibido todos los consentimientos necesarios.<\/li>\n<li>Cargar archivos que contengan virus, archivos corruptos o cualquier otro software o programa similar que pueda da\u00f1ar el funcionamiento del ordenador de otra persona.<\/li>\n<li>Anunciar u ofrecer la venta o compra de bienes o servicios con fines comerciales, a menos que dicho servicio de comunicaci\u00f3n permita espec\u00edficamente este tipo de mensajes.<\/li>\n<li>Realizar o reenviar encuestas, concursos, esquemas piramidales o cartas en cadena.<\/li>\n<li>Descargar cualquier archivo publicado por otro usuario de un Servicio de Comunicaci\u00f3n que usted sepa, o razonablemente debiera saber, que no puede distribuirse legalmente de esa manera.<\/li>\n<li>Falsificar o eliminar cualquier atribuci\u00f3n de autor, aviso legal o de otro tipo, o designaciones o etiquetas de propiedad del origen o fuente del software u otro material contenido en un archivo que se cargue.<\/li>\n<li>Restringir o impedir a cualquier otro usuario el uso y disfrute de los Servicios de Comunicaci\u00f3n.<\/li>\n<li>Violar cualquier c\u00f3digo de conducta u otras directrices que puedan ser aplicables a cualquier Servicio de Comunicaci\u00f3n en particular.<\/li>\n<li>Recoger o recopilar de cualquier otro modo informaci\u00f3n sobre otras personas, incluidas direcciones de correo electr\u00f3nico, sin su consentimiento.<\/li>\n<li>Violar cualquier ley o normativa aplicable. PCI Municipal Services &#8211; Ann Arbor no tiene la obligaci\u00f3n de monitorizar los Servicios de Comunicaci\u00f3n. Sin embargo, PCI Municipal Services &#8211; Ann Arbor se reserva el derecho de revisar el material enviado a un Servicio de Comunicaci\u00f3n y de quitar cualquier material a su \u00fanica discrecci\u00f3n.<\/li>\n<\/ul>\n<p>PCI Municipal Services &#8211; Ann Arbor se reserva el derecho de suspender el acceso al usuario a cualquiera o todos los Servicios de Comunicaci\u00f3n en cualquier momento sin preaviso por cualquier motivo. PCI Municipal Services &#8211; Ann Arbor se reserva siempre el derecho de revelar cualquier informaci\u00f3n si es necesario para adaptarse a cualquier ley, regulamiento, procedimiento legal o solicitud gubernamental aplicable, o de modificar, rechazar el env\u00edo o eliminar cualquier informaci\u00f3n o material, por entero o en parte, a la discrecci\u00f3n \u00fanica de PCI Municipal Services &#8211; Ann Arbor. Sea siempre precavido al facilitar cualquier informaci\u00f3n de identificaci\u00f3n personal sobre usted o sus hijos en cualquier Servicio de Comunicaci\u00f3n. PCI Municipal Services &#8211; Ann Arbor no controla ni aprueba el contenido, mensajes y la informaci\u00f3n que se encuentra en cualquier Servicio de Comunicaci\u00f3n y, como consecuencia, PCI Municipal Services &#8211; Ann Arbor expresamente declina cada responsabilidad en relaci\u00f3n a los Servicios de Comunicaci\u00f3n y a cualquier acci\u00f3n que derive de la participaci\u00f3n del usuario a cualquier Servicio de Comunicaci\u00f3n. Los gestores y los host no son portavoces autorizados de PCI Municipal Services &#8211; Ann Arbor, y a sus parecer no reflejan necesariamente el parecer de PCI Municipal Services &#8211; Ann Arbor. Los materiales cargados en un Servicio de Comunicaci\u00f3n pueden estar sujetos a limitaciones de uso, reproducci\u00f3n y\/o difusi\u00f3n. Usted es responsable de respetar dichas limitaciones si descarga los materiales. MATERIALES SUMINISTRADOS A PCI Municipal Services &#8211; Ann Arbor O ENVIADOS A CUALQUIER SITIO WEB DE PCI Municipal Services &#8211; Ann Arbor PCI Municipal Services &#8211; Ann Arbor no reclama derechos de propiedad de los materiales suministrados por el usuario a PCI Municipal Services &#8211; Ann Arbor (incluido comentarios y sugerencias) o enviados, cargados, insertados o presentados por el usuario a cualquier Sitio Web o servicio asociado de PCI Municipal Services &#8211; Ann Arbor (conjuntamente \u00abMaterial Presentado\u00bb). Sin embargo, enviando, cargando, insertando, suministrando o presentando el Material Presentado el usuario garantiza a PCI Municipal Services &#8211; Ann Arbor, a las sociedades afiliadas y sublicenciatarias necesidades, el permiso de usar el Material Presentado por el usuario en relaci\u00f3n a la operci\u00f3n de su actividad desarrollada en Internet incluido, sin l\u00edmite, el derecho de: copiar, distribuir, transmitir, ver p\u00fablicametne, reproducir, modificar, traducir y volver a dar formato al Material Presentado por el usuario; y publicar el nombre del usuario en relaci\u00f3n a tal Material Presentado. No se pagar\u00e1 ninguna compensaci\u00f3n por el uso de su env\u00edo, seg\u00fan lo dispuesto en el presente documento. PCI Municipal Services &#8211; Ann Arbor no tiene la obligaci\u00f3n de enviar o usar alg\u00fan Material Presentado que el usuario pueda suministrar y podr\u00e1 eliminar cualquier Material Presentado en cualquier momento a su \u00fanica discrecci\u00f3n. Al publicar, cargar, introducir, suministrar o enviar su Env\u00edo, usted garantiza y declara que posee o controla de otro modo todos los derechos sobre su Env\u00edo, tal y como se describen en esta secci\u00f3n, incluidos, entre otros, todos los derechos necesarios para que usted proporcione, publique, cargue, introduzca o env\u00ede los Env\u00edos.<\/p>\n<h2>Exenci\u00f3n de responsabilidad<\/h2>\n<p>LA INFORMACI\u00d3N, EL SOFTWARE, LOS PRODUCTOS, Y LOS SERVICIOS INCLUIDOS O DISPONBILES MEDIANTE EL SITIO WEB PCI Municipal Services &#8211; Ann Arbor PUEDEN CONTENER IMPRECISIONES O ERRORES TIPOGR\u00c1FICOS. PERI\u00d3DICAMENTE SE INTRODUCEN CAMBIOS EN LA INFORMACI\u00d3N AQU\u00cd CONTENIDA. PCI Municipal Services &#8211; Ann Arbor Y\/O SUS PROVEEDORES PUEDEN REALIZAR EN CUALQUIER MOMENTO MODIFICACIONES O MEJORAS AL SITIO WEB DE PCI Municipal Services &#8211; Ann Arbor. LOS CONSEJOS QUE PUEDAN RECIBIRSE A TRAV\u00c9S DEL SITIO WEB PCI Municipal Services &#8211; Ann Arbor NO DEBERIAN TENERSE EN CUENTA PARA LA TOMA DE DECISIONES PERSONALES, M\u00c9DICAS, LEGALES O FINANCIERAS Y USTED DEBER\u00cdA CONSULTAR A UN PROFESIONAL PARA EL ASESORAMIENTO ESPEC\u00cdFICO Y A LA MEDIDA DE SU SITUACI\u00d3N. PCI Municipal Services &#8211; Ann Arbor Y\/O SUS RESPECTIVOS DISTRIBUIDORES NO ENTREGAN ALGUNA GARANT\u00cdA O DECLARACI\u00d3N EN RELACI\u00d3N A LA DISPONIBILIDAD, CONFIANZA, IDONEIDAD, TEMPESTIVIDAD Y ESMERO DE LA INFORMACI\u00d3N, DEL SOFTWARE, DE LOS PRODUCTOS, DE LOS SERVICIOS Y DE LAS RELATIVAS GR\u00c1FICAS CONTENIDAS EN LA WEB DE PCI Municipal Services &#8211; Ann Arbor PARA CUALQUIER FINALIDAD. EN LA MEDIDA M\u00c1XIMA PERMITIDA POR LA LEGISLACI\u00d3N APLICABLE, TODA ESTA INFORMACI\u00d3N, SOFTWARE, PRODUCTOS, SERVICIOS Y GR\u00c1FICOS RELACIONADOS SE PROPORCIONAN \u00abTAL CUAL\u00bb, SIN GARANT\u00cdAS NI CONDICIONES DE NING\u00daN TIPO. PCI Municipal Services &#8211; Ann Arbor Y\/O SUS PROVEEDORES RECHAZAN POR ESTE MEDIO TODAS LAS GARANT\u00cdAS Y CONDICIONES EN RELACI\u00d3N CON ESTA INFORMACI\u00d3N, SOFTWARE, PRODUSCTOS, SERVICIOS Y GR\u00c1FICOS RELACIONADOS, INCLUYENDO TODAS LAS GARANT\u00cdAS O CONDICIONES IMPL\u00cdCITAS EN LA COMERCIALIZACI\u00d3N, ADECUACI\u00d3N A UN PROP\u00d3SITO ESPEC\u00cdFICO, TITULACI\u00d3N Y\/O INFRACCI\u00d3N. EN LA MEDIDA EN LA CUAL ESTO EST\u00c1 PERMITIDO DESDE LAS LEYES APLICABLES, EN NING\u00daN CASOPCI Municipal Services &#8211; Ann Arbor Y\/O SUS RESPECTIVOS DISTRIBUIDORES PODR\u00c1N SER TOMADOS COMO RESPONSABLES POR DA\u00d1OS DIRECTOS, INDIRECTOS, MORALES, ACCIDENTALES, ESPECIALES, CONSECUENCIALES O DA\u00d1OS DE CUALQUEIR TIPO INCLUIDO, SIN LIMITACI\u00d3N DA\u00d1OS POR P\u00c9RDIDA DE USO, DATOS O PROVECHOS, DERIVADOS DESDE O CONECTADOS CON EL USO O LA EJECUCI\u00d3N DEL SITIO WEB PCI Municipal Services &#8211; Ann Arbor, CON EL RETRASO O INCAPACIDAD DE USAR EL SITIO WEB PCI Municipal Services &#8211; Ann Arbor O SUS SERVICIOS RELACIONADOS, LA PROVISI\u00d3N O FALTA DE PROVISI\u00d3N DE SERVICIOS, O DE CUALQUIER INFORMACI\u00d3N, SOFTWARE, PRODUCTO, SERVICIO Y RELATIVA GR\u00c1FICA OBTENIDA MEDIANTE EL SITIO WEB PCI Municipal Services &#8211; Ann Arbor, O DE TODOS MODOS DERIVANTES DEL USO DEL SITIO WEB PCI Municipal Services &#8211; Ann Arbor, YA SEAN TALES DA\u00d1OS BASADOS EN RESPONSABILIDAD CONTRACTUAL, HECHO IL\u00cdCITO, NEGLIGENCIA O DE OTRA MANERA, TAMBI\u00c9N EN EL CASO EN EL CUAL PCI Municipal Services &#8211; Ann Arbor O CUALQUIERA DE SUS DISTRIBUIDORES HAYAN SIDO INFORMADOS DE LA POSIBILIDAD DE TALES DA\u00d1OS. DEBIDO A QUE ALGUNOS ESTADOS\/JURISDICCIONES NO PERMITEN LA EXCLUSI\u00d3N O LIMITACI\u00d3N DE RESPONSABILIDAD POR DA\u00d1OS CONSECUENCIALES O INCIDENTALES, ES POSIBLE QUE LA LIMITACI\u00d3N ANTERIOR NO SE APLIQUE EN SU CASO. SI NO SE ENCUENTRA SATISFECHO CON ALGUNA PARTE DEL SITIO WEB DE PCI Municipal Services &#8211; Ann Arbor, O CON ALGUNO DE ESTOS T\u00c9RMINOS DE USO, SU \u00daNICO Y EXCLUSIVO REMEDIO ES DEJAR DE USAR EL SITIO WEB DE PCI Municipal Services &#8211; Ann Arbor. CONTACTO DE SERVICIO: parkingadmin@municipalparking.com<\/p>\n<h2>Rescisi\u00f3n\/restricci\u00f3n de acceso<\/h2>\n<p>PCI Municipal Services &#8211; Ann Arbor se reserva el derecho, a su \u00fanica discrecci\u00f3n, de interrumpir el acceso del usuario al Sitio Web PCI Municipal Services &#8211; Ann Arbor y los relativos servicios o cualquier parte de est\u00f3s en cualquier momento y sin preaviso. De acuerdo al alcance m\u00e1ximo permitido por la ley, este acuerdo est\u00e1 gobernado por las leyes de comercio vigentes en Espa\u00f1a y por consiguiente Usted consiente como jurisdicci\u00f3n exclusiva Almer\u00eda en todas las disputas que surjan del uso o relativas al uso del sitio Web de PCI Municipal Services &#8211; Ann Arbor. El uso del Sitio Web PCI Municipal Services &#8211; Ann Arbor no est\u00e1 autorizado en las jurisdiciones que no reconocen la validez de todas las disposiciones de estos t\u00e9rminos y condiciones, incluido sin limitaci\u00f3n este p\u00e1rrafo. El usuario acepta que no existe ninguna joint-venture, asociaci\u00f3n, relaci\u00f3n de empleo, o agencia entre el usuario mismo y PCI Municipal Services &#8211; Ann Arbor como consecuencia de este acuerdo o uso del Sitio Web PCI Municipal Services &#8211; Ann Arbor. La ejecuci\u00f3n por parte de PCI Municipal Services &#8211; Ann Arbor del presente acuerdo est\u00e1 sujeta a las leyes y procedimientos legales actuales, y ninguna parte del presente acuerdo es en derogaci\u00f3n del derecho de PCI Municipal Services &#8211; Ann Arbor de observar las solicitudes gubernamentales, judiciales y de aplicaci\u00f3n de leyes o solicitudes relativas al uso, por parte del usuario, del Sitio Web PCI Municipal Services &#8211; Ann Arbor o informaci\u00f3n suministrada o recogida por PCI Municipal Services &#8211; Ann Arbor para tal utilizaci\u00f3n. Si se determina que alguna parte de este acuerdo es inv\u00e1lida o inaplicable en virtud de la legislaci\u00f3n aplicable, incluyendo, pero no limitado a, las renuncias de garant\u00eda y limitaciones de responsabilidad establecidas anteriormente, entonces la disposici\u00f3n inv\u00e1lida o inaplicable se considerar\u00e1 sustituida por una disposici\u00f3n v\u00e1lida y aplicable que m\u00e1s se acerque a la intenci\u00f3n de la disposici\u00f3n original y el resto del acuerdo continuar\u00e1 en vigor. Salvo lo espec\u00edficado de otra manera, este acuerdo constituye el entero acuerdo entre el usuario y PCI Municipal Services &#8211; Ann Arbor en relaci\u00f3n al Sitio Web PCI Municipal Services &#8211; Ann Arbor y sustituye toda la comunicaci\u00f3n y las propuestas precedentes o contempor\u00e1neas, tanto de manera electr\u00f3nica, oral o escrita, entre el usuario y PCI Municipal Services &#8211; Ann Arbor en relaci\u00f3n al Sitio Web PCI Municipal Services &#8211; Ann Arbor. Una versi\u00f3n impresa de este acuerdo y de cualquier notificaci\u00f3n realizada en formato electr\u00f3nico ser\u00e1 admisible en procedimientos judiciales o administrativos basados en este acuerdo o relacionados con \u00e9l en la misma medida y con sujeci\u00f3n a las mismas condiciones que otros documentos y registros comerciales generados y conservados originalmente en formato impreso. Es deseo expreso de las partes que este acuerdo y todos los documentos relacionados se redacten en ingl\u00e9s.<\/p>\n<h2>Avisos sobre derechos de autor y marcas registradas:<\/h2>\n<p>Todos los contenidos del Sitio Web PCI Municipal Services &#8211; Ann Arbor son: Copyright 2022 by PCI Municipal Services &#8211; Ann Arbor y\/o sus relativos distribuidores. Todos los derechos reservados.<\/p>\n<h2>Marcas<\/h2>\n<p>Los nombres de empresas y productos reales aqu\u00ed mencionados pueden ser marcas registradas de sus respectivos propietarios. Los ejemplos de empresas, organizaciones, productos, personas y acontecimientos descritos en este documento son ficticios. No se pretende ni debe inferirse asociaci\u00f3n alguna con ninguna empresa, organizaci\u00f3n, producto, persona o acontecimiento reales. Quedan reservados todos los derechos no concedidos expresamente en el presente documento.<\/p>\n<h2>Notificaciones y procedimiento de reclamaci\u00f3n por infracci\u00f3n de los derechos de autor<\/h2>\n<p>De conformidad con el T\u00edtulo 17 del C\u00f3digo de los Estados Unidos, Secci\u00f3n 512(c)(2), las notificaciones de reclamaciones de infracci\u00f3n de derechos de autor en virtud de la legislaci\u00f3n de derechos de autor de los Estados Unidos deben enviarse al Agente designado del Proveedor de servicios. TODAS LAS CONSULTAS NO RELACIONADAS CON EL SIGUIENTE PROCEDIMIENTO NO RECIBIR\u00c1N RESPUESTA. V\u00e9ase Notificaci\u00f3n y procedimiento para presentar reclamaciones por infracci\u00f3n de derechos de autor.<\/p>\n<\/div><\/div><\/div><\/div><\/div>\n","protected":false},"excerpt":{"rendered":"","protected":false},"author":1,"featured_media":0,"parent":0,"menu_order":0,"comment_status":"closed","ping_status":"closed","template":"","meta":{"footnotes":""},"page_category":[],"class_list":["post-2846","page","type-page","status-publish","hentry"],"_links":{"self":[{"href":"https:\/\/pcia2.com\/es\/wp-json\/wp\/v2\/pages\/2846","targetHints":{"allow":["GET"]}}],"collection":[{"href":"https:\/\/pcia2.com\/es\/wp-json\/wp\/v2\/pages"}],"about":[{"href":"https:\/\/pcia2.com\/es\/wp-json\/wp\/v2\/types\/page"}],"author":[{"embeddable":true,"href":"https:\/\/pcia2.com\/es\/wp-json\/wp\/v2\/users\/1"}],"replies":[{"embeddable":true,"href":"https:\/\/pcia2.com\/es\/wp-json\/wp\/v2\/comments?post=2846"}],"version-history":[{"count":1,"href":"https:\/\/pcia2.com\/es\/wp-json\/wp\/v2\/pages\/2846\/revisions"}],"predecessor-version":[{"id":2865,"href":"https:\/\/pcia2.com\/es\/wp-json\/wp\/v2\/pages\/2846\/revisions\/2865"}],"wp:attachment":[{"href":"https:\/\/pcia2.com\/es\/wp-json\/wp\/v2\/media?parent=2846"}],"wp:term":[{"taxonomy":"page_category","embeddable":true,"href":"https:\/\/pcia2.com\/es\/wp-json\/wp\/v2\/page_category?post=2846"}],"curies":[{"name":"wp","href":"https:\/\/api.w.org\/{rel}","templated":true}]}}