{"id":2832,"date":"2022-05-06T14:12:36","date_gmt":"2022-05-06T14:12:36","guid":{"rendered":"https:\/\/pcia2.com\/preguntas-frecuentes\/"},"modified":"2023-03-30T15:19:36","modified_gmt":"2023-03-30T15:19:36","slug":"preguntas-frecuentes","status":"publish","type":"page","link":"https:\/\/pcia2.com\/es\/preguntas-frecuentes\/","title":{"rendered":"Preguntas frecuentes"},"content":{"rendered":"<p><div class=\"fusion-fullwidth fullwidth-box fusion-builder-row-1 fusion-flex-container nonhundred-percent-fullwidth non-hundred-percent-height-scrolling\" style=\"--awb-border-radius-top-left:0px;--awb-border-radius-top-right:0px;--awb-border-radius-bottom-right:0px;--awb-border-radius-bottom-left:0px;--awb-flex-wrap:wrap;\" ><div class=\"fusion-builder-row fusion-row fusion-flex-align-items-flex-start fusion-flex-content-wrap\" style=\"max-width:1248px;margin-left: calc(-4% \/ 2 );margin-right: calc(-4% \/ 2 );\"><div class=\"fusion-layout-column fusion_builder_column fusion-builder-column-0 fusion_builder_column_1_1 1_1 fusion-flex-column\" style=\"--awb-bg-size:cover;--awb-width-large:100%;--awb-margin-top-large:0px;--awb-spacing-right-large:1.92%;--awb-margin-bottom-large:20px;--awb-spacing-left-large:1.92%;--awb-width-medium:100%;--awb-order-medium:0;--awb-spacing-right-medium:1.92%;--awb-spacing-left-medium:1.92%;--awb-width-small:100%;--awb-order-small:0;--awb-spacing-right-small:1.92%;--awb-spacing-left-small:1.92%;\"><div class=\"fusion-column-wrapper fusion-column-has-shadow fusion-flex-justify-content-flex-start fusion-content-layout-column\"><div class=\"fusion-text fusion-text-1\"><h2>Respuestas a las preguntas m\u00e1s frecuentes<\/h2>\n<h3>PCI Servicios Municipales se enorgullece de servir a la comunidad de Ann Arbor para satisfacer sus necesidades de aparcamiento. Gestionamos ocho aparcamientos subterr\u00e1neos, 15 aparcamientos en superficie y m\u00e1s de 2.000 plazas de aparcamiento en la calle.<\/h3>\n<\/div><div class=\"fusion-separator\" style=\"align-self: flex-start;margin-right:auto;margin-top:-15px;margin-bottom:20px;width:100%;max-width:60px;\"><div class=\"fusion-separator-border sep-single sep-solid\" style=\"--awb-height:20px;--awb-amount:20px;--awb-sep-color:#d74026;border-color:#d74026;border-top-width:3px;\"><\/div><\/div><style type=\"text\/css\">.fusion-faqs-wrapper #accordian-1 .fusion-panel { border-color:#e2e2e2; }.fusion-faqs-wrapper #accordian-1 .fusion-panel:hover{ border-color: #e2e2e2; }.fusion-accordian #accordian-1 .panel-title a .fa-fusion-box:before{ font-size: 16px;width: 16px;}.fusion-accordian #accordian-1 .panel-title a .fa-fusion-box{ color: #0b182f;}.fusion-accordian  #accordian-1 .panel-title a{font-family:\"Montserrat\";font-style:normal;font-weight:400;}.fusion-accordian  #accordian-1 .panel-title a:not(:hover){}.fusion-accordian  #accordian-1 .toggle-content{font-family:\"Montserrat\";font-style:normal;font-weight:400;}.fusion-accordian #accordian-1 .panel-title a:hover,.fusion-accordian #accordian-1 .panel-title a.hover { color: #1d4589;}.fusion-faq-shortcode .fusion-accordian #accordian-1 .fusion-toggle-boxed-mode:hover .panel-title a { color: #1d4589;}.fusion-accordian #accordian-1.fusion-toggle-icon-unboxed .panel-title a:hover .fa-fusion-box,.fusion-accordian #accordian-1.fusion-toggle-icon-unboxed .panel-title a.hover .fa-fusion-box { color: #1d4589; }<\/style><div class=\"fusion-faq-shortcode\" style=\"\"><div class=\"fusion-faqs-wrapper\"><div class=\"accordian fusion-accordian\"><div class=\"panel-group  fusion-toggle-icon-unboxed\" id=\"accordian-1\"><div class=\"fusion-panel panel-default fusion-faq-post fusion-faq-post-3554 preguntas-generales \"><span class=\"entry-title rich-snippet-hidden\">\u00bfD\u00f3nde puedo aparcar mi moto\/ciclomotor?<\/span><span class=\"vcard rich-snippet-hidden\"><span class=\"fn\"><a href=\"https:\/\/pcia2.com\/es\/author\/admin\/\" title=\"Entradas de admin\" rel=\"author\">admin<\/a><\/span><\/span><span class=\"updated rich-snippet-hidden\">2023-06-21T14:29:32-04:00<\/span><div class=\"panel-heading\"><h4 id=\"faq_1-3554\" class=\"panel-title toggle\"><a data-toggle=\"collapse\" class=\"collapsed\" data-parent=\"#accordian-1\" data-target=\"#collapse-1-3554\" href=\"#collapse-1-3554\" aria-expanded=\"false\"><div class=\"fusion-toggle-icon-wrapper\"><div class=\"fusion-toggle-icon-wrapper-main\"><div class=\"fusion-toggle-icon-wrapper-sub\"><i class=\"fa-fusion-box active-icon awb-icon-minus\" aria-hidden=\"true\"><\/i><i class=\"fa-fusion-box inactive-icon awb-icon-plus\" aria-hidden=\"true\"><\/i><\/div><\/div><\/div><div class=\"fusion-toggle-heading\">\u00bfD\u00f3nde puedo aparcar mi moto\/ciclomotor?<\/div><\/a><\/h4><\/div><div id=\"collapse-1-3554\" aria-labelledby=\"faq_1-3554\" class=\"panel-collapse collapse\"><div class=\"panel-body toggle-content post-content\"><p>El DDA proporciona plazas de aparcamiento para motocicletas\/ciclomotores en todo Ann Arbor.<\/p>\n<p>Se puede aparcar motocicletas\/ciclomotores en los siguientes lugares:<\/p>\n<ul>\n<li>Estructura Ann &amp; Ashley<\/li>\n<li>Ayuntamiento<\/li>\n<li>Main &amp; Ann<\/li>\n<li><a href=\"http:\/\/pcia2.com\/1st-william\/\"><sup>1\u00aa<\/sup> y William<\/a><\/li>\n<li>Estructura<sup>4\u00aa<\/sup> y William<\/li>\n<li><a href=\"http:\/\/pcia2.com\/maynard\/\">Estructura Maynard<\/a><\/li>\n<li><a href=\"http:\/\/pcia2.com\/forest\/\">Estructura forestal<\/a><\/li>\n<\/ul>\n<\/div><\/div><\/div><div class=\"fusion-panel panel-default fusion-faq-post fusion-faq-post-3547 preguntas-generales \"><span class=\"entry-title rich-snippet-hidden\">Perd\u00ed mi billete y lo encontr\u00e9 despu\u00e9s de pagar la tasa por billete perdido. \u00bfC\u00f3mo solicito el reembolso?<\/span><span class=\"vcard rich-snippet-hidden\"><span class=\"fn\"><a href=\"https:\/\/pcia2.com\/es\/author\/admin\/\" title=\"Entradas de admin\" rel=\"author\">admin<\/a><\/span><\/span><span class=\"updated rich-snippet-hidden\">2023-04-03T15:22:24-04:00<\/span><div class=\"panel-heading\"><h4 id=\"faq_1-3547\" class=\"panel-title toggle\"><a data-toggle=\"collapse\" class=\"collapsed\" data-parent=\"#accordian-1\" data-target=\"#collapse-1-3547\" href=\"#collapse-1-3547\" aria-expanded=\"false\"><div class=\"fusion-toggle-icon-wrapper\"><div class=\"fusion-toggle-icon-wrapper-main\"><div class=\"fusion-toggle-icon-wrapper-sub\"><i class=\"fa-fusion-box active-icon awb-icon-minus\" aria-hidden=\"true\"><\/i><i class=\"fa-fusion-box inactive-icon awb-icon-plus\" aria-hidden=\"true\"><\/i><\/div><\/div><\/div><div class=\"fusion-toggle-heading\">Perd\u00ed mi billete y lo encontr\u00e9 despu\u00e9s de pagar la tasa por billete perdido. \u00bfC\u00f3mo solicito el reembolso?<\/div><\/a><\/h4><\/div><div id=\"collapse-1-3547\" aria-labelledby=\"faq_1-3547\" class=\"panel-collapse collapse\"><div class=\"panel-body toggle-content post-content\"><ul>\n<li>Si encuentra su billete, env\u00ede lo siguiente por correo o en persona:\n<ul>\n<li>El billete original.<\/li>\n<li>Su recibo original.<\/li>\n<li>Una breve carta indicando el motivo de su solicitud.<\/li>\n<li>Si pag\u00f3 con tarjeta de cr\u00e9dito, el n\u00famero completo y la fecha de caducidad de la tarjeta que utiliz\u00f3 para efectuar el pago.<\/li>\n<\/ul>\n<\/li>\n<li>Los reembolsos est\u00e1n sujetos a aprobaci\u00f3n y se efectuar\u00e1n en un plazo m\u00e1ximo de 30 d\u00edas.<\/li>\n<\/ul>\n<\/div><\/div><\/div><div class=\"fusion-panel panel-default fusion-faq-post fusion-faq-post-3550 preguntas-generales \"><span class=\"entry-title rich-snippet-hidden\">Soy titular de una tarjeta de alquiler mensual, \u00bfqu\u00e9 hago si la estructura dice que est\u00e1 \u00abllena\u00bb?<\/span><span class=\"vcard rich-snippet-hidden\"><span class=\"fn\"><a href=\"https:\/\/pcia2.com\/es\/author\/admin\/\" title=\"Entradas de admin\" rel=\"author\">admin<\/a><\/span><\/span><span class=\"updated rich-snippet-hidden\">2023-04-03T15:22:19-04:00<\/span><div class=\"panel-heading\"><h4 id=\"faq_1-3550\" class=\"panel-title toggle\"><a data-toggle=\"collapse\" class=\"collapsed\" data-parent=\"#accordian-1\" data-target=\"#collapse-1-3550\" href=\"#collapse-1-3550\" aria-expanded=\"false\"><div class=\"fusion-toggle-icon-wrapper\"><div class=\"fusion-toggle-icon-wrapper-main\"><div class=\"fusion-toggle-icon-wrapper-sub\"><i class=\"fa-fusion-box active-icon awb-icon-minus\" aria-hidden=\"true\"><\/i><i class=\"fa-fusion-box inactive-icon awb-icon-plus\" aria-hidden=\"true\"><\/i><\/div><\/div><\/div><div class=\"fusion-toggle-heading\">Soy titular de una tarjeta de alquiler mensual, \u00bfqu\u00e9 hago si la estructura dice que est\u00e1 \u00abllena\u00bb?<\/div><\/a><\/h4><\/div><div id=\"collapse-1-3550\" aria-labelledby=\"faq_1-3550\" class=\"panel-collapse collapse\"><div class=\"panel-body toggle-content post-content\"><p>Como aparcador mensual, siempre hay un espacio para que usted pueda aparcar en la estructura. Aunque los carteles de recuento indiquen lleno, su tarjeta de acceso funcionar\u00e1 para abrir la puerta y habr\u00e1 un espacio disponible para usted dentro de la estructura.<\/p>\n<\/div><\/div><\/div><div class=\"fusion-panel panel-default fusion-faq-post fusion-faq-post-3551 preguntas-generales \"><span class=\"entry-title rich-snippet-hidden\">\u00bfCu\u00e1les son los tipos de abonos mensuales?<\/span><span class=\"vcard rich-snippet-hidden\"><span class=\"fn\"><a href=\"https:\/\/pcia2.com\/es\/author\/admin\/\" title=\"Entradas de admin\" rel=\"author\">admin<\/a><\/span><\/span><span class=\"updated rich-snippet-hidden\">2023-04-03T15:22:19-04:00<\/span><div class=\"panel-heading\"><h4 id=\"faq_1-3551\" class=\"panel-title toggle\"><a data-toggle=\"collapse\" class=\"collapsed\" data-parent=\"#accordian-1\" data-target=\"#collapse-1-3551\" href=\"#collapse-1-3551\" aria-expanded=\"false\"><div class=\"fusion-toggle-icon-wrapper\"><div class=\"fusion-toggle-icon-wrapper-main\"><div class=\"fusion-toggle-icon-wrapper-sub\"><i class=\"fa-fusion-box active-icon awb-icon-minus\" aria-hidden=\"true\"><\/i><i class=\"fa-fusion-box inactive-icon awb-icon-plus\" aria-hidden=\"true\"><\/i><\/div><\/div><\/div><div class=\"fusion-toggle-heading\">\u00bfCu\u00e1les son los tipos de abonos mensuales?<\/div><\/a><\/h4><\/div><div id=\"collapse-1-3551\" aria-labelledby=\"faq_1-3551\" class=\"panel-collapse collapse\"><div class=\"panel-body toggle-content post-content\"><p>Existen permisos mensuales de aparcamiento en algunos aparcamientos y zonas de superficie del centro de Ann Arbor. Hay tres tipos de pases:<\/p>\n<ul>\n<li><strong>Pase est\u00e1ndar<\/strong> &#8211; Esta tarjeta de acceso permite aparcar un veh\u00edculo en la zona de aparcamiento p\u00fablico de la estructura. Estos pases permiten acceder a las instalaciones las 24 horas del d\u00eda, los 7 d\u00edas de la semana.<\/li>\n<li><strong>Pase limitado<\/strong> &#8211; El acceso est\u00e1 limitado al horario comprendido entre las 15.30 y las 9.00 horas y a los s\u00e1bados y domingos durante todo el d\u00eda. Los titulares de permisos para pernoctar no tienen restricciones de uso durante los siguientes d\u00edas festivos: A\u00f1o Nuevo, Martin L. King, President&#8217;s, Memorial, Independence, Labor, Columbus, Veterans, Thanksgiving &amp; Friday, Christmas.<\/li>\n<li><strong>Espacio reservado<\/strong> &#8211; El usuario puede aparcar un veh\u00edculo a la vez en un espacio\/garaje asignado. El arrendatario tiene la completa responsabilidad de regular y hacer cumplir el espacio asignado, incluyendo pero no limitado a remolcar veh\u00edculos no autorizados del espacio arrendado. El usuario debe mostrar el permiso en todo momento mientras est\u00e9 estacionado en el espacio.<\/li>\n<\/ul>\n<\/div><\/div><\/div><div class=\"fusion-panel panel-default fusion-faq-post fusion-faq-post-3549 preguntas-generales \"><span class=\"entry-title rich-snippet-hidden\">\u00bfC\u00f3mo anulo mi aparcamiento mensual?<\/span><span class=\"vcard rich-snippet-hidden\"><span class=\"fn\"><a href=\"https:\/\/pcia2.com\/es\/author\/admin\/\" title=\"Entradas de admin\" rel=\"author\">admin<\/a><\/span><\/span><span class=\"updated rich-snippet-hidden\">2023-04-03T15:22:28-04:00<\/span><div class=\"panel-heading\"><h4 id=\"faq_1-3549\" class=\"panel-title toggle\"><a data-toggle=\"collapse\" class=\"collapsed\" data-parent=\"#accordian-1\" data-target=\"#collapse-1-3549\" href=\"#collapse-1-3549\" aria-expanded=\"false\"><div class=\"fusion-toggle-icon-wrapper\"><div class=\"fusion-toggle-icon-wrapper-main\"><div class=\"fusion-toggle-icon-wrapper-sub\"><i class=\"fa-fusion-box active-icon awb-icon-minus\" aria-hidden=\"true\"><\/i><i class=\"fa-fusion-box inactive-icon awb-icon-plus\" aria-hidden=\"true\"><\/i><\/div><\/div><\/div><div class=\"fusion-toggle-heading\">\u00bfC\u00f3mo anulo mi aparcamiento mensual?<\/div><\/a><\/h4><\/div><div id=\"collapse-1-3549\" aria-labelledby=\"faq_1-3549\" class=\"panel-collapse collapse\"><div class=\"panel-body toggle-content post-content\"><ul>\n<li>Todas las cancelaciones deben presentarse por escrito. Puede hacerlo pasando por nuestra oficina de lunes a viernes, de 8.00 a 17.00 horas, para presentar un formulario de cancelaci\u00f3n, enviando su solicitud por fax al (734) 668-6479 o por correo electr\u00f3nico a a2parkingadmin@municipalparking.com. Por favor, aseg\u00farese de incluir el nombre en la cuenta y la fecha en la que desea que su cancelaci\u00f3n sea efectiva. Adem\u00e1s, si tiene m\u00e1s de un pase, ind\u00edquenos cu\u00e1l o cu\u00e1les cancela.<\/li>\n<li>Asimismo, le informamos de que las cancelaciones con fecha de efecto posterior al primer d\u00eda h\u00e1bil al 15 de cada mes requerir\u00e1n el pago de la mitad del importe de la factura. Despu\u00e9s del d\u00eda 15, las cancelaciones requerir\u00e1n el pago del importe total de la factura.<\/li>\n<li>Devuelva el pase a PCI Municipal Services 324 Maynard Ann Arbor, MI 48104 poco despu\u00e9s de la fecha de cancelaci\u00f3n efectiva. Si queda saldo en la cuenta despu\u00e9s de cancelarla, se aplicar\u00e1n cargos mensuales por demora cuando la cuenta est\u00e9 30 d\u00edas vencida hasta que se pague el saldo; los saldos de 90 d\u00edas se env\u00edan a cobranza.<\/li>\n<\/ul>\n<\/div><\/div><\/div><div class=\"fusion-panel panel-default fusion-faq-post fusion-faq-post-3546 preguntas-generales \"><span class=\"entry-title rich-snippet-hidden\">\u00bfC\u00f3mo reservar un abono mensual?<\/span><span class=\"vcard rich-snippet-hidden\"><span class=\"fn\"><a href=\"https:\/\/pcia2.com\/es\/author\/admin\/\" title=\"Entradas de admin\" rel=\"author\">admin<\/a><\/span><\/span><span class=\"updated rich-snippet-hidden\">2023-04-03T15:22:23-04:00<\/span><div class=\"panel-heading\"><h4 id=\"faq_1-3546\" class=\"panel-title toggle\"><a data-toggle=\"collapse\" class=\"collapsed\" data-parent=\"#accordian-1\" data-target=\"#collapse-1-3546\" href=\"#collapse-1-3546\" aria-expanded=\"false\"><div class=\"fusion-toggle-icon-wrapper\"><div class=\"fusion-toggle-icon-wrapper-main\"><div class=\"fusion-toggle-icon-wrapper-sub\"><i class=\"fa-fusion-box active-icon awb-icon-minus\" aria-hidden=\"true\"><\/i><i class=\"fa-fusion-box inactive-icon awb-icon-plus\" aria-hidden=\"true\"><\/i><\/div><\/div><\/div><div class=\"fusion-toggle-heading\">\u00bfC\u00f3mo reservar un abono mensual?<\/div><\/a><\/h4><\/div><div id=\"collapse-1-3546\" aria-labelledby=\"faq_1-3546\" class=\"panel-collapse collapse\"><div class=\"panel-body toggle-content post-content\"><p>P\u00f3ngase en contacto con la Downtown Development Authority en parking@a2dda.org o utilice este <a href=\"https:\/\/payment.rpsa2.com\/Home\/RequestMonthlyPass#FormSection\">formulario en l\u00ednea<\/a>. Pueden informarle de si tienen disponibilidad en el centro. Una vez que PCI Servicios Municipales reciba la confirmaci\u00f3n de que se le ha asignado un espacio en una estructura o lote, podemos emitir el pase. Todos los nuevos pases requieren un contrato firmado junto con el pago de la cuota de establecimiento no reembolsable y el mes de aparcamiento en curso. Esto se aplica a todas las cuentas, tanto si son nuevas como si a\u00f1aden m\u00e1s pases. Deber\u00e1 llevar un permiso de conducir v\u00e1lido y disponer de unos 15-20 minutos para recoger el pase.<\/p>\n<\/div><\/div><\/div><div class=\"fusion-panel panel-default fusion-faq-post fusion-faq-post-3545 preguntas-generales \"><span class=\"entry-title rich-snippet-hidden\">El contador indica Fuera de servicio. \u00bfQu\u00e9 debo hacer?<\/span><span class=\"vcard rich-snippet-hidden\"><span class=\"fn\"><a href=\"https:\/\/pcia2.com\/es\/author\/admin\/\" title=\"Entradas de admin\" rel=\"author\">admin<\/a><\/span><\/span><span class=\"updated rich-snippet-hidden\">2023-04-03T15:22:19-04:00<\/span><div class=\"panel-heading\"><h4 id=\"faq_1-3545\" class=\"panel-title toggle\"><a data-toggle=\"collapse\" class=\"collapsed\" data-parent=\"#accordian-1\" data-target=\"#collapse-1-3545\" href=\"#collapse-1-3545\" aria-expanded=\"false\"><div class=\"fusion-toggle-icon-wrapper\"><div class=\"fusion-toggle-icon-wrapper-main\"><div class=\"fusion-toggle-icon-wrapper-sub\"><i class=\"fa-fusion-box active-icon awb-icon-minus\" aria-hidden=\"true\"><\/i><i class=\"fa-fusion-box inactive-icon awb-icon-plus\" aria-hidden=\"true\"><\/i><\/div><\/div><\/div><div class=\"fusion-toggle-heading\">El contador indica Fuera de servicio. \u00bfQu\u00e9 debo hacer?<\/div><\/a><\/h4><\/div><div id=\"collapse-1-3545\" aria-labelledby=\"faq_1-3545\" class=\"panel-collapse collapse\"><div class=\"panel-body toggle-content post-content\"><ul>\n<li>Siempre recomendamos cambiar de parqu\u00edmetro para evitar ser multado por las autoridades.<\/li>\n<li>Por favor, p\u00f3ngase en contacto con el (734) 761-7235 para informar del contador defectuoso para que un miembro de nuestro personal de mantenimiento pueda repararlo.<\/li>\n<\/ul>\n<\/div><\/div><\/div><div class=\"fusion-panel panel-default fusion-faq-post fusion-faq-post-3470 preguntas-generales \"><span class=\"entry-title rich-snippet-hidden\">\u00bfCu\u00e1nto tiempo puedo dejar mi veh\u00edculo en las instalaciones?<\/span><span class=\"vcard rich-snippet-hidden\"><span class=\"fn\"><a href=\"https:\/\/pcia2.com\/es\/author\/admin\/\" title=\"Entradas de admin\" rel=\"author\">admin<\/a><\/span><\/span><span class=\"updated rich-snippet-hidden\">2022-05-08T20:54:12-04:00<\/span><div class=\"panel-heading\"><h4 id=\"faq_1-3470\" class=\"panel-title toggle\"><a data-toggle=\"collapse\" class=\"collapsed\" data-parent=\"#accordian-1\" data-target=\"#collapse-1-3470\" href=\"#collapse-1-3470\" aria-expanded=\"false\"><div class=\"fusion-toggle-icon-wrapper\"><div class=\"fusion-toggle-icon-wrapper-main\"><div class=\"fusion-toggle-icon-wrapper-sub\"><i class=\"fa-fusion-box active-icon awb-icon-minus\" aria-hidden=\"true\"><\/i><i class=\"fa-fusion-box inactive-icon awb-icon-plus\" aria-hidden=\"true\"><\/i><\/div><\/div><\/div><div class=\"fusion-toggle-heading\">\u00bfCu\u00e1nto tiempo puedo dejar mi veh\u00edculo en las instalaciones?<\/div><\/a><\/h4><\/div><div id=\"collapse-1-3470\" aria-labelledby=\"faq_1-3470\" class=\"panel-collapse collapse\"><div class=\"panel-body toggle-content post-content\"><p>Los coches pueden estar aparcados hasta 72 horas en la mayor\u00eda de las instalaciones. Cualquier veh\u00edculo que permanezca m\u00e1s de 72 horas ser\u00e1 remolcado o arrancado por cuenta y responsabilidad del propietario. Compruebe siempre las se\u00f1ales colocadas en la puerta de entrada para obtener informaci\u00f3n espec\u00edfica sobre el aparcamiento en esa instalaci\u00f3n.<\/p>\n<\/div><\/div><\/div><\/div><\/div><\/div><\/div><\/div><\/div><\/div><\/div><div class=\"fusion-fullwidth fullwidth-box fusion-builder-row-2 fusion-flex-container nonhundred-percent-fullwidth non-hundred-percent-height-scrolling\" style=\"--awb-border-radius-top-left:0px;--awb-border-radius-top-right:0px;--awb-border-radius-bottom-right:0px;--awb-border-radius-bottom-left:0px;--awb-padding-top:10px;--awb-margin-top:50px;--awb-background-color:#d74026;--awb-flex-wrap:wrap;\" ><div class=\"fusion-builder-row fusion-row fusion-flex-align-items-center fusion-flex-justify-content-center fusion-flex-content-wrap\" style=\"max-width:1248px;margin-left: calc(-4% \/ 2 );margin-right: calc(-4% \/ 2 );\"><div class=\"fusion-layout-column fusion_builder_column fusion-builder-column-1 fusion_builder_column_2_3 2_3 fusion-flex-column\" style=\"--awb-bg-size:cover;--awb-width-large:66.666666666667%;--awb-margin-top-large:0px;--awb-spacing-right-large:2.88%;--awb-margin-bottom-large:20px;--awb-spacing-left-large:2.88%;--awb-width-medium:66.666666666667%;--awb-order-medium:0;--awb-spacing-right-medium:2.88%;--awb-spacing-left-medium:2.88%;--awb-width-small:100%;--awb-order-small:0;--awb-spacing-right-small:1.92%;--awb-spacing-left-small:1.92%;\"><div class=\"fusion-column-wrapper fusion-column-has-shadow fusion-flex-justify-content-flex-start fusion-content-layout-column\"><div class=\"fusion-text fusion-text-2\"><h3><span style=\"color: #ffffff;\">Nuestra direcci\u00f3n pone a disposici\u00f3n de nuestros clientes m\u00e1s de cinco d\u00e9cadas de experiencia municipal demostrada y ofrece asesoramiento sobre todos los aspectos de las operaciones de aparcamiento en la v\u00eda p\u00fablica y fuera de ella.<\/span><\/h3>\n<\/div><\/div><\/div><div class=\"fusion-layout-column fusion_builder_column fusion-builder-column-2 fusion_builder_column_1_3 1_3 fusion-flex-column\" style=\"--awb-bg-size:cover;--awb-width-large:33.333333333333%;--awb-margin-top-large:0px;--awb-spacing-right-large:5.76%;--awb-margin-bottom-large:20px;--awb-spacing-left-large:5.76%;--awb-width-medium:33.333333333333%;--awb-order-medium:0;--awb-spacing-right-medium:5.76%;--awb-spacing-left-medium:5.76%;--awb-width-small:100%;--awb-order-small:0;--awb-spacing-right-small:1.92%;--awb-spacing-left-small:1.92%;\"><div class=\"fusion-column-wrapper fusion-column-has-shadow fusion-flex-justify-content-flex-start fusion-content-layout-column\"><div ><a class=\"fusion-button button-flat fusion-button-default-size button-default fusion-button-default button-1 fusion-button-span-yes fusion-button-default-type\" target=\"_self\" href=\"http:\/\/pcia2.com\/contact-us\/\"><span class=\"fusion-button-text awb-button__text awb-button__text--default\">CONTACTAR CON NOSOTROS<\/span><\/a><\/div><\/div><\/div><\/div><\/div><\/p>\n","protected":false},"excerpt":{"rendered":"","protected":false},"author":1,"featured_media":0,"parent":0,"menu_order":0,"comment_status":"closed","ping_status":"closed","template":"100-width.php","meta":{"footnotes":""},"page_category":[],"class_list":["post-2832","page","type-page","status-publish","hentry"],"_links":{"self":[{"href":"https:\/\/pcia2.com\/es\/wp-json\/wp\/v2\/pages\/2832","targetHints":{"allow":["GET"]}}],"collection":[{"href":"https:\/\/pcia2.com\/es\/wp-json\/wp\/v2\/pages"}],"about":[{"href":"https:\/\/pcia2.com\/es\/wp-json\/wp\/v2\/types\/page"}],"author":[{"embeddable":true,"href":"https:\/\/pcia2.com\/es\/wp-json\/wp\/v2\/users\/1"}],"replies":[{"embeddable":true,"href":"https:\/\/pcia2.com\/es\/wp-json\/wp\/v2\/comments?post=2832"}],"version-history":[{"count":1,"href":"https:\/\/pcia2.com\/es\/wp-json\/wp\/v2\/pages\/2832\/revisions"}],"predecessor-version":[{"id":2855,"href":"https:\/\/pcia2.com\/es\/wp-json\/wp\/v2\/pages\/2832\/revisions\/2855"}],"wp:attachment":[{"href":"https:\/\/pcia2.com\/es\/wp-json\/wp\/v2\/media?parent=2832"}],"wp:term":[{"taxonomy":"page_category","embeddable":true,"href":"https:\/\/pcia2.com\/es\/wp-json\/wp\/v2\/page_category?post=2832"}],"curies":[{"name":"wp","href":"https:\/\/api.w.org\/{rel}","templated":true}]}}