{"id":2793,"date":"2022-05-03T16:08:55","date_gmt":"2022-05-03T16:08:55","guid":{"rendered":"https:\/\/pcia2.com\/politica-de-privacidad\/"},"modified":"2023-03-30T15:17:10","modified_gmt":"2023-03-30T15:17:10","slug":"politica-de-privacidad","status":"publish","type":"page","link":"https:\/\/pcia2.com\/es\/politica-de-privacidad\/","title":{"rendered":"Pol\u00edtica de privacidad"},"content":{"rendered":"<div class=\"fusion-fullwidth fullwidth-box fusion-builder-row-1 fusion-flex-container nonhundred-percent-fullwidth non-hundred-percent-height-scrolling\" style=\"--awb-border-radius-top-left:0px;--awb-border-radius-top-right:0px;--awb-border-radius-bottom-right:0px;--awb-border-radius-bottom-left:0px;--awb-flex-wrap:wrap;\" ><div class=\"fusion-builder-row fusion-row fusion-flex-align-items-flex-start fusion-flex-content-wrap\" style=\"max-width:1248px;margin-left: calc(-4% \/ 2 );margin-right: calc(-4% \/ 2 );\"><div class=\"fusion-layout-column fusion_builder_column fusion-builder-column-0 fusion_builder_column_1_1 1_1 fusion-flex-column\" style=\"--awb-bg-size:cover;--awb-width-large:100%;--awb-margin-top-large:0px;--awb-spacing-right-large:1.92%;--awb-margin-bottom-large:20px;--awb-spacing-left-large:1.92%;--awb-width-medium:100%;--awb-order-medium:0;--awb-spacing-right-medium:1.92%;--awb-spacing-left-medium:1.92%;--awb-width-small:100%;--awb-order-small:0;--awb-spacing-right-small:1.92%;--awb-spacing-left-small:1.92%;\"><div class=\"fusion-column-wrapper fusion-column-has-shadow fusion-flex-justify-content-flex-start fusion-content-layout-column\"><div class=\"fusion-text fusion-text-1\"><h2>Declaraci\u00f3n de confidencialidad<\/h2>\n<p>PCI Municipal Services &#8211; Ann Arbor se compromete a proteger su privacidad y la tecnolog\u00eda de desarrollo que le brinda la experiencia en l\u00ednea m\u00e1s potente y segura. Esta Declaraci\u00f3n de Privacidad est\u00e1 relacionada con el sitio Web de PCI Municipal Services &#8211; Ann Arbor y abarca la recolecci\u00f3n de datos y su uso. Al utilizar el sitio webPCI Municipal Services &#8211; Ann Arbor, usted acepta las pr\u00e1cticas utilizadas en relaci\u00f3n a los datos que se describen en esta declaraci\u00f3n.<\/p>\n<h2>Recogida de sus datos personales<\/h2>\n<p>PCI Municipal Services &#8211; Ann Arbor recopila informaci\u00f3n de identificaci\u00f3n personal, como la direcci\u00f3n de correo electr\u00f3nico, el nombre, la direcci\u00f3n del trabajo o de casa o el n\u00famero de tel\u00e9fono. PCI Municipal Services &#8211; Ann Arbor tambi\u00e9n recaba informaci\u00f3n demogr\u00e1fica an\u00f3nima, en el sentido que no es aplicable s\u00f3lo a Usted, como por ejemplo el c\u00f3digo postal, edad, sexo, preferencias, intereses y favoritos. Tambi\u00e9n existe informaci\u00f3n acerca del hardware y software de su ordenador personal que PCI Municipal Services &#8211; Ann Arbor recaba autom\u00e1ticamente. Esta informaci\u00f3n puede incluir: su direcci\u00f3n IP, tipo de navegador, nombres de dominio, horas de acceso y direcciones de sitios web de referencia. Esta informaci\u00f3n es utilizada por PCI Municipal Services &#8211; Ann Arbor para el funcionamiento del servicio, para mantener la calidad del servicio prestado y para brindar estad\u00edsticas generales acerca del uso del sitio PCI Municipal Services &#8211; Ann Arbor. Por favor tenga en cuenta que si Usted divulga directamente informaci\u00f3n de identificaci\u00f3n personal o datos privados a trav\u00e9s de las herramientas p\u00fablicas de comunicaci\u00f3n en l\u00ednea ofrecidas por PCI Municipal Services &#8211; Ann Arbor, dicha informaci\u00f3n puede ser recogida y usada por otros. Nota: PCI Municipal Services &#8211; Ann Arbor no lee ninguna de sus comunicaciones en l\u00ednea privadas. PCI Municipal Services &#8211; Ann Arbor le estimula a revisar las declaraciones de privacidad de los sitios Web a los que decide conectarse desde PCI Municipal Services &#8211; Ann Arbor de manera que pueda comprender c\u00f3mo recogen \u00e9stos su informaci\u00f3n y si eventualmente la comparten con otros. PCI Municipal Services &#8211; Ann Arbor no es responsable de las declaraciones de privacidad ni de otros contenidos que se encuentren en sitios Web fuera de PCI Municipal Services &#8211; Ann Arbor y de la familia de sitios Web de PCI Municipal Services &#8211; Ann Arbor.<\/p>\n<h2>Uso de sus datos personales<\/h2>\n<p>PCI Municipal Services &#8211; Ann Arbor recaba y utiliza su informaci\u00f3n personal para operar el sitio Web PCI Municipal Services &#8211; Ann Arbor y brindarle los servicios que Usted haya solicitado. PCI Municipal Services &#8211; Ann Arbor tambi\u00e9n utiliza la informaci\u00f3n de su identificaci\u00f3n personal para informarlo acerca de otros productos o servicios disponibles en PCI Municipal Services &#8211; Ann Arbor y sus subsidiarias. PCI Municipal Services &#8211; Ann Arbor puede tambi\u00e9n ponerse en contacto con el usuario mediante encuestas, para conocer su opini\u00f3n sobre los servicios prestados actualmente o potenciales servicios a ofrecer en el futuro. PCI Municipal Services &#8211; Ann Arbor no vende, alquila o arrienda su lista de clientes a terceras partes. Espor\u00e1dicamente PCI Municipal Services &#8211; Ann Arbor puede contactarle de parte de socios de negocios externos para ofrecerle alguna oferta particular que pueda ser de su inter\u00e9s. En esos casos, su informaci\u00f3n personal identificable (correo electr\u00f3nico, nombre, direcci\u00f3n, n\u00famero de tel\u00e9fono) no se transfiere al tercero. Adem\u00e1s, PCI Municipal Services &#8211; Ann Arbor s\u00ed puede compartir datos con socios fiables que ayudan y\/o en los que delega el an\u00e1lisis estad\u00edstico, el env\u00edo de correo electr\u00f3nico o postal, la atenci\u00f3n al cliente, o los arreglos para la distribuci\u00f3n y entrega. Est\u00e1 prohibida a todos los terceros la utilizaci\u00f3n de su informaci\u00f3n personal con excepci\u00f3n de proporcionar estos servicios a PCI Municipal Services &#8211; Ann Arbor, y se les pide que mantengan la confidencialidad de su informaci\u00f3n. PCI Municipal Services &#8211; Ann Arbor no utiliza ni divulga informaci\u00f3n personal privada como raza, religi\u00f3n o afiliaciones pol\u00edticas sin su consentimiento expreso. PCI Municipal Services &#8211; Ann Arbor comprueba los sitios Web y las p\u00e1ginas que visitan nuestros clientes dentro de PCI Municipal Services &#8211; Ann Arbor, para poder determinar cu\u00e1les son los servicios de PCI Municipal Services &#8211; Ann Arbor m\u00e1s populares. Estos datos son utilizados para presentar contenidos y publicidades personalizadas en el sitio de PCI Municipal Services &#8211; Ann Arbor a clientes cuyo comportamiento indica que tienen un particular inter\u00e9s en un \u00e1rea determinada. Los sitios web de PCI Municipal Services &#8211; Ann Arbor divulgar\u00e1n su informaci\u00f3n personal, sin previo aviso, s\u00f3lo si as\u00ed lo exige la ley o si se cree de buena fe que dicha acci\u00f3n es necesaria para: (a) ajustarse a los edictos de la ley o cumplir con procesos legales notificados a PCI Municipal Services &#8211; Ann Arbor o al sitio; (b) proteger y defender los derechos o la propiedad de PCI Municipal Services &#8211; Ann Arbor; y, (c) actuar en circunstancias apremiantes para proteger la seguridad personal de los usuarios de PCI Servicios Municipales &#8211; Ann Arbor, o del p\u00fablico.<\/p>\n<h2>Uso de cookies<\/h2>\n<p>El sitio web PCI Municipal Services &#8211; Ann Arbor utiliza \u00abcookies\u00bb para ayudarle a personalizar su experiencia online. Una cookie es un archivo de texto que un servidor de p\u00e1ginas web coloca en su disco duro. Las cookies no pueden utilizarse para ejecutar programas o enviar virus a su ordenador. Las cookies se le asignan a usted de forma exclusiva, y s\u00f3lo pueden ser le\u00eddas por un servidor web en el dominio que emiti\u00f3 la cookie para usted. Uno de los principales objetivos de las cookies es proporcionar una funci\u00f3n pr\u00e1ctica que le ahorre tiempo. El prop\u00f3sito de una cookie es indicar al servidor web que usted ha regresado a una p\u00e1gina espec\u00edfica. Por ejemplo, si usted personaliza PCI Municipal Services &#8211; Ann Arbor las p\u00e1ginas, o se registra en PCI Municipal Services &#8211; Ann Arbor un sitio o en un servicio, una cookie puede ayudarle PCI Municipal Services &#8211; Ann Arbor a remitir su espec\u00edfica informaci\u00f3n para las visitas siguientes. Esto simplifica el proceso de registro de su informaci\u00f3n personal, como direcciones de facturaci\u00f3n, direcciones de env\u00edo, etc. Cuando regresa al mismo PCI Municipal Services &#8211; Ann Arbor sitio Web, la informaci\u00f3n que ya ha proporcionado puede ser recuperada, de esta manera puede utilizar simplemente las PCI Municipal Services &#8211; Ann Arbor caracter\u00edsticas que ha personalizado. Usted tiene la posibilidad de aceptar o rechazar las cookies. La mayor\u00eda de los navegadores web aceptan autom\u00e1ticamente las cookies, pero normalmente puede modificar la configuraci\u00f3n de su navegador para rechazarlas si lo prefiere. Si escoge que el explorador rechace cookies, es probable que no pueda aprovechar en su totalidad las caracter\u00edsticas interactivas de los servicios ofrecidos en PCI Municipal Services &#8211; Ann Arbor o en los sitios Web que visite.<\/p>\n<h2>Seguridad de sus datos personales<\/h2>\n<p>PCI Municipal Services &#8211; Ann Arbor asegura su informaci\u00f3n personal frente al acceso, uso o divulgaci\u00f3n no autorizados. PCI Municipal Services &#8211; Ann Arbor mantiene la informaci\u00f3n de identificaci\u00f3n personal que Usted haya provisto, en servidores ubicados en un ambiente controlado y seguro, protegidos del acceso, uso o divulgaci\u00f3n no autorizados. Cuando se transmite informaci\u00f3n personal (como el n\u00famero de una tarjeta de cr\u00e9dito) a otros sitios web, \u00e9sta se protege mediante el uso de cifrado, como el protocolo Secure Socket Layer (SSL).<\/p>\n<h2>Cambios en esta declaraci\u00f3n<\/h2>\n<p>PCI Municipal Services &#8211; Ann Arbor podr\u00e1 ocasionalmente actualizar esta Declaraci\u00f3n de Privacidad para reflejar las sugerencias tanto de la compa\u00f1\u00eda como de los clientes. En PCI Municipal Services &#8211; Ann Arbor le alentamos a que revise peri\u00f3dicamente esta Declaraci\u00f3n para estar informado de c\u00f3mo PCI Municipal Services &#8211; Ann Arbor protege su informaci\u00f3n.<\/p>\n<h2>Informaci\u00f3n de contacto<\/h2>\n<p>PCI Municipal Services &#8211; Ann Arbor agradece sus comentarios relativos a esta Declaraci\u00f3n de Privacidad. En caso de que usted considere que PCI Municipal Services &#8211; Ann Arbor no est\u00e1 conforme con esta Norma, se le ruega ponerse en contacto PCI Municipal Services &#8211; Ann Arbor por<span data-sheets-value=\"{\" data-sheets-userformat=\"{\" data-sheets-hyperlink=\"mailto:parkingadmin@municipalparking.com\">a2parkingadmin@municipalparking.com<\/span>. Haremos todos los esfuerzos comercialmente razonables para determinar y solucionar el problema lo antes posible.<\/p>\n<\/div><\/div><\/div><\/div><\/div>\n","protected":false},"excerpt":{"rendered":"","protected":false},"author":1,"featured_media":0,"parent":0,"menu_order":0,"comment_status":"closed","ping_status":"open","template":"","meta":{"footnotes":""},"page_category":[],"class_list":["post-2793","page","type-page","status-publish","hentry"],"_links":{"self":[{"href":"https:\/\/pcia2.com\/es\/wp-json\/wp\/v2\/pages\/2793","targetHints":{"allow":["GET"]}}],"collection":[{"href":"https:\/\/pcia2.com\/es\/wp-json\/wp\/v2\/pages"}],"about":[{"href":"https:\/\/pcia2.com\/es\/wp-json\/wp\/v2\/types\/page"}],"author":[{"embeddable":true,"href":"https:\/\/pcia2.com\/es\/wp-json\/wp\/v2\/users\/1"}],"replies":[{"embeddable":true,"href":"https:\/\/pcia2.com\/es\/wp-json\/wp\/v2\/comments?post=2793"}],"version-history":[{"count":2,"href":"https:\/\/pcia2.com\/es\/wp-json\/wp\/v2\/pages\/2793\/revisions"}],"predecessor-version":[{"id":2802,"href":"https:\/\/pcia2.com\/es\/wp-json\/wp\/v2\/pages\/2793\/revisions\/2802"}],"wp:attachment":[{"href":"https:\/\/pcia2.com\/es\/wp-json\/wp\/v2\/media?parent=2793"}],"wp:term":[{"taxonomy":"page_category","embeddable":true,"href":"https:\/\/pcia2.com\/es\/wp-json\/wp\/v2\/page_category?post=2793"}],"curies":[{"name":"wp","href":"https:\/\/api.w.org\/{rel}","templated":true}]}}